{"id":4514,"date":"2025-08-06T10:46:01","date_gmt":"2025-08-06T08:46:01","guid":{"rendered":"https:\/\/todocarritos.com\/carrinho-de-cafe-premium"},"modified":"2025-09-26T13:13:39","modified_gmt":"2025-09-26T11:13:39","slug":"carrinho-de-cafe-premium","status":"publish","type":"product","link":"https:\/\/todocarritos.com\/pt\/carrinho-de-cafe-premium","title":{"rendered":"Carrinho de caf\u00e9 Premium"},"content":{"rendered":"","protected":false},"excerpt":{"rendered":"<p><strong>Transforma o teu neg\u00f3cio com o carrinho de caf\u00e9 Premium<\/strong>. Este carrinho de caf\u00e9 foi concebido para te oferecer a m\u00e1xima funcionalidade e est\u00e9tica. Com uma <strong>cobertura colorida padr\u00e3o<\/strong>, um <strong>balc\u00e3o branco ou em a\u00e7o inoxid\u00e1vel<\/strong> e rod\u00edzios de alta qualidade, \u00e9 ideal para eventos, caf\u00e9s m\u00f3veis ou pontos de venda tempor\u00e1rios.<\/p>\n<p>*Os acess\u00f3rios n\u00e3o est\u00e3o inclu\u00eddos.<\/p>\n","protected":false},"featured_media":4516,"comment_status":"open","ping_status":"closed","template":"","meta":{"_acf_changed":false},"product_brand":[],"product_cat":[387,388,389,390],"class_list":{"0":"post-4514","1":"product","2":"type-product","3":"status-publish","4":"has-post-thumbnail","6":"product_cat-carrinhos-de-bebidas","7":"product_cat-carrinhos-de-cafe","8":"product_cat-carrinhos-de-feira","9":"product_cat-carrinhos-para-eventos","11":"first","12":"instock","13":"taxable","14":"shipping-taxable","15":"product-type-simple"},"acf":[],"_links":{"self":[{"href":"https:\/\/todocarritos.com\/pt\/wp-json\/wp\/v2\/product\/4514","targetHints":{"allow":["GET"]}}],"collection":[{"href":"https:\/\/todocarritos.com\/pt\/wp-json\/wp\/v2\/product"}],"about":[{"href":"https:\/\/todocarritos.com\/pt\/wp-json\/wp\/v2\/types\/product"}],"replies":[{"embeddable":true,"href":"https:\/\/todocarritos.com\/pt\/wp-json\/wp\/v2\/comments?post=4514"}],"wp:featuredmedia":[{"embeddable":true,"href":"https:\/\/todocarritos.com\/pt\/wp-json\/wp\/v2\/media\/4516"}],"wp:attachment":[{"href":"https:\/\/todocarritos.com\/pt\/wp-json\/wp\/v2\/media?parent=4514"}],"wp:term":[{"taxonomy":"product_brand","embeddable":true,"href":"https:\/\/todocarritos.com\/pt\/wp-json\/wp\/v2\/product_brand?post=4514"},{"taxonomy":"product_cat","embeddable":true,"href":"https:\/\/todocarritos.com\/pt\/wp-json\/wp\/v2\/product_cat?post=4514"}],"curies":[{"name":"wp","href":"https:\/\/api.w.org\/{rel}","templated":true}]}}