{"id":4511,"date":"2025-08-06T10:46:18","date_gmt":"2025-08-06T08:46:18","guid":{"rendered":"https:\/\/todocarritos.com\/carrinho-de-cafe-deluxe"},"modified":"2025-08-06T10:46:18","modified_gmt":"2025-08-06T08:46:18","slug":"carrinho-de-cafe-deluxe","status":"publish","type":"product","link":"https:\/\/todocarritos.com\/pt\/carrinho-de-cafe-deluxe","title":{"rendered":"Carrinho de caf\u00e9 Deluxe"},"content":{"rendered":"","protected":false},"excerpt":{"rendered":"<p><strong>Aumenta as tuas vendas com um carrinho de caf\u00e9 profissional, m\u00f3vel e pronto a ser personalizado.<\/strong>  O carrinho de caf\u00e9 Deluxe combina um design elegante, visibilidade com uma cobertura colorida especial e mobilidade est\u00e1vel gra\u00e7as \u00e0s suas rodas refor\u00e7adas. Ideal para caf\u00e9s m\u00f3veis, eventos e pontos de venda tempor\u00e1rios.<\/p>\n<p>*Os acess\u00f3rios n\u00e3o est\u00e3o inclu\u00eddos.<\/p>\n","protected":false},"featured_media":4512,"comment_status":"open","ping_status":"closed","template":"","meta":{"_acf_changed":false},"product_brand":[],"product_cat":[387,388,389,390],"class_list":{"0":"post-4511","1":"product","2":"type-product","3":"status-publish","4":"has-post-thumbnail","6":"product_cat-carrinhos-de-bebidas","7":"product_cat-carrinhos-de-cafe","8":"product_cat-carrinhos-de-feira","9":"product_cat-carrinhos-para-eventos","11":"first","12":"instock","13":"taxable","14":"shipping-taxable","15":"product-type-simple"},"acf":[],"_links":{"self":[{"href":"https:\/\/todocarritos.com\/pt\/wp-json\/wp\/v2\/product\/4511","targetHints":{"allow":["GET"]}}],"collection":[{"href":"https:\/\/todocarritos.com\/pt\/wp-json\/wp\/v2\/product"}],"about":[{"href":"https:\/\/todocarritos.com\/pt\/wp-json\/wp\/v2\/types\/product"}],"replies":[{"embeddable":true,"href":"https:\/\/todocarritos.com\/pt\/wp-json\/wp\/v2\/comments?post=4511"}],"wp:featuredmedia":[{"embeddable":true,"href":"https:\/\/todocarritos.com\/pt\/wp-json\/wp\/v2\/media\/4512"}],"wp:attachment":[{"href":"https:\/\/todocarritos.com\/pt\/wp-json\/wp\/v2\/media?parent=4511"}],"wp:term":[{"taxonomy":"product_brand","embeddable":true,"href":"https:\/\/todocarritos.com\/pt\/wp-json\/wp\/v2\/product_brand?post=4511"},{"taxonomy":"product_cat","embeddable":true,"href":"https:\/\/todocarritos.com\/pt\/wp-json\/wp\/v2\/product_cat?post=4511"}],"curies":[{"name":"wp","href":"https:\/\/api.w.org\/{rel}","templated":true}]}}