{"id":4497,"date":"2025-07-21T12:41:10","date_gmt":"2025-07-21T10:41:10","guid":{"rendered":"https:\/\/todocarritos.com\/sobre-nos"},"modified":"2025-09-30T14:16:57","modified_gmt":"2025-09-30T12:16:57","slug":"sobre-nos","status":"publish","type":"page","link":"https:\/\/todocarritos.com\/pt\/sobre-nos","title":{"rendered":"Sobre n\u00f3s"},"content":{"rendered":"\t\t<div data-elementor-type=\"wp-page\" data-elementor-id=\"4497\" class=\"elementor elementor-4497 elementor-601\" data-elementor-post-type=\"page\">\n\t\t\t\t<div class=\"elementor-element elementor-element-7d30ef7 e-flex e-con-boxed e-con e-parent\" data-id=\"7d30ef7\" data-element_type=\"container\">\n\t\t\t\t\t<div class=\"e-con-inner\">\n\t\t<div class=\"elementor-element elementor-element-e8b11bb e-con-full e-flex e-con e-child\" data-id=\"e8b11bb\" data-element_type=\"container\">\n\t\t\t\t<div class=\"elementor-element elementor-element-324fe42 elementor-widget elementor-widget-heading\" data-id=\"324fe42\" data-element_type=\"widget\" data-widget_type=\"heading.default\">\n\t\t\t\t\t<h1 class=\"elementor-heading-title elementor-size-default\">Quem somos n\u00f3s?<\/h1>\t\t\t\t<\/div>\n\t\t\t\t<div class=\"elementor-element elementor-element-f4894fe elementor-widget elementor-widget-text-editor\" data-id=\"f4894fe\" data-element_type=\"widget\" data-widget_type=\"text-editor.default\">\n\t\t\t\t\t\t\t\t\t<p>A TODOCARRITOS.COM \u00e9 uma empresa especializada no design e fabrico de todo o tipo de carrinhos para particulares e empresas, sejam eles para uso alimentar ou promocional. Temos um intenso percurso, no qual grandes empresas e marcas importantes confiaram. Convidamo-lo a descobrir os nossos trabalhos.  <\/p>\t\t\t\t\t\t\t\t<\/div>\n\t\t\t\t<\/div>\n\t\t<div class=\"elementor-element elementor-element-5adce59 e-con-full e-flex e-con e-child\" data-id=\"5adce59\" data-element_type=\"container\">\n\t\t\t\t<div class=\"elementor-element elementor-element-cce3317 elementor-widget elementor-widget-image\" data-id=\"cce3317\" data-element_type=\"widget\" data-widget_type=\"image.default\">\n\t\t\t\t\t\t\t\t\t\t\t\t\t\t\t<img fetchpriority=\"high\" decoding=\"async\" width=\"800\" height=\"450\" src=\"https:\/\/todocarritos.com\/wp-content\/uploads\/2025\/09\/equipo-1-1024x576.webp\" class=\"attachment-large size-large wp-image-5786\" alt=\"equipo\" srcset=\"https:\/\/todocarritos.com\/wp-content\/uploads\/2025\/09\/equipo-1-1024x576.webp 1024w, https:\/\/todocarritos.com\/wp-content\/uploads\/2025\/09\/equipo-1-300x169.webp 300w, https:\/\/todocarritos.com\/wp-content\/uploads\/2025\/09\/equipo-1-768x432.webp 768w, https:\/\/todocarritos.com\/wp-content\/uploads\/2025\/09\/equipo-1-1536x864.webp 1536w, https:\/\/todocarritos.com\/wp-content\/uploads\/2025\/09\/equipo-1-600x338.webp 600w, https:\/\/todocarritos.com\/wp-content\/uploads\/2025\/09\/equipo-1.webp 1920w\" sizes=\"(max-width: 800px) 100vw, 800px\" title=\"\">\t\t\t\t\t\t\t\t\t\t\t\t\t\t\t<\/div>\n\t\t\t\t<\/div>\n\t\t\t\t\t<\/div>\n\t\t\t\t<\/div>\n\t\t<div class=\"elementor-element elementor-element-2f84cb1 e-flex e-con-boxed e-con e-parent\" data-id=\"2f84cb1\" data-element_type=\"container\">\n\t\t\t\t\t<div class=\"e-con-inner\">\n\t\t<div class=\"elementor-element elementor-element-53a2765 e-con-full e-flex e-con e-child\" data-id=\"53a2765\" data-element_type=\"container\">\n\t\t\t\t<div class=\"elementor-element elementor-element-25a987f elementor-widget elementor-widget-image\" data-id=\"25a987f\" data-element_type=\"widget\" data-widget_type=\"image.default\">\n\t\t\t\t\t\t\t\t\t\t\t\t\t\t\t<img decoding=\"async\" width=\"800\" height=\"526\" src=\"https:\/\/todocarritos.com\/wp-content\/uploads\/2025\/09\/05-costura.webp\" class=\"attachment-large size-large wp-image-5065\" alt=\"Costura\" srcset=\"https:\/\/todocarritos.com\/wp-content\/uploads\/2025\/09\/05-costura.webp 912w, https:\/\/todocarritos.com\/wp-content\/uploads\/2025\/09\/05-costura-300x197.webp 300w, https:\/\/todocarritos.com\/wp-content\/uploads\/2025\/09\/05-costura-768x505.webp 768w, https:\/\/todocarritos.com\/wp-content\/uploads\/2025\/09\/05-costura-600x395.webp 600w\" sizes=\"(max-width: 800px) 100vw, 800px\" title=\"\">\t\t\t\t\t\t\t\t\t\t\t\t\t\t\t<\/div>\n\t\t\t\t<\/div>\n\t\t<div class=\"elementor-element elementor-element-2271b71 e-con-full e-flex e-con e-child\" data-id=\"2271b71\" data-element_type=\"container\">\n\t\t\t\t<div class=\"elementor-element elementor-element-f0a17df elementor-widget elementor-widget-heading\" data-id=\"f0a17df\" data-element_type=\"widget\" data-widget_type=\"heading.default\">\n\t\t\t\t\t<h2 class=\"elementor-heading-title elementor-size-default\">Do in\u00edcio ao fim\n<\/h2>\t\t\t\t<\/div>\n\t\t\t\t<div class=\"elementor-element elementor-element-8f9f7cb elementor-widget elementor-widget-text-editor\" data-id=\"8f9f7cb\" data-element_type=\"widget\" data-widget_type=\"text-editor.default\">\n\t\t\t\t\t\t\t\t\t<p>N\u00d3S VAMOS TORNAR ISSO REALIDADE<\/p><p>Tem em mente um projeto de carrinho para o seu neg\u00f3cio e quer torn\u00e1-lo realidade? N\u00e3o sabe por onde come\u00e7ar?<\/p><p>N\u00e3o se preocupe! N\u00f3s cuidaremos de tudo.<\/p><p>Confie-nos o seu projeto e, em poucos dias, ele se tornar\u00e1 realidade, com a m\u00e1xima garantia de qualidade. Temos a certeza de que ficar\u00e1 satisfeito com o trabalho realizado.<\/p>\t\t\t\t\t\t\t\t<\/div>\n\t\t\t\t<\/div>\n\t\t\t\t\t<\/div>\n\t\t\t\t<\/div>\n\t\t<div class=\"elementor-element elementor-element-d89889d e-flex e-con-boxed e-con e-parent\" data-id=\"d89889d\" data-element_type=\"container\">\n\t\t\t\t\t<div class=\"e-con-inner\">\n\t\t<div class=\"elementor-element elementor-element-2c96d10 e-con-full e-flex e-con e-child\" data-id=\"2c96d10\" data-element_type=\"container\">\n\t\t\t\t<div class=\"elementor-element elementor-element-d35fcc8 elementor-widget elementor-widget-heading\" data-id=\"d35fcc8\" data-element_type=\"widget\" data-widget_type=\"heading.default\">\n\t\t\t\t\t<h2 class=\"elementor-heading-title elementor-size-default\">Fabrica\u00e7\u00e3o dos nossos carrinhos\n<\/h2>\t\t\t\t<\/div>\n\t\t\t\t<div class=\"elementor-element elementor-element-c6cf6c7 elementor-widget elementor-widget-text-editor\" data-id=\"c6cf6c7\" data-element_type=\"widget\" data-widget_type=\"text-editor.default\">\n\t\t\t\t\t\t\t\t\t<p>SOMOS FABRICANTES<\/p><p>Todos os nossos carrinhos s\u00e3o 100% artesanais e trabalhamos com os melhores materiais, o que lhes confere grande durabilidade e resist\u00eancia.<\/p>\t\t\t\t\t\t\t\t<\/div>\n\t\t\t\t<div class=\"elementor-element elementor-element-343ad2e elementor-widget-tablet__width-initial elementor-hidden-tablet elementor-hidden-mobile elementor-widget elementor-widget-button\" data-id=\"343ad2e\" data-element_type=\"widget\" data-widget_type=\"button.default\">\n\t\t\t\t\t\t\t\t\t\t<a class=\"elementor-button elementor-button-link elementor-size-sm\" href=\"https:\/\/todocarritos.com\/pt\/carrinhos-em-estoque\">\n\t\t\t\t\t\t<span class=\"elementor-button-content-wrapper\">\n\t\t\t\t\t\t\t\t\t<span class=\"elementor-button-text\">Ver produtos<\/span>\n\t\t\t\t\t<\/span>\n\t\t\t\t\t<\/a>\n\t\t\t\t\t\t\t\t<\/div>\n\t\t\t\t<\/div>\n\t\t<div class=\"elementor-element elementor-element-12bbb0e e-con-full e-flex e-con e-child\" data-id=\"12bbb0e\" data-element_type=\"container\">\n\t\t\t\t<div class=\"elementor-element elementor-element-b86d42e elementor-widget elementor-widget-image\" data-id=\"b86d42e\" data-element_type=\"widget\" data-widget_type=\"image.default\">\n\t\t\t\t\t\t\t\t\t\t\t\t\t\t\t<img decoding=\"async\" width=\"706\" height=\"459\" src=\"https:\/\/todocarritos.com\/wp-content\/uploads\/2025\/09\/04-radial.webp\" class=\"attachment-large size-large wp-image-5072\" alt=\"A mano\" srcset=\"https:\/\/todocarritos.com\/wp-content\/uploads\/2025\/09\/04-radial.webp 706w, https:\/\/todocarritos.com\/wp-content\/uploads\/2025\/09\/04-radial-300x195.webp 300w, https:\/\/todocarritos.com\/wp-content\/uploads\/2025\/09\/04-radial-600x390.webp 600w\" sizes=\"(max-width: 706px) 100vw, 706px\" title=\"\">\t\t\t\t\t\t\t\t\t\t\t\t\t\t\t<\/div>\n\t\t\t\t<\/div>\n\t\t\t\t\t<\/div>\n\t\t\t\t<\/div>\n\t\t<div class=\"elementor-element elementor-element-3fa81eb e-flex e-con-boxed e-con e-parent\" data-id=\"3fa81eb\" data-element_type=\"container\">\n\t\t\t\t\t<div class=\"e-con-inner\">\n\t\t<div class=\"elementor-element elementor-element-d7dcfad e-con-full e-flex e-con e-child\" data-id=\"d7dcfad\" data-element_type=\"container\">\n\t\t\t\t<div class=\"elementor-element elementor-element-1a5489f elementor-widget elementor-widget-image\" data-id=\"1a5489f\" data-element_type=\"widget\" data-widget_type=\"image.default\">\n\t\t\t\t\t\t\t\t\t\t\t\t\t\t\t<img loading=\"lazy\" decoding=\"async\" width=\"800\" height=\"533\" src=\"https:\/\/todocarritos.com\/wp-content\/uploads\/2025\/09\/carrito-crepes-copia.webp\" class=\"attachment-large size-large wp-image-5082\" alt=\"carrito-crepes\" srcset=\"https:\/\/todocarritos.com\/wp-content\/uploads\/2025\/09\/carrito-crepes-copia.webp 850w, https:\/\/todocarritos.com\/wp-content\/uploads\/2025\/09\/carrito-crepes-copia-300x200.webp 300w, https:\/\/todocarritos.com\/wp-content\/uploads\/2025\/09\/carrito-crepes-copia-768x511.webp 768w, https:\/\/todocarritos.com\/wp-content\/uploads\/2025\/09\/carrito-crepes-copia-600x400.webp 600w\" sizes=\"(max-width: 800px) 100vw, 800px\" title=\"\">\t\t\t\t\t\t\t\t\t\t\t\t\t\t\t<\/div>\n\t\t\t\t<\/div>\n\t\t<div class=\"elementor-element elementor-element-c15f4d6 e-con-full e-flex e-con e-child\" data-id=\"c15f4d6\" data-element_type=\"container\">\n\t\t\t\t<div class=\"elementor-element elementor-element-bf73f08 elementor-widget elementor-widget-heading\" data-id=\"bf73f08\" data-element_type=\"widget\" data-widget_type=\"heading.default\">\n\t\t\t\t\t<h2 class=\"elementor-heading-title elementor-size-default\">Do in\u00edcio ao fim<\/h2>\t\t\t\t<\/div>\n\t\t\t\t<div class=\"elementor-element elementor-element-88b631e elementor-widget elementor-widget-text-editor\" data-id=\"88b631e\" data-element_type=\"widget\" data-widget_type=\"text-editor.default\">\n\t\t\t\t\t\t\t\t\t<p>\u00c0 SUA DISPOSI\u00c7\u00c3O<\/p><p>O nosso departamento de atendimento ao cliente estar\u00e1 presente durante todo o processo de fabrica\u00e7\u00e3o para esclarecer todas as d\u00favidas que possam surgir. Dispomos de chat online, WhatsApp, telefone e e-mail para que nos envie as suas solicita\u00e7\u00f5es.<\/p>\t\t\t\t\t\t\t\t<\/div>\n\t\t\t\t<div class=\"elementor-element elementor-element-3446d80 elementor-widget-tablet__width-initial elementor-hidden-tablet elementor-hidden-mobile elementor-widget elementor-widget-button\" data-id=\"3446d80\" data-element_type=\"widget\" data-widget_type=\"button.default\">\n\t\t\t\t\t\t\t\t\t\t<a class=\"elementor-button elementor-button-link elementor-size-sm\" href=\"https:\/\/todocarritos.com\/pt\/contato\">\n\t\t\t\t\t\t<span class=\"elementor-button-content-wrapper\">\n\t\t\t\t\t\t\t\t\t<span class=\"elementor-button-text\">Contato<\/span>\n\t\t\t\t\t<\/span>\n\t\t\t\t\t<\/a>\n\t\t\t\t\t\t\t\t<\/div>\n\t\t\t\t<\/div>\n\t\t\t\t\t<\/div>\n\t\t\t\t<\/div>\n\t\t\t\t<\/div>\n\t\t","protected":false},"excerpt":{"rendered":"<p>Quem somos n\u00f3s? A TODOCARRITOS.COM \u00e9 uma empresa especializada no design e fabrico de todo o tipo de carrinhos para particulares e empresas, sejam eles para uso alimentar ou promocional. Temos um intenso percurso, no qual grandes empresas e marcas importantes confiaram. Convidamo-lo a descobrir os nossos trabalhos. Do in\u00edcio ao fim N\u00d3S VAMOS TORNAR [&hellip;]<\/p>\n","protected":false},"author":2,"featured_media":0,"parent":0,"menu_order":0,"comment_status":"closed","ping_status":"closed","template":"","meta":{"_acf_changed":false,"footnotes":""},"class_list":["post-4497","page","type-page","status-publish","hentry"],"acf":[],"_links":{"self":[{"href":"https:\/\/todocarritos.com\/pt\/wp-json\/wp\/v2\/pages\/4497","targetHints":{"allow":["GET"]}}],"collection":[{"href":"https:\/\/todocarritos.com\/pt\/wp-json\/wp\/v2\/pages"}],"about":[{"href":"https:\/\/todocarritos.com\/pt\/wp-json\/wp\/v2\/types\/page"}],"author":[{"embeddable":true,"href":"https:\/\/todocarritos.com\/pt\/wp-json\/wp\/v2\/users\/2"}],"replies":[{"embeddable":true,"href":"https:\/\/todocarritos.com\/pt\/wp-json\/wp\/v2\/comments?post=4497"}],"version-history":[{"count":0,"href":"https:\/\/todocarritos.com\/pt\/wp-json\/wp\/v2\/pages\/4497\/revisions"}],"wp:attachment":[{"href":"https:\/\/todocarritos.com\/pt\/wp-json\/wp\/v2\/media?parent=4497"}],"curies":[{"name":"wp","href":"https:\/\/api.w.org\/{rel}","templated":true}]}}