{"id":4493,"date":"2025-07-21T14:03:40","date_gmt":"2025-07-21T12:03:40","guid":{"rendered":"https:\/\/todocarritos.com\/politica-de-devolucoes"},"modified":"2025-09-23T10:39:24","modified_gmt":"2025-09-23T08:39:24","slug":"politica-de-devolucoes","status":"publish","type":"page","link":"https:\/\/todocarritos.com\/pt\/politica-de-devolucoes","title":{"rendered":"Pol\u00edtica de Devolu\u00e7\u00f5es"},"content":{"rendered":"\n<h3 class=\"wp-block-heading\">Envio do pacote<\/h3>\n\n<p>Como regra geral, os pacotes s\u00e3o enviados dentro de 48 horas ap\u00f3s a rece\u00e7\u00e3o do pagamento, atrav\u00e9s da TXT com n\u00famero de rastreamento e entrega sem assinatura. Se preferir o envio certificado pela TXT, ser\u00e1 aplicada uma taxa adicional. Entre em contacto connosco antes de solicitar esta op\u00e7\u00e3o. Seja qual for a forma de envio escolhida, forneceremos um link para que possa acompanhar a sua encomenda online.   <\/p>\n\n<p>Os custos de envio incluem os custos de manuseamento e embalagem, bem como os custos postais. Os custos de manuseamento t\u00eam um pre\u00e7o fixo, enquanto os custos de transporte podem variar de acordo com o peso total da encomenda. Recomendamos que agrupe todos os seus artigos numa \u00fanica encomenda. N\u00e3o podemos combinar duas encomendas diferentes, e os custos de envio ser\u00e3o aplicados a cada uma individualmente. N\u00e3o nos responsabilizamos por danos que a sua encomenda possa sofrer ap\u00f3s o envio, mas fazemos o poss\u00edvel para proteger todos os artigos fr\u00e1geis.    <br\/><br\/>As caixas s\u00e3o grandes e os seus artigos estar\u00e3o bem protegidos.<\/p>\n","protected":false},"excerpt":{"rendered":"<p>Envio do pacote Como regra geral, os pacotes s\u00e3o enviados dentro de 48 horas ap\u00f3s a rece\u00e7\u00e3o do pagamento, atrav\u00e9s da TXT com n\u00famero de rastreamento e entrega sem assinatura. Se preferir o envio certificado pela TXT, ser\u00e1 aplicada uma taxa adicional. Entre em contacto connosco antes de solicitar esta op\u00e7\u00e3o. Seja qual for a [&hellip;]<\/p>\n","protected":false},"author":2,"featured_media":0,"parent":0,"menu_order":0,"comment_status":"closed","ping_status":"closed","template":"","meta":{"_acf_changed":false,"footnotes":""},"class_list":["post-4493","page","type-page","status-publish","hentry"],"acf":[],"_links":{"self":[{"href":"https:\/\/todocarritos.com\/pt\/wp-json\/wp\/v2\/pages\/4493","targetHints":{"allow":["GET"]}}],"collection":[{"href":"https:\/\/todocarritos.com\/pt\/wp-json\/wp\/v2\/pages"}],"about":[{"href":"https:\/\/todocarritos.com\/pt\/wp-json\/wp\/v2\/types\/page"}],"author":[{"embeddable":true,"href":"https:\/\/todocarritos.com\/pt\/wp-json\/wp\/v2\/users\/2"}],"replies":[{"embeddable":true,"href":"https:\/\/todocarritos.com\/pt\/wp-json\/wp\/v2\/comments?post=4493"}],"version-history":[{"count":0,"href":"https:\/\/todocarritos.com\/pt\/wp-json\/wp\/v2\/pages\/4493\/revisions"}],"wp:attachment":[{"href":"https:\/\/todocarritos.com\/pt\/wp-json\/wp\/v2\/media?parent=4493"}],"curies":[{"name":"wp","href":"https:\/\/api.w.org\/{rel}","templated":true}]}}