{"id":4492,"date":"2025-09-15T14:01:15","date_gmt":"2025-09-15T12:01:15","guid":{"rendered":"https:\/\/todocarritos.com\/envio"},"modified":"2025-09-23T10:39:24","modified_gmt":"2025-09-23T08:39:24","slug":"envio","status":"publish","type":"page","link":"https:\/\/todocarritos.com\/pt\/envio","title":{"rendered":"Envio e devolu\u00e7\u00f5es"},"content":{"rendered":"\n<h3 class=\"wp-block-heading\">Env\u00edo del paquete<\/h3>\n\n<p>Como norma general, los paquetes se env\u00edan dentro de las 48 horas siguientes a la recepci\u00f3n del pago, a trav\u00e9s de TXT con n\u00famero de seguimiento y entrega sin firma. Si prefieres el env\u00edo certificado mediante TXT, se aplicar\u00e1 un cargo adicional. Ponte en contacto con nosotros antes de solicitar esta opci\u00f3n. Sea cual sea la forma de env\u00edo que elijas, te proporcionaremos un enlace para que puedas seguir tu pedido en l\u00ednea.   <\/p>\n\n<p>Los gastos de env\u00edo incluyen los gastos de manipulaci\u00f3n y empaquetado, as\u00ed como los gastos postales. Los gastos de manipulaci\u00f3n tienen un precio fijo, mientras que los gastos de transporte pueden variar seg\u00fan el peso total del paquete. Te aconsejamos que agrupes todos tus art\u00edculos en un mismo pedido. No podemos combinar dos pedidos diferentes, y los gastos de env\u00edo se aplicar\u00e1n para cada uno de manera individual. No nos hacemos responsables de los da\u00f1os que pueda sufrir tu paquete tras el env\u00edo, pero hacemos todo lo posible para proteger todos los art\u00edculos fr\u00e1giles.    <br\/><br\/>Las cajas son grandes y tus art\u00edculos estar\u00e1n bien protegidos.<\/p>\n","protected":false},"excerpt":{"rendered":"<p>Env\u00edo del paquete Como norma general, los paquetes se env\u00edan dentro de las 48 horas siguientes a la recepci\u00f3n del pago, a trav\u00e9s de TXT con n\u00famero de seguimiento y entrega sin firma. Si prefieres el env\u00edo certificado mediante TXT, se aplicar\u00e1 un cargo adicional. Ponte en contacto con nosotros antes de solicitar esta opci\u00f3n. [&hellip;]<\/p>\n","protected":false},"author":2,"featured_media":0,"parent":0,"menu_order":0,"comment_status":"closed","ping_status":"closed","template":"","meta":{"_acf_changed":false,"footnotes":""},"class_list":["post-4492","page","type-page","status-publish","hentry"],"acf":[],"_links":{"self":[{"href":"https:\/\/todocarritos.com\/pt\/wp-json\/wp\/v2\/pages\/4492","targetHints":{"allow":["GET"]}}],"collection":[{"href":"https:\/\/todocarritos.com\/pt\/wp-json\/wp\/v2\/pages"}],"about":[{"href":"https:\/\/todocarritos.com\/pt\/wp-json\/wp\/v2\/types\/page"}],"author":[{"embeddable":true,"href":"https:\/\/todocarritos.com\/pt\/wp-json\/wp\/v2\/users\/2"}],"replies":[{"embeddable":true,"href":"https:\/\/todocarritos.com\/pt\/wp-json\/wp\/v2\/comments?post=4492"}],"version-history":[{"count":0,"href":"https:\/\/todocarritos.com\/pt\/wp-json\/wp\/v2\/pages\/4492\/revisions"}],"wp:attachment":[{"href":"https:\/\/todocarritos.com\/pt\/wp-json\/wp\/v2\/media?parent=4492"}],"curies":[{"name":"wp","href":"https:\/\/api.w.org\/{rel}","templated":true}]}}