{"id":2777,"date":"2025-07-18T15:45:24","date_gmt":"2025-07-18T13:45:24","guid":{"rendered":"https:\/\/todocarritos.com\/?product=carretto-hot-dog-essential"},"modified":"2026-02-10T04:12:46","modified_gmt":"2026-02-10T03:12:46","slug":"carrello-essenziale-per-hotdog","status":"publish","type":"product","link":"https:\/\/todocarritos.com\/it\/carrello-essenziale-per-hotdog","title":{"rendered":"Carrello Essenziale per Hotdog"},"content":{"rendered":"<h2 class=\"p1\" style=\"margin: 0px; font-size: 13px; line-height: normal; font-family: 'Helvetica Neue';\">CARATTERISTICHE E SPECIFICHE DEL CARRETTO HOT DOG ESSENTIAL<\/h2>\n<h3 class=\"p1\" style=\"margin: 0px; font-size: 13px; line-height: normal; font-family: 'Helvetica Neue';\">UTILIZZO:<\/h3>\n<p class=\"p1\" style=\"margin: 0px; font-size: 13px; line-height: normal; font-family: 'Helvetica Neue';\">Il <strong><span style=\"color: #00a695;\">Carretto Hot Dog Essential<\/span><\/strong> ha una struttura in acciaio laccato con vernice smaltata bicomponente, altamente resistente e robusta grazie all\u2019indurente, rivestita con lamina in acciaio smaltato.<\/p>\n<p class=\"p1\" style=\"margin: 0px; font-size: 13px; line-height: normal; font-family: 'Helvetica Neue';\">Il piano in acciaio inox \u00e8 dotato di un bagnomaria a 3 vasche integrate con potenza di 1300 W.<\/p>\n<p class=\"p1\" style=\"margin: 0px; font-size: 13px; line-height: normal; font-family: 'Helvetica Neue';\">Il tendalino \u00e8 completamente smontabile, per un immagazzinaggio pi\u00f9 semplice, e il suo sistema \u00e8 testato per resistere al vento. Il tessuto \u00e8 in tela resistente e i colori disponibili sono tinta unita (bianco o nero) o a righe bianche con giallo, blu, rosso e verde.<\/p>\n<h3 class=\"p1\" style=\"margin: 0px; font-size: 13px; line-height: normal; font-family: 'Helvetica Neue';\"><\/h3>\n<h3 class=\"p1\" style=\"margin: 0px; font-size: 13px; line-height: normal; font-family: 'Helvetica Neue';\">COMPONENTI:<\/h3>\n<ul>\n<li>Bagnomaria con 3 vasche GN 1\/3<\/li>\n<li>Piano in acciaio inox.<\/li>\n<li>Tendalino in tinta unita (bianco o nero) o a righe.<\/li>\n<li>Grafica frontale a righe semplici.<\/li>\n<li>4 ruote girevoli con freno come punto di supporto.<\/li>\n<\/ul>\n<h3 class=\"p1\" style=\"margin: 0px; font-size: 13px; line-height: normal; font-family: 'Helvetica Neue';\">DIMENSIONI:<\/h3>\n<p class=\"p1\" style=\"margin: 0px; font-size: 13px; line-height: normal; font-family: 'Helvetica Neue';\">Altezza: 220 cm<\/p>\n<p class=\"p1\" style=\"margin: 0px; font-size: 13px; line-height: normal; font-family: 'Helvetica Neue';\">Larghezza: 110 cm<\/p>\n<p class=\"p1\" style=\"margin: 0px; font-size: 13px; line-height: normal; font-family: 'Helvetica Neue';\">Profondit\u00e0: 70 cm<\/p>\n<p class=\"p1\" style=\"margin: 0px; font-size: 13px; line-height: normal; font-family: 'Helvetica Neue';\">Peso: ca. 50 kg<\/p>\n<p class=\"p1\" style=\"margin: 0px; font-size: 13px; line-height: normal; font-family: 'Helvetica Neue';\">Acquista ora il carretto HOT DOG ESSENTIAL a un prezzo imbattibile.<\/p>\n","protected":false},"excerpt":{"rendered":"<p><strong>CARRETTO HOT DOG ESSENTIAL CON BAGNOMARIA + 3 VASCHE. <\/strong><\/p>\n<p>Il <strong><span style=\"color: #00a695;\">carretto hot dog<\/span><\/strong> \u00e8 stato pensato appositamente per animare eventi, servire spuntini di mezzanotte a matrimoni e altre celebrazioni, nonch\u00e9 per feste aziendali. \u00c8 ideale anche per la vendita ambulante in zone frequentate, quartieri di intrattenimento, centri commerciali nelle aree food court o spazi dedicati.<br \/>\nCon un investimento minimo puoi ottenere grandi profitti con il tuo <span style=\"color: #000000;\"><span style=\"color: #00a698;\"><strong>carretto hot dog<\/strong><\/span><\/span>.<\/p>\n<p class=\"p1\" style=\"margin: 0px; font-size: 13px; line-height: normal; font-family: 'Helvetica Neue';\">Inizia subito la tua attivit\u00e0 di vendita ambulante di <strong><span style=\"color: #00a698;\">hot dog<\/span><\/strong> con il carretto Essential, con un investimento minimo.<\/p>\n<p class=\"p1\" style=\"margin: 0px; font-size: 13px; line-height: normal; font-family: 'Helvetica Neue';\">\n","protected":false},"featured_media":6842,"comment_status":"open","ping_status":"closed","template":"","meta":{"_acf_changed":false},"product_brand":[],"product_cat":[193,194,209,344],"class_list":{"0":"post-2777","1":"product","2":"type-product","3":"status-publish","4":"has-post-thumbnail","6":"product_cat-carrelli-alimentari","7":"product_cat-carrelli-salati","8":"product_cat-carrello-degli-hot-dog","9":"product_cat-carretti-disponibili","11":"first","12":"instock","13":"taxable","14":"shipping-taxable","15":"product-type-variable"},"acf":[],"_links":{"self":[{"href":"https:\/\/todocarritos.com\/it\/wp-json\/wp\/v2\/product\/2777","targetHints":{"allow":["GET"]}}],"collection":[{"href":"https:\/\/todocarritos.com\/it\/wp-json\/wp\/v2\/product"}],"about":[{"href":"https:\/\/todocarritos.com\/it\/wp-json\/wp\/v2\/types\/product"}],"replies":[{"embeddable":true,"href":"https:\/\/todocarritos.com\/it\/wp-json\/wp\/v2\/comments?post=2777"}],"wp:featuredmedia":[{"embeddable":true,"href":"https:\/\/todocarritos.com\/it\/wp-json\/wp\/v2\/media\/6842"}],"wp:attachment":[{"href":"https:\/\/todocarritos.com\/it\/wp-json\/wp\/v2\/media?parent=2777"}],"wp:term":[{"taxonomy":"product_brand","embeddable":true,"href":"https:\/\/todocarritos.com\/it\/wp-json\/wp\/v2\/product_brand?post=2777"},{"taxonomy":"product_cat","embeddable":true,"href":"https:\/\/todocarritos.com\/it\/wp-json\/wp\/v2\/product_cat?post=2777"}],"curies":[{"name":"wp","href":"https:\/\/api.w.org\/{rel}","templated":true}]}}