{"id":2571,"date":"2025-08-06T10:08:43","date_gmt":"2025-08-06T08:08:43","guid":{"rendered":"https:\/\/todocarritos.com\/?product=carrello-gelato-premium"},"modified":"2025-09-15T13:21:12","modified_gmt":"2025-09-15T11:21:12","slug":"carretto-dei-gelati-premium","status":"publish","type":"product","link":"https:\/\/todocarritos.com\/it\/carretto-dei-gelati-premium","title":{"rendered":"Carretto dei gelati premium"},"content":{"rendered":"","protected":false},"excerpt":{"rendered":"<p><strong>Trasforma qualsiasi spazio in un punto vendita di gelati attraente e redditizio.<\/strong> Il carrello per gelati Premium combina visibilit\u00e0, capacit\u00e0 di raffreddamento e mobilit\u00e0 sicura per servire gelati e ghiaccioli con una presentazione impeccabile durante eventi, fiere e catering.<\/p>\n","protected":false},"featured_media":4325,"comment_status":"open","ping_status":"closed","template":"","meta":{"_acf_changed":false},"product_brand":[],"product_cat":[193,171,137,173,170,217,225],"class_list":{"0":"post-2571","1":"product","2":"type-product","3":"status-publish","4":"has-post-thumbnail","6":"product_cat-carrelli-alimentari","7":"product_cat-carrelli-di-compleanno","8":"product_cat-carrelli-per-eventi","9":"product_cat-carrelli-per-feste-per-bambini","10":"product_cat-carrelli-per-la-comunione","11":"product_cat-carrello-delle-caramelle","12":"product_cat-carretto-dei-gelati","14":"first","15":"instock","16":"taxable","17":"shipping-taxable","18":"product-type-variable","19":"has-default-attributes"},"acf":[],"_links":{"self":[{"href":"https:\/\/todocarritos.com\/it\/wp-json\/wp\/v2\/product\/2571","targetHints":{"allow":["GET"]}}],"collection":[{"href":"https:\/\/todocarritos.com\/it\/wp-json\/wp\/v2\/product"}],"about":[{"href":"https:\/\/todocarritos.com\/it\/wp-json\/wp\/v2\/types\/product"}],"replies":[{"embeddable":true,"href":"https:\/\/todocarritos.com\/it\/wp-json\/wp\/v2\/comments?post=2571"}],"wp:featuredmedia":[{"embeddable":true,"href":"https:\/\/todocarritos.com\/it\/wp-json\/wp\/v2\/media\/4325"}],"wp:attachment":[{"href":"https:\/\/todocarritos.com\/it\/wp-json\/wp\/v2\/media?parent=2571"}],"wp:term":[{"taxonomy":"product_brand","embeddable":true,"href":"https:\/\/todocarritos.com\/it\/wp-json\/wp\/v2\/product_brand?post=2571"},{"taxonomy":"product_cat","embeddable":true,"href":"https:\/\/todocarritos.com\/it\/wp-json\/wp\/v2\/product_cat?post=2571"}],"curies":[{"name":"wp","href":"https:\/\/api.w.org\/{rel}","templated":true}]}}