{"id":2543,"date":"2025-08-06T10:16:26","date_gmt":"2025-08-06T08:16:26","guid":{"rendered":"https:\/\/todocarritos.com\/?product=carrello-per-hamburger-deluxe"},"modified":"2025-08-06T10:16:26","modified_gmt":"2025-08-06T08:16:26","slug":"carrello-per-hamburger-deluxe","status":"publish","type":"product","link":"https:\/\/todocarritos.com\/it\/carrello-per-hamburger-deluxe","title":{"rendered":"Carrello per hamburger deluxe"},"content":{"rendered":"","protected":false},"excerpt":{"rendered":"\n<p><strong>Trasforma qualsiasi spazio in un burger bar mobile di grande impatto.<\/strong>  Il carrello per hamburger Deluxe combina visibilit\u00e0 del marchio, superficie di lavoro igienica e mobilit\u00e0 professionale per vendere di pi\u00f9 in occasione di eventi, fiere e catering.<\/p>\n","protected":false},"featured_media":3983,"comment_status":"open","ping_status":"closed","template":"","meta":{"_acf_changed":false},"product_brand":[],"product_cat":[193,174,138,171,137,173,175,170,172,194,212],"class_list":{"0":"post-2543","1":"product","2":"type-product","3":"status-publish","4":"has-post-thumbnail","6":"product_cat-carrelli-alimentari","7":"product_cat-carrelli-aziendali","8":"product_cat-carrelli-da-fiera","9":"product_cat-carrelli-di-compleanno","10":"product_cat-carrelli-per-eventi","11":"product_cat-carrelli-per-feste-per-bambini","12":"product_cat-carrelli-per-il-catering","13":"product_cat-carrelli-per-la-comunione","14":"product_cat-carrelli-per-matrimoni","15":"product_cat-carrelli-salati","16":"product_cat-carrello-per-hamburger","18":"first","19":"instock","20":"taxable","21":"shipping-taxable","22":"product-type-simple"},"acf":[],"_links":{"self":[{"href":"https:\/\/todocarritos.com\/it\/wp-json\/wp\/v2\/product\/2543","targetHints":{"allow":["GET"]}}],"collection":[{"href":"https:\/\/todocarritos.com\/it\/wp-json\/wp\/v2\/product"}],"about":[{"href":"https:\/\/todocarritos.com\/it\/wp-json\/wp\/v2\/types\/product"}],"replies":[{"embeddable":true,"href":"https:\/\/todocarritos.com\/it\/wp-json\/wp\/v2\/comments?post=2543"}],"wp:featuredmedia":[{"embeddable":true,"href":"https:\/\/todocarritos.com\/it\/wp-json\/wp\/v2\/media\/3983"}],"wp:attachment":[{"href":"https:\/\/todocarritos.com\/it\/wp-json\/wp\/v2\/media?parent=2543"}],"wp:term":[{"taxonomy":"product_brand","embeddable":true,"href":"https:\/\/todocarritos.com\/it\/wp-json\/wp\/v2\/product_brand?post=2543"},{"taxonomy":"product_cat","embeddable":true,"href":"https:\/\/todocarritos.com\/it\/wp-json\/wp\/v2\/product_cat?post=2543"}],"curies":[{"name":"wp","href":"https:\/\/api.w.org\/{rel}","templated":true}]}}