{"id":2492,"date":"2025-08-06T10:37:33","date_gmt":"2025-08-06T08:37:33","guid":{"rendered":"https:\/\/todocarritos.com\/?product=carrello-da-cocktail-deluxe"},"modified":"2025-08-06T10:37:33","modified_gmt":"2025-08-06T08:37:33","slug":"carrello-da-cocktail-deluxe","status":"publish","type":"product","link":"https:\/\/todocarritos.com\/it\/carrello-da-cocktail-deluxe","title":{"rendered":"Carrello da cocktail Deluxe"},"content":{"rendered":"","protected":false},"excerpt":{"rendered":"\n<p><strong>Trasforma qualsiasi spazio in un bar mobile professionale.<\/strong>  Il carrello per cocktail Deluxe offre visibilit\u00e0, ordine e mobilit\u00e0 per preparare e servire cocktail con velocit\u00e0 e stile. Ideale per eventi, terrazze e attivazioni di brand. <\/p>\n","protected":false},"featured_media":4018,"comment_status":"open","ping_status":"closed","template":"","meta":{"_acf_changed":false},"product_brand":[],"product_cat":[174,138,135,137,175,172,185],"class_list":{"0":"post-2492","1":"product","2":"type-product","3":"status-publish","4":"has-post-thumbnail","6":"product_cat-carrelli-aziendali","7":"product_cat-carrelli-da-fiera","8":"product_cat-carrelli-per-bevande","9":"product_cat-carrelli-per-eventi","10":"product_cat-carrelli-per-il-catering","11":"product_cat-carrelli-per-matrimoni","12":"product_cat-carrello-per-cocktail","14":"first","15":"instock","16":"taxable","17":"shipping-taxable","18":"product-type-simple"},"acf":[],"_links":{"self":[{"href":"https:\/\/todocarritos.com\/it\/wp-json\/wp\/v2\/product\/2492","targetHints":{"allow":["GET"]}}],"collection":[{"href":"https:\/\/todocarritos.com\/it\/wp-json\/wp\/v2\/product"}],"about":[{"href":"https:\/\/todocarritos.com\/it\/wp-json\/wp\/v2\/types\/product"}],"replies":[{"embeddable":true,"href":"https:\/\/todocarritos.com\/it\/wp-json\/wp\/v2\/comments?post=2492"}],"wp:featuredmedia":[{"embeddable":true,"href":"https:\/\/todocarritos.com\/it\/wp-json\/wp\/v2\/media\/4018"}],"wp:attachment":[{"href":"https:\/\/todocarritos.com\/it\/wp-json\/wp\/v2\/media?parent=2492"}],"wp:term":[{"taxonomy":"product_brand","embeddable":true,"href":"https:\/\/todocarritos.com\/it\/wp-json\/wp\/v2\/product_brand?post=2492"},{"taxonomy":"product_cat","embeddable":true,"href":"https:\/\/todocarritos.com\/it\/wp-json\/wp\/v2\/product_cat?post=2492"}],"curies":[{"name":"wp","href":"https:\/\/api.w.org\/{rel}","templated":true}]}}