{"id":2472,"date":"2025-08-06T10:41:31","date_gmt":"2025-08-06T08:41:31","guid":{"rendered":"https:\/\/todocarritos.com\/?product=carrello-per-succhi-di-frutta-deluxe"},"modified":"2025-08-06T10:41:31","modified_gmt":"2025-08-06T08:41:31","slug":"carrello-per-succhi-di-frutta-deluxe","status":"publish","type":"product","link":"https:\/\/todocarritos.com\/it\/carrello-per-succhi-di-frutta-deluxe","title":{"rendered":"Carrello per succhi di frutta Deluxe"},"content":{"rendered":"","protected":false},"excerpt":{"rendered":"\n<p><strong>Il carrello Deluxe Juice<\/strong> \u00e8 la scelta perfetta per offrire succhi freschi e naturali in qualsiasi evento o punto vendita. Con uno <strong>speciale tettuccio colorato<\/strong>, un <strong>bancone bianco o in acciaio inox<\/strong> e una <strong>segnaletica integrata<\/strong>, questo carrello \u00e8 progettato per attirare i clienti mantenendo un alto livello di funzionalit\u00e0 e mobilit\u00e0. <\/p>\n","protected":false},"featured_media":4108,"comment_status":"open","ping_status":"closed","template":"","meta":{"_acf_changed":false},"product_brand":[],"product_cat":[138,135,137,153],"class_list":{"0":"post-2472","1":"product","2":"type-product","3":"status-publish","4":"has-post-thumbnail","6":"product_cat-carrelli-da-fiera","7":"product_cat-carrelli-per-bevande","8":"product_cat-carrelli-per-eventi","9":"product_cat-carrello-per-succhi","11":"first","12":"instock","13":"taxable","14":"shipping-taxable","15":"product-type-simple"},"acf":[],"_links":{"self":[{"href":"https:\/\/todocarritos.com\/it\/wp-json\/wp\/v2\/product\/2472","targetHints":{"allow":["GET"]}}],"collection":[{"href":"https:\/\/todocarritos.com\/it\/wp-json\/wp\/v2\/product"}],"about":[{"href":"https:\/\/todocarritos.com\/it\/wp-json\/wp\/v2\/types\/product"}],"replies":[{"embeddable":true,"href":"https:\/\/todocarritos.com\/it\/wp-json\/wp\/v2\/comments?post=2472"}],"wp:featuredmedia":[{"embeddable":true,"href":"https:\/\/todocarritos.com\/it\/wp-json\/wp\/v2\/media\/4108"}],"wp:attachment":[{"href":"https:\/\/todocarritos.com\/it\/wp-json\/wp\/v2\/media?parent=2472"}],"wp:term":[{"taxonomy":"product_brand","embeddable":true,"href":"https:\/\/todocarritos.com\/it\/wp-json\/wp\/v2\/product_brand?post=2472"},{"taxonomy":"product_cat","embeddable":true,"href":"https:\/\/todocarritos.com\/it\/wp-json\/wp\/v2\/product_cat?post=2472"}],"curies":[{"name":"wp","href":"https:\/\/api.w.org\/{rel}","templated":true}]}}