{"id":2460,"date":"2025-08-06T10:42:45","date_gmt":"2025-08-06T08:42:45","guid":{"rendered":"https:\/\/todocarritos.com\/?product=carrello-isolato-deluxe"},"modified":"2025-08-06T10:42:45","modified_gmt":"2025-08-06T08:42:45","slug":"carrello-isolato-deluxe","status":"publish","type":"product","link":"https:\/\/todocarritos.com\/it\/carrello-isolato-deluxe","title":{"rendered":"Carrello isolato Deluxe"},"content":{"rendered":"","protected":false},"excerpt":{"rendered":"\n<p><strong>Il carrello isotermico Deluxe<\/strong> \u00e8 la soluzione perfetta per mantenere freschi i tuoi prodotti durante il servizio. Con uno <strong>speciale tettuccio colorato<\/strong>, un <strong>bancone bianco o in acciaio inox<\/strong> e ruote di alta qualit\u00e0, questo carrello offre resistenza, stile e praticit\u00e0. Ideale per le attivit\u00e0 di ristorazione in occasione di eventi, fiere o in viaggio.  <\/p>\n","protected":false},"featured_media":4461,"comment_status":"open","ping_status":"closed","template":"","meta":{"_acf_changed":false},"product_brand":[],"product_cat":[138,135,137,149],"class_list":{"0":"post-2460","1":"product","2":"type-product","3":"status-publish","4":"has-post-thumbnail","6":"product_cat-carrelli-da-fiera","7":"product_cat-carrelli-per-bevande","8":"product_cat-carrelli-per-eventi","9":"product_cat-carrello-isotermico","11":"first","12":"instock","13":"taxable","14":"shipping-taxable","15":"product-type-simple"},"acf":[],"_links":{"self":[{"href":"https:\/\/todocarritos.com\/it\/wp-json\/wp\/v2\/product\/2460","targetHints":{"allow":["GET"]}}],"collection":[{"href":"https:\/\/todocarritos.com\/it\/wp-json\/wp\/v2\/product"}],"about":[{"href":"https:\/\/todocarritos.com\/it\/wp-json\/wp\/v2\/types\/product"}],"replies":[{"embeddable":true,"href":"https:\/\/todocarritos.com\/it\/wp-json\/wp\/v2\/comments?post=2460"}],"wp:featuredmedia":[{"embeddable":true,"href":"https:\/\/todocarritos.com\/it\/wp-json\/wp\/v2\/media\/4461"}],"wp:attachment":[{"href":"https:\/\/todocarritos.com\/it\/wp-json\/wp\/v2\/media?parent=2460"}],"wp:term":[{"taxonomy":"product_brand","embeddable":true,"href":"https:\/\/todocarritos.com\/it\/wp-json\/wp\/v2\/product_brand?post=2460"},{"taxonomy":"product_cat","embeddable":true,"href":"https:\/\/todocarritos.com\/it\/wp-json\/wp\/v2\/product_cat?post=2460"}],"curies":[{"name":"wp","href":"https:\/\/api.w.org\/{rel}","templated":true}]}}