{"id":2451,"date":"2025-08-06T10:46:01","date_gmt":"2025-08-06T08:46:01","guid":{"rendered":"https:\/\/todocarritos.com\/?product=carrello-portacaffe-premium"},"modified":"2025-08-06T10:46:01","modified_gmt":"2025-08-06T08:46:01","slug":"carrello-portacaffe-premium","status":"publish","type":"product","link":"https:\/\/todocarritos.com\/it\/carrello-portacaffe-premium","title":{"rendered":"Carrello portacaff\u00e8 Premium"},"content":{"rendered":"","protected":false},"excerpt":{"rendered":"<p><strong>Trasforma la tua attivit\u00e0 con il carrello del caff\u00e8 Premium<\/strong>. Questo carrello portacaff\u00e8 \u00e8 stato progettato per offrirti la massima funzionalit\u00e0 ed estetica. Con una <strong>tettoia colorata standard<\/strong>, un <strong>bancone bianco o in acciaio inox<\/strong> e ruote di alta qualit\u00e0, \u00e8 ideale per eventi, bar mobili o punti vendita temporanei.<\/p>\n<p>*Gli accessori non sono inclusi.<\/p>\n","protected":false},"featured_media":4245,"comment_status":"open","ping_status":"closed","template":"","meta":{"_acf_changed":false},"product_brand":[],"product_cat":[136,138,135,137],"class_list":{"0":"post-2451","1":"product","2":"type-product","3":"status-publish","4":"has-post-thumbnail","6":"product_cat-carrelli-da-caffe","7":"product_cat-carrelli-da-fiera","8":"product_cat-carrelli-per-bevande","9":"product_cat-carrelli-per-eventi","11":"first","12":"instock","13":"taxable","14":"shipping-taxable","15":"product-type-simple"},"acf":[],"_links":{"self":[{"href":"https:\/\/todocarritos.com\/it\/wp-json\/wp\/v2\/product\/2451","targetHints":{"allow":["GET"]}}],"collection":[{"href":"https:\/\/todocarritos.com\/it\/wp-json\/wp\/v2\/product"}],"about":[{"href":"https:\/\/todocarritos.com\/it\/wp-json\/wp\/v2\/types\/product"}],"replies":[{"embeddable":true,"href":"https:\/\/todocarritos.com\/it\/wp-json\/wp\/v2\/comments?post=2451"}],"wp:featuredmedia":[{"embeddable":true,"href":"https:\/\/todocarritos.com\/it\/wp-json\/wp\/v2\/media\/4245"}],"wp:attachment":[{"href":"https:\/\/todocarritos.com\/it\/wp-json\/wp\/v2\/media?parent=2451"}],"wp:term":[{"taxonomy":"product_brand","embeddable":true,"href":"https:\/\/todocarritos.com\/it\/wp-json\/wp\/v2\/product_brand?post=2451"},{"taxonomy":"product_cat","embeddable":true,"href":"https:\/\/todocarritos.com\/it\/wp-json\/wp\/v2\/product_cat?post=2451"}],"curies":[{"name":"wp","href":"https:\/\/api.w.org\/{rel}","templated":true}]}}