{"id":2447,"date":"2025-08-06T10:46:18","date_gmt":"2025-08-06T08:46:18","guid":{"rendered":"https:\/\/todocarritos.com\/?product=carrello-del-caffe-deluxe"},"modified":"2025-08-06T10:46:18","modified_gmt":"2025-08-06T08:46:18","slug":"carrello-del-caffe-deluxe","status":"publish","type":"product","link":"https:\/\/todocarritos.com\/it\/carrello-del-caffe-deluxe","title":{"rendered":"Carrello del caff\u00e8 Deluxe"},"content":{"rendered":"","protected":false},"excerpt":{"rendered":"<p><strong>Aumenta le tue vendite con un carrello del caff\u00e8 professionale, mobile e pronto per essere personalizzato.<\/strong>  Il carrello portacaff\u00e8 Deluxe combina un design accurato, la visibilit\u00e0 grazie a uno speciale tettuccio colorato e una mobilit\u00e0 stabile grazie alle ruote rinforzate. Ideale per bar mobili, eventi e punti vendita temporanei.<\/p>\n<p>*Gli accessori non sono inclusi.<\/p>\n","protected":false},"featured_media":3998,"comment_status":"open","ping_status":"closed","template":"","meta":{"_acf_changed":false},"product_brand":[],"product_cat":[136,138,135,137],"class_list":{"0":"post-2447","1":"product","2":"type-product","3":"status-publish","4":"has-post-thumbnail","6":"product_cat-carrelli-da-caffe","7":"product_cat-carrelli-da-fiera","8":"product_cat-carrelli-per-bevande","9":"product_cat-carrelli-per-eventi","11":"first","12":"instock","13":"taxable","14":"shipping-taxable","15":"product-type-simple"},"acf":[],"_links":{"self":[{"href":"https:\/\/todocarritos.com\/it\/wp-json\/wp\/v2\/product\/2447","targetHints":{"allow":["GET"]}}],"collection":[{"href":"https:\/\/todocarritos.com\/it\/wp-json\/wp\/v2\/product"}],"about":[{"href":"https:\/\/todocarritos.com\/it\/wp-json\/wp\/v2\/types\/product"}],"replies":[{"embeddable":true,"href":"https:\/\/todocarritos.com\/it\/wp-json\/wp\/v2\/comments?post=2447"}],"wp:featuredmedia":[{"embeddable":true,"href":"https:\/\/todocarritos.com\/it\/wp-json\/wp\/v2\/media\/3998"}],"wp:attachment":[{"href":"https:\/\/todocarritos.com\/it\/wp-json\/wp\/v2\/media?parent=2447"}],"wp:term":[{"taxonomy":"product_brand","embeddable":true,"href":"https:\/\/todocarritos.com\/it\/wp-json\/wp\/v2\/product_brand?post=2447"},{"taxonomy":"product_cat","embeddable":true,"href":"https:\/\/todocarritos.com\/it\/wp-json\/wp\/v2\/product_cat?post=2447"}],"curies":[{"name":"wp","href":"https:\/\/api.w.org\/{rel}","templated":true}]}}