{"id":3057,"date":"2025-07-21T14:01:21","date_gmt":"2025-07-21T12:01:21","guid":{"rendered":"https:\/\/todocarritos.com\/?page_id=3057"},"modified":"2025-09-23T10:20:53","modified_gmt":"2025-09-23T08:20:53","slug":"avviso-legale","status":"publish","type":"page","link":"https:\/\/todocarritos.com\/it\/avviso-legale","title":{"rendered":"Avviso legale"},"content":{"rendered":"\n<p>Le damos la bienvenida y le invitamos a leer atentamente las Condiciones Generales de Uso de este Sito Web (en adelante, las \u201cCondiciones Generales de Uso\u201d) que describen los t\u00e9rminos y condiciones que ser\u00e1n aplicables a su navegaci\u00f3n por el mismo, de conformidad con lo establecido en la normativa espa\u00f1ola de aplicaci\u00f3n. Dado que la podr\u00edamos modificar en el futuro estas Condiciones de Uso, le recomendamos que las visite peri\u00f3dicamente para estar debidamente informado de los cambios realizados. <\/p>\n\n<p>El sitio web www.todocarritos.com (en adelante, el \u201cSitio Web\u201d) son propiedad de EVENTS SAN CRISTOBAL S.L.U. (en delante, \u201cGrupo San Crist\u00f3bal\u201d), con domicilio social en Calle Juan Bautista Escudero, 10 A, 14014 de C\u00f3rdoba &#8211; Espa\u00f1a y NIF B14946024. Inscrita en el Registro Mercantil de C\u00f3rdoba Tomo 2288, Folio 201, Hoja CO-32259, Inscripci\u00f3n 1\u00aa. <\/p>\n\n<p>Con el \u00e1nimo de que el uso del Sitio Web se ajuste a criterios de transparencia, claridad y sencillez, Grupo San Crist\u00f3bal informa al Usuario que cualquier sugerencia, duda o consulta sobre las Condiciones Generales de Uso ser\u00e1 recibida y solucionada contactando con Grupo San Crist\u00f3bal a trav\u00e9s del correo electr\u00f3nico: <a href=\"mailto:info@gruposancristobal.es\">info@gruposancristobal.es<\/a><\/p>\n\n<ol class=\"wp-block-list\">\n<li><strong>Objeto<\/strong><\/li>\n<\/ol>\n\n<p>Grupo San Crist\u00f3bal suministra el contenido y los servicios que est\u00e1n disponibles en el Sitio Web, con sujeci\u00f3n a las presentes Condiciones Generales de Uso, as\u00ed como a la pol\u00edtica sobre tratamiento de datos personales (en adelante, la \u201cPol\u00edtica de Privacidad\u201d). El acceso a este Sitio Web o su utilizaci\u00f3n en cualquier forma le otorga la calificaci\u00f3n de \u201cUsuario\u201d e implica la aceptaci\u00f3n sin reservas de todas y cada una de las presentes Condiciones Generales de Uso, reserv\u00e1ndonos el derecho a modificarlos en cualquier momento. En consecuencia, ser\u00e1 responsabilidad de todo Usuario, la atenta lectura de las Condiciones Generales de Uso vigente en cada una de las ocasiones en que acceda a este Sitio Web, por lo que, si \u00e9ste no est\u00e1 de acuerdo con cualquiera de los mismos aqu\u00ed dispuestos, deber\u00e1 abstenerse respecto al uso del presente Sitio Web.  <\/p>\n\n<p>Asimismo, queda advertido de que, en ocasiones, se podr\u00e1n establecer condiciones particulares para la utilizaci\u00f3n en el Sitio Web de contenidos y\/o servicios espec\u00edficos, la utilizaci\u00f3n de dichos contenidos o servicios implicar\u00e1 la aceptaci\u00f3n de las condiciones particulares en ellos especificadas.<\/p>\n\n<p><strong>2. Privacidad y Tratamiento de Datos<\/strong><\/p>\n\n<p>Cuando para el acceso a determinados contenidos o servicios sea necesario facilitar datos de car\u00e1cter personal, los Usuarios garantizar\u00e1n su veracidad, exactitud, autenticidad y vigencia. Grupo San Crist\u00f3bal dar\u00e1 a dichos datos el tratamiento que corresponda en funci\u00f3n de su naturaleza o finalidad, en los t\u00e9rminos indicados en la secci\u00f3n de Pol\u00edtica de Privacidad. <\/p>\n\n<p><strong>3. Propiedad Industrial e Intelectual<\/strong><\/p>\n\n<p>El Usuario reconoce y acepta que todos los contenidos que se muestran en el Sitio Web y en especial, dise\u00f1os, textos, im\u00e1genes, logos, iconos, botones, software, nombres comerciales, marcas, o cualesquiera otros signos susceptibles de utilizaci\u00f3n industrial y\/o comercial est\u00e1n sujetos a derechos de Propiedad Intelectual y todas las marcas, nombres comerciales o signos distintivos, todos los derechos de propiedad industrial e intelectual, sobre los contenidos y\/o cualesquiera otros elementos insertados en el p\u00e1gina, que son propiedad exclusiva de Grupo San Crist\u00f3bal y\/o de terceros, quienes tienen el derecho exclusivo de utilizarlos en el tr\u00e1fico econ\u00f3mico. Por todo ello el Usuario se compromete a no reproducir, copiar, distribuir, poner a disposici\u00f3n o de cualquier otra forma comunicar p\u00fablicamente, transformar o modificar tales contenidos manteniendo indemne a Grupo San Crist\u00f3bal de cualquier reclamaci\u00f3n que se derive del incumplimiento de tales obligaciones. En ning\u00fan caso el acceso al Sitio Web implica ning\u00fan tipo de renuncia, transmisi\u00f3n, licencia o cesi\u00f3n total ni parcial de dichos derechos, salvo que se establezca expresamente lo contrario. Las presentes Condiciones Generales de Uso del Sitio Web no confieren a los Usuarios ning\u00fan otro derecho de utilizaci\u00f3n, alteraci\u00f3n, explotaci\u00f3n, reproducci\u00f3n, distribuci\u00f3n o comunicaci\u00f3n p\u00fablica del Sitio Web y\/o de sus Contenidos distintos de los aqu\u00ed expresamente previstos. Cualquier otro uso o explotaci\u00f3n de cualesquiera derechos estar\u00e1 sujeto a la previa y expresa autorizaci\u00f3n espec\u00edficamente otorgada a tal efecto por Grupo San Crist\u00f3bal o el tercero titular de los derechos afectados.    <\/p>\n\n<p>Los contenidos, textos, fotograf\u00edas, dise\u00f1os, logotipos, im\u00e1genes, programas de ordenador, c\u00f3digos fuente y, en general, cualquier creaci\u00f3n intelectual existente en este sitio, as\u00ed como el propio sitio en su conjunto, como obra art\u00edstica multimedia, est\u00e1n protegidos como derechos de autor por la legislaci\u00f3n en materia de propiedad intelectual. Grupo San Crist\u00f3bal es titular de los elementos que integran el dise\u00f1o gr\u00e1fico del Sitio Web, lo men\u00fas, botones de navegaci\u00f3n, el c\u00f3digo HTML, los textos, im\u00e1genes, texturas, gr\u00e1ficos y cualquier otro contenido del Sitio Web o, en cualquier caso, dispone de la correspondiente autorizaci\u00f3n para la utilizaci\u00f3n de dichos elementos. El contenido dispuesto en el Sitio Web no podr\u00e1 ser reproducido ni en todo ni en parte, ni transmitido, ni registrado por ning\u00fan sistema de recuperaci\u00f3n de informaci\u00f3n, en ninguna forma ni en ning\u00fan medio, a menos que se cuente con la autorizaci\u00f3n previa, por escrito, de la citada Entidad.  <\/p>\n\n<p>Asimismo, queda prohibido suprimir, eludir y\/o manipular el &#8220;copyright&#8221; as\u00ed como los dispositivos t\u00e9cnicos de protecci\u00f3n, o cualesquiera mecanismos de informaci\u00f3n que pudieren contener los contenidos. El Usuario de este Sitio Web se compromete a respetar los derechos enunciados y a evitar cualquier actuaci\u00f3n que pudiera perjudicarlos, reserv\u00e1ndose en todo caso Grupo San Crist\u00f3bal el ejercicio de cuantos medios o acciones legales le correspondan en defensa de sus leg\u00edtimos derechos de propiedad intelectual e industrial. <\/p>\n\n<p><strong>4. Obligaciones y Responsabilidades del Usuario del Sitio Web<\/strong><\/p>\n\n<p>El Usuario se compromete a:<\/p>\n\n<p>Hacer un uso adecuado y l\u00edcito del Sitio Web, as\u00ed como de los contenidos y servicios, de conformidad con la legislaci\u00f3n aplicable en cada momento; las Condiciones Generales de Uso del Sitio Web; la moral y buenas costumbres generalmente aceptadas y el orden p\u00fablico.<\/p>\n\n<p>Proveerse de todos los medios y requerimientos t\u00e9cnicos que se precisen para acceder al Sitio Web.<\/p>\n\n<p>Facilitar informaci\u00f3n veraz al cumplimentar con sus datos de car\u00e1cter personal los formularios contenidos en el Sitio Web y a mantenerlos actualizados en todo momento de forma que responda, en cada momento, a la situaci\u00f3n real del Usuario. El Usuario ser\u00e1 el \u00fanico responsable de las manifestaciones falsas o inexactas que realice y de los perjuicios que cause a Grupo San Crist\u00f3bal o a terceros por la informaci\u00f3n que facilite. <\/p>\n\n<p>No obstante, lo establecido en el apartado anterior el Usuario deber\u00e1 asimismo abstenerse de:<\/p>\n\n<p>a) Hacer un uso no autorizado o fraudulento del Sitio Web y\/o de los contenidos con fines o efectos il\u00edcitos, prohibidos en las presentes Condiciones Generales de Uso, lesivos de los derechos e intereses de terceros, o que de cualquier forma puedan da\u00f1ar, inutilizar, sobrecargar, deteriorar o impedir la normal utilizaci\u00f3n de los servicios o los documentos, archivos y toda clase de contenidos almacenados en cualquier equipo inform\u00e1tico.<\/p>\n\n<p>b) Acceder o intentar acceder a recursos o \u00e1reas restringidas del Sitio Web, sin cumplir las condiciones exigidas para dicho acceso.<\/p>\n\n<p>c) Provocar da\u00f1os en los sistemas f\u00edsicos o l\u00f3gicos del Sitio Web, de sus proveedores o de terceros.<\/p>\n\n<p>d) Introducir o difundir en la red virus inform\u00e1ticos o cualesquiera otros sistemas f\u00edsicos o l\u00f3gicos que sean susceptibles de provocar da\u00f1os en los sistemas f\u00edsicos o l\u00f3gicos de Grupo San Crist\u00f3bal, de sus proveedores o de terceros.<\/p>\n\n<p>e) Intentar acceder, utilizar y\/o manipular los datos de Grupo San Crist\u00f3bal, terceros proveedores y otros Usuarios.<\/p>\n\n<p>f) Reproducir o copiar, distribuir, permitir el acceso del p\u00fablico a trav\u00e9s de cualquier modalidad de comunicaci\u00f3n p\u00fablica, transformar o modificar los contenidos, a menos que se cuente con la autorizaci\u00f3n del titular de los correspondientes derechos o ello resulte legalmente permitido.<\/p>\n\n<p>g) Suprimir, ocultar o manipular las notas sobre derechos de propiedad intelectual o industrial y dem\u00e1s datos identificativos de los derechos de Grupo San Crist\u00f3bal o de terceros incorporados a los contenidos, as\u00ed como los dispositivos t\u00e9cnicos de protecci\u00f3n o cualesquiera mecanismos de informaci\u00f3n que puedan insertarse en los contenidos.<br\/>h) Obtener e intentar obtener los contenidos empleando para ello medios o procedimientos distintos de los que, seg\u00fan los casos, se hayan puesto a su disposici\u00f3n a este efecto o se hayan indicado expresamente en las p\u00e1ginas web donde se encuentren los contenidos o, en general, de los que se empleen habitualmente en Internet por no entra\u00f1ar un riesgo de da\u00f1o o inutilizaci\u00f3n del sitio web y\/o de los contenidos.<\/p>\n\n<p>i) En particular, y a t\u00edtulo meramente indicativo y no exhaustivo, el Usuario se compromete a no transmitir, difundir o poner a disposici\u00f3n de terceros informaciones, datos, contenidos, mensajes, gr\u00e1ficos, dibujos, archivos de sonido y\/o imagen, fotograf\u00edas, grabaciones, software y, en general, cualquier clase de material que:<\/p>\n\n<p>1) De cualquier forma sea contrario, menosprecie o atente contra los derechos fundamentales y las libertades p\u00fablicas reconocidas constitucionalmente, en los Tratados Internacionales y en el resto de la legislaci\u00f3n vigente.<\/p>\n\n<p>2) Induzca, incite o promueva actuaciones delictivas, denigratorias, difamatorias, violentas o, en general, contrarias a la ley, a la moral, a las buenas costumbres generalmente aceptadas o al orden p\u00fablico.<\/p>\n\n<p>3) Induzca, incite o promueva actuaciones, actitudes o pensamientos discriminatorios por raz\u00f3n de sexo, raza, religi\u00f3n, creencias, edad o condici\u00f3n.<\/p>\n\n<p>4) Incorpore, ponga a disposici\u00f3n o permita acceder a productos, elementos, mensajes y\/o servicios delictivos, violentos, ofensivos, nocivos, degradantes o, en general, contrarios a la ley, a la moral y a las buenas costumbres generalmente aceptadas o al orden p\u00fablico.<\/p>\n\n<p>5) Induzca o pueda inducir a un estado inaceptable de ansiedad o temor.<\/p>\n\n<p>6) Induzca o incite a involucrarse en pr\u00e1cticas peligrosas, de riesgo o nocivas para la salud y el equilibrio ps\u00edquico.<\/p>\n\n<p>7) Se encuentra protegido por la legislaci\u00f3n en materia de protecci\u00f3n intelectual o industrial perteneciente al Grupo San Crist\u00f3bal o a terceros sin que haya sido autorizado el uso que se pretenda realizar.<\/p>\n\n<p>8) Sea contrario al honor, a la intimidad personal y familiar o a la propia imagen de las personas.<\/p>\n\n<p>9) Constituya cualquier tipo de publicidad.<\/p>\n\n<p>10) Incluya cualquier tipo de virus o programa que impida el normal funcionamiento del Sitio Web.<\/p>\n\n<p>Si para acceder a algunos de los servicios y\/o contenidos del Sitio Web, se le proporcionara una contrase\u00f1a, se obliga a usarla de manera diligente, manteni\u00e9ndola en todo momento en secreto. En consecuencia, ser\u00e1 responsable de su adecuada custodia y confidencialidad, comprometi\u00e9ndose a no cederla a terceros, de manera temporal o permanente, ni a permitir el acceso a los mencionados servicios y\/o contenidos por parte de personas ajenas. Igualmente, se obliga a notificar a Grupo San Crist\u00f3bal cualquier hecho que pueda suponer un uso indebido de su contrase\u00f1a, como, a t\u00edtulo enunciativo, su robo, extrav\u00edo o el acceso no autorizado, con el fin de proceder a su inmediata cancelaci\u00f3n. En consecuencia, mientras no efect\u00fae la notificaci\u00f3n anterior, GRUPO SAN CRISTOBAL quedar\u00e1 eximida de cualquier responsabilidad que pudiera derivarse del uso indebido de su contrase\u00f1a, siendo de su responsabilidad cualquier utilizaci\u00f3n il\u00edcita de los contenidos y\/o servicios del Sitio Web por cualquier tercero ileg\u00edtimo.   <\/p>\n\n<p>Si de manera negligente o dolosa incumpliera cualquiera de las obligaciones establecidas en las presentes Condiciones Generales de Uso, responder\u00e1 por todos los da\u00f1os y perjuicios que de dicho incumplimiento pudieran derivarse para Grupo San Crist\u00f3bal.<\/p>\n\n<p><strong>5. Responsabilidades<\/strong><\/p>\n\n<p>Grupo San Crist\u00f3bal no garantiza el acceso continuado, ni la correcta visualizaci\u00f3n, descarga o utilidad de los elementos e informaciones contenidas en las p\u00e1ginas del sitio Web, que pueden verse impedidos, dificultados o interrumpidos por factores o circunstancias que est\u00e1n fuera de su control.<\/p>\n\n<p>Grupo San Crist\u00f3bal no se hace responsable de las decisiones que pudieran adoptarse como consecuencia del acceso a los contenidos o informaciones ofrecidas.<\/p>\n\n<p>Grupo San Crist\u00f3bal podr\u00e1 interrumpir el servicio o resolver de modo inmediato la relaci\u00f3n con el Usuario si detecta que un uso de su Sitio Web o de cualquiera de los servicios ofertados en el mismo son contrarios a las presentes Condiciones Generales de Uso. GRUPO SAN CRISTOBAL no se hace responsable por da\u00f1os, perjuicios, p\u00e9rdidas, reclamaciones o gastos derivados del uso del Sitio Web. \u00danicamente ser\u00e1 responsable de eliminar, lo antes posible, los contenidos que puedan generar tales perjuicios, siempre que as\u00ed se notifique. En especial no ser\u00e1 responsable de los perjuicios que se pudieran derivar, entre otros, de:   <\/p>\n\n<p>a) interferencias, interrupciones, fallos, omisiones, aver\u00edas telef\u00f3nicas, retrasos, bloqueos o desconexiones en el funcionamiento del sistema electr\u00f3nico, motivadas por deficiencias, sobrecargas y errores en las l\u00edneas y redes de telecomunicaciones, o por cualquier otra causa ajena al control de GRUPO SAN CRISTOBAL.<\/p>\n\n<p>b) intromisiones ileg\u00edtimas mediante el uso de programas malignos de cualquier tipo y a trav\u00e9s de cualquier medio de comunicaci\u00f3n, tales como virus inform\u00e1ticos o cualesquiera otros.<\/p>\n\n<p>c) abuso indebido o inadecuado del Sitio Web.<\/p>\n\n<p>d) errores de seguridad o navegaci\u00f3n producidos por un mal funcionamiento del navegador o por el uso de versiones no actualizadas del mismo. Los administradores de GRUPO SAN CRISTOBAL se reservan el derecho de retirar, total o parcialmente, cualquier contenido o informaci\u00f3n presente en el Sitio Web. <\/p>\n\n<p>Grupo San Crist\u00f3bal excluye cualquier responsabilidad por los da\u00f1os y perjuicios de toda naturaleza que pudieran deberse a la mala utilizaci\u00f3n de los servicios de libre disposici\u00f3n y uso por parte de los Usuarios de Sitio Web. Asimismo, Grupo San Crist\u00f3bal queda exonerado de cualquier responsabilidad por el contenido e informaciones que puedan ser recibidas como consecuencia de los formularios de recogida de datos, estando los mismos \u00fanicamente para la prestaci\u00f3n de los servicios de consultas y dudas. Por otro lado, en caso de causar da\u00f1os y perjuicios por un uso il\u00edcito o incorrecto de dichos servicios, podr\u00e1 ser el Usuario reclamado por Grupo San Crist\u00f3bal de los da\u00f1os o perjuicios causados.  <\/p>\n\n<p>Usted defender\u00e1, indemnizar\u00e1 y mantendr\u00e1 a Grupo San Crist\u00f3bal indemne frente a cualesquiera da\u00f1os y perjuicios que se deriven de reclamaciones, acciones o demandas de terceros como consecuencia de su acceso o uso del Sitio Web. Asimismo, usted se obliga a indemnizar a Grupo San Crist\u00f3bal frente a cualesquiera da\u00f1os y perjuicios, que se deriven del uso por su parte de \u201crobots\u201d, \u201cspiders\u201d, \u201ccrawlers\u201d o herramientas similares empleadas con el fin de recabar o extraer datos o de cualquier otra actuaci\u00f3n por su parte que imponga una carga irrazonable sobre el funcionamiento del Sitio Web. <\/p>\n\n<ol start=\"7\" class=\"wp-block-list\">\n<li><strong>Hiperv\u00ednculos<\/strong><\/li>\n<\/ol>\n\n<p>El Usuario se obliga a no reproducir de ning\u00fan modo, ni siquiera mediante un hiperenlace o hiperv\u00ednculo, el Sitio Web de Grupo San Crist\u00f3bal, as\u00ed como ninguno de sus contenidos, salvo autorizaci\u00f3n expresa y por escrito de Grupo San Crist\u00f3bal. El Sitio Web de Grupo San Crist\u00f3bal incluye enlaces a otros sitios web gestionados por terceros, con objeto de facilitar el acceso del Usuario a la informaci\u00f3n. Conforme con ello, Grupo San Crist\u00f3bal no se responsabiliza del contenido de dichos sitios web, ni se sit\u00faa en una posici\u00f3n de garante ni\/o de parte ofertante de los servicios y\/o informaci\u00f3n que se puedan ofrecer a terceros a trav\u00e9s de los enlaces de terceros.  <\/p>\n\n<p>Se concede al Usuario un derecho limitado, revocable y no exclusivo a crear enlaces a la p\u00e1gina principal del Sitio Web exclusivamente para uso privado y no comercial. Los sitios web que incluyan enlace a nuestro Sitio Web: <\/p>\n\n<p>1. No podr\u00e1n dar a entender que recomendamos ese sitio web o sus servicios o productos<\/p>\n\n<p>2. No podr\u00e1n falsear su relaci\u00f3n con nosotros ni afirmar que hemos autorizado tal enlace, ni incluir marcas, denominaciones, nombres comerciales, logotipos u otros signos distintivos de nuestra propiedad.<\/p>\n\n<p>3. No podr\u00e1n incluir contenidos que puedan considerarse de mal gusto, obscenos, ofensivos, controvertidos, que inciten a la violencia o la discriminaci\u00f3n por raz\u00f3n de sexo, raza o religi\u00f3n, contrarios al orden p\u00fablico o il\u00edcitos<\/p>\n\n<p>4. No podr\u00e1n enlazar a ninguna p\u00e1gina del Sitio Web distinta de la p\u00e1gina principal<\/p>\n\n<p>5. Deber\u00e1 enlazar con la propia direcci\u00f3n del Sitio Web, sin permitir que el sitio web que realice el enlace reproduzca el Sitio Web como parte de su web o dentro de uno de sus \u201cframes\u201d o crear un \u201cbrowser\u201d sobre cualquiera de las p\u00e1ginas del Sitio Web.<\/p>\n\n<p>Podremos solicitar, en cualquier momento, que elimine cualquier enlace al Sitio Web, despu\u00e9s de lo cual deber\u00e1 proceder de inmediato a su eliminaci\u00f3n. No podemos controlar la informaci\u00f3n, contenidos, productos o servicios facilitados por otros sitios web que tengan establecidos enlaces con destino al Sitio Web. <\/p>\n\n<p>En consecuencia, no asumimos ning\u00fan tipo de responsabilidad por cualquier aspecto relativo a tales sitios web.<\/p>\n\n<p><strong>8. Protecci\u00f3n de datos<\/strong><\/p>\n\n<p>Para utilizar algunos de los Servicios, los Usuarios deben proporcionar previamente ciertos datos de car\u00e1cter personal. Para ello trataremos los Datos Personales en cumplimiento con las normativas vigentes de protecci\u00f3n de datos europeas y espa\u00f1olas. El Usuario puede acceder a la pol\u00edtica aplicada en el tratamiento de los datos personales, as\u00ed como el establecimiento de las finalidades previamente establecidas, a lo dispuesto en las condiciones definidas en la Pol\u00edtica de Privacidadque presenta Sitio Web.  <\/p>\n\n<p><strong>9. Cookies<\/strong><\/p>\n\n<p>Nos reservamos el derecho de utilizar la tecnolog\u00eda \u201ccookie\u201d en el Sitio Web, el Usuario podr\u00e1 conocer en todo momento la pol\u00edtica seguida y aplicada en Pol\u00edtica de Cookies.<\/p>\n\n<p><strong>10. Duraci\u00f3n y terminaci\u00f3n<\/strong><\/p>\n\n<p>La prestaci\u00f3n del servicio del presente Sitio Web y los dem\u00e1s servicios tienen en principio una duraci\u00f3n indefinida. No obstante, podremos dar por terminada o suspender cualquiera de los servicios del portal. Cuando sea ello posible, Grupo San Crist\u00f3bal anunciar\u00e1 la terminaci\u00f3n o suspensi\u00f3n de la prestaci\u00f3n del servicio determinado.  <\/p>\n\n<p> <strong>11. Declaraciones y Garant\u00edas<\/strong><\/p>\n\n<p>En general, los contenidos y servicios ofrecidos en el Sitio Web tienen car\u00e1cter meramente informativo. Por consiguiente, al ofrecerlos, no otorgamos garant\u00eda ni declaraci\u00f3n alguna en relaci\u00f3n con los contenidos y servicios ofrecidos en el Sitio web, incluyendo, a t\u00edtulo enunciativo, garant\u00edas de licitud, fiabilidad, utilidad, veracidad, exactitud, o comerciabilidad, salvo en la medida en que por ley no puedan excluirse tales declaraciones y garant\u00edas. <\/p>\n\n<p><strong>12. Fuerza mayor<\/strong><\/p>\n\n<p>Grupo San Crist\u00f3bal no ser\u00e1 responsable en todo en caso de imposibilidad de prestar servicio, si \u00e9sta se debe a interrupciones prolongadas del suministro el\u00e9ctrico, l\u00edneas de telecomunicaciones, conflictos sociales, huelgas, rebeli\u00f3n, explosiones, inundaciones, actos y omisiones del Gobierno, y en general todos los supuestos de fuerza mayor o de caso fortuito.<\/p>\n\n<p> <strong>13. Resoluci\u00f3n de controversias. Ley aplicable y jurisdicci\u00f3n <\/strong><\/p>\n\n<p>Las presentes Condiciones Generales de Uso, as\u00ed como el uso del Sitio Web, se regir\u00e1n por la legislaci\u00f3n espa\u00f1ola. Cualquier controversia ser\u00e1 resuelta ante los tribunales de C\u00f3rdoba. <\/p>\n\n<p>En el supuesto de que cualquier estipulaci\u00f3n de las presentes Condiciones Generales de Uso resultara inexigible o nula en virtud de la legislaci\u00f3n aplicable o como consecuencia de una resoluci\u00f3n judicial o administrativa, dicha inexigibilidad o nulidad no har\u00e1 que las presentes Condiciones Generales de Uso resulten inexigibles o nulas en su conjunto. En dichos casos, procederemos a la modificaci\u00f3n o sustituci\u00f3n de dicha estipulaci\u00f3n por otra que sea v\u00e1lida y exigible y que, en la medida de lo posible, consiga el objetivo y pretensi\u00f3n reflejados en la estipulaci\u00f3n original. <\/p>\n","protected":false},"excerpt":{"rendered":"<p>Le damos la bienvenida y le invitamos a leer atentamente las Condiciones Generales de Uso de este Sito Web (en adelante, las \u201cCondiciones Generales de Uso\u201d) que describen los t\u00e9rminos y condiciones que ser\u00e1n aplicables a su navegaci\u00f3n por el mismo, de conformidad con lo establecido en la normativa espa\u00f1ola de aplicaci\u00f3n. Dado que la [&hellip;]<\/p>\n","protected":false},"author":2,"featured_media":0,"parent":0,"menu_order":0,"comment_status":"closed","ping_status":"closed","template":"","meta":{"_acf_changed":false,"footnotes":""},"class_list":["post-3057","page","type-page","status-publish","hentry"],"acf":[],"_links":{"self":[{"href":"https:\/\/todocarritos.com\/it\/wp-json\/wp\/v2\/pages\/3057","targetHints":{"allow":["GET"]}}],"collection":[{"href":"https:\/\/todocarritos.com\/it\/wp-json\/wp\/v2\/pages"}],"about":[{"href":"https:\/\/todocarritos.com\/it\/wp-json\/wp\/v2\/types\/page"}],"author":[{"embeddable":true,"href":"https:\/\/todocarritos.com\/it\/wp-json\/wp\/v2\/users\/2"}],"replies":[{"embeddable":true,"href":"https:\/\/todocarritos.com\/it\/wp-json\/wp\/v2\/comments?post=3057"}],"version-history":[{"count":0,"href":"https:\/\/todocarritos.com\/it\/wp-json\/wp\/v2\/pages\/3057\/revisions"}],"wp:attachment":[{"href":"https:\/\/todocarritos.com\/it\/wp-json\/wp\/v2\/media?parent=3057"}],"curies":[{"name":"wp","href":"https:\/\/api.w.org\/{rel}","templated":true}]}}