{"id":496,"date":"2025-07-18T15:45:24","date_gmt":"2025-07-18T13:45:24","guid":{"rendered":"https:\/\/todocarritos.com\/?post_type=product&#038;p=496"},"modified":"2026-02-10T04:12:45","modified_gmt":"2026-02-10T03:12:45","slug":"carrito-hotdog-essential","status":"publish","type":"product","link":"https:\/\/todocarritos.com\/es\/carrito-hotdog-essential","title":{"rendered":"Carrito HotDog Essential"},"content":{"rendered":"<h2 class=\"p1\" style=\"margin: 0px;font-size: 13px;line-height: normal;font-family: 'Helvetica Neue'\">CARACTER\u00cdSTICAS Y ESPECIFICACIONES DEL CARRITO HOTDOG ESSENTIAL<\/h2>\n<h3 class=\"p1\" style=\"margin: 0px;font-size: 13px;line-height: normal;font-family: 'Helvetica Neue'\">USO:<\/h3>\n<p class=\"p1\" style=\"margin: 0px;font-size: 13px;line-height: normal;font-family: 'Helvetica Neue'\">El <strong><span style=\"color: #00a695\">Carrito Hot Dogs Essential<\/span><\/strong>, dispone de una estructura de acero lacado con pintura de esmalte de doble componente, de alta resistencia y dureza gracias al endurecedor, revestido de l\u00e1mina de acero esmaltado.<\/p>\n<p class=\"p1\" style=\"margin: 0px;font-size: 13px;line-height: normal;font-family: 'Helvetica Neue'\">El mostrador de acero inoxidable tiene incrustado un ba\u00f1o mar\u00eda de 3 compartimentos con potencia de 1300 w.<\/p>\n<p class=\"p1\" style=\"margin: 0px;font-size: 13px;line-height: normal;font-family: 'Helvetica Neue'\">El toldo es completamente desmontable, lo que permite un almacenaje m\u00e1s sencillo, y su sistema est\u00e1 testado para aguantar el viento. La tela es de loneta y los colores se puede elegir entre los colores b\u00e1sicos como el blanco y el negro\u00a0o a rayas blancas con (Amarillo, Azul, Rojo y Verde).<\/p>\n<h3 class=\"p1\" style=\"margin: 0px;font-size: 13px;line-height: normal;font-family: 'Helvetica Neue'\"><\/h3>\n<h3 class=\"p1\" style=\"margin: 0px;font-size: 13px;line-height: normal;font-family: 'Helvetica Neue'\">COMPONENTES:<\/h3>\n<ul>\n<li>Ba\u00f1o mar\u00eda con 3 cubetas GN 1\/3<\/li>\n<li>Mostrador acero inoxidable.<\/li>\n<li>Toldo en colores lisos, blanco y negro o a rayas.<\/li>\n<li>Rotulaci\u00f3n frontal a rayas simples.<\/li>\n<li>4 ruedas giratorias con freno como punto de apoyo.<\/li>\n<\/ul>\n<h3 class=\"p1\" style=\"margin: 0px;font-size: 13px;line-height: normal;font-family: 'Helvetica Neue'\">DIMENSIONES:<\/h3>\n<p class=\"p1\" style=\"margin: 0px;font-size: 13px;line-height: normal;font-family: 'Helvetica Neue'\">Altura :220 cm<\/p>\n<p class=\"p1\" style=\"margin: 0px;font-size: 13px;line-height: normal;font-family: 'Helvetica Neue'\">Anchura :110 cm cm<\/p>\n<p class=\"p1\" style=\"margin: 0px;font-size: 13px;line-height: normal;font-family: 'Helvetica Neue'\">Profundidad :70cm<\/p>\n<p class=\"p1\" style=\"margin: 0px;font-size: 13px;line-height: normal;font-family: 'Helvetica Neue'\">Peso :50 kg aprox.<\/p>\n<p class=\"p1\" style=\"margin: 0px;font-size: 13px;line-height: normal;font-family: 'Helvetica Neue'\">Compra ahora el carrito ESSENTIAL de hotdog a un precio inmejorable.<\/p>\n","protected":false},"excerpt":{"rendered":"<p><strong>Empieza tu negocio de hot dogs de forma accesible y profesional.<\/strong> El <em>Carrito Essential Hotdogs<\/em> es la herramienta ideal para <strong>emprendedores<\/strong> que buscan <strong>movilidad<\/strong>, <strong>imagen impactante<\/strong> y una <strong>operaci\u00f3n sencilla<\/strong> desde el primer d\u00eda, perfecto para <em>ferias, mercados, eventos y puntos con alto flujo de p\u00fablico<\/em>.<\/p>\n","protected":false},"featured_media":6839,"comment_status":"open","ping_status":"closed","template":"","meta":{"_acf_changed":false},"product_brand":[],"product_cat":[49,80,46,47],"class_list":{"0":"post-496","1":"product","2":"type-product","3":"status-publish","4":"has-post-thumbnail","6":"product_cat-carrito-de-hot-dog","7":"product_cat-carritos-en-stock","8":"product_cat-carritos-de-comida","9":"product_cat-carritos-salados","10":"product_shipping_class-carritos-general","12":"first","13":"instock","14":"taxable","15":"shipping-taxable","16":"product-type-variable"},"acf":[],"_links":{"self":[{"href":"https:\/\/todocarritos.com\/es\/wp-json\/wp\/v2\/product\/496","targetHints":{"allow":["GET"]}}],"collection":[{"href":"https:\/\/todocarritos.com\/es\/wp-json\/wp\/v2\/product"}],"about":[{"href":"https:\/\/todocarritos.com\/es\/wp-json\/wp\/v2\/types\/product"}],"replies":[{"embeddable":true,"href":"https:\/\/todocarritos.com\/es\/wp-json\/wp\/v2\/comments?post=496"}],"wp:featuredmedia":[{"embeddable":true,"href":"https:\/\/todocarritos.com\/es\/wp-json\/wp\/v2\/media\/6839"}],"wp:attachment":[{"href":"https:\/\/todocarritos.com\/es\/wp-json\/wp\/v2\/media?parent=496"}],"wp:term":[{"taxonomy":"product_brand","embeddable":true,"href":"https:\/\/todocarritos.com\/es\/wp-json\/wp\/v2\/product_brand?post=496"},{"taxonomy":"product_cat","embeddable":true,"href":"https:\/\/todocarritos.com\/es\/wp-json\/wp\/v2\/product_cat?post=496"}],"curies":[{"name":"wp","href":"https:\/\/api.w.org\/{rel}","templated":true}]}}