{"id":487,"date":"2025-07-18T15:33:52","date_gmt":"2025-07-18T13:33:52","guid":{"rendered":"https:\/\/todocarritos.com\/?post_type=product&#038;p=487"},"modified":"2026-02-12T13:00:32","modified_gmt":"2026-02-12T12:00:32","slug":"bano-maria-electrico-con-cubetas-y-tapas","status":"publish","type":"product","link":"https:\/\/todocarritos.com\/es\/bano-maria-electrico-con-cubetas-y-tapas","title":{"rendered":"Ba\u00f1o Mar\u00eda El\u00e9ctrico con cubetas y tapas"},"content":{"rendered":"","protected":false},"excerpt":{"rendered":"<ul>\n<li><strong>Calentamiento uniforme:<\/strong> sistema por agua que evita que los alimentos se resequen.<\/li>\n<li><strong>Control preciso:<\/strong> termostato regulable de 0\u00a0\u00b0C a 90\u00a0\u00b0C.<\/li>\n<li><strong>Alta versatilidad:<\/strong> compatible con 1 cubeta GN 1\/1 o 3 GN 1\/3.<\/li>\n<li><strong>Uso profesional:<\/strong> acero inoxidable al cromo n\u00edquel.<\/li>\n<li><strong>Seguridad:<\/strong> protecci\u00f3n IPX3 contra agua pulverizada.<\/li>\n<\/ul>\n","protected":false},"featured_media":7272,"comment_status":"open","ping_status":"closed","template":"","meta":{"_acf_changed":false},"product_brand":[],"product_cat":[81],"class_list":{"0":"post-487","1":"product","2":"type-product","3":"status-publish","4":"has-post-thumbnail","6":"product_cat-complementos","8":"first","9":"instock","10":"taxable","11":"shipping-taxable","12":"product-type-simple"},"acf":[],"_links":{"self":[{"href":"https:\/\/todocarritos.com\/es\/wp-json\/wp\/v2\/product\/487","targetHints":{"allow":["GET"]}}],"collection":[{"href":"https:\/\/todocarritos.com\/es\/wp-json\/wp\/v2\/product"}],"about":[{"href":"https:\/\/todocarritos.com\/es\/wp-json\/wp\/v2\/types\/product"}],"replies":[{"embeddable":true,"href":"https:\/\/todocarritos.com\/es\/wp-json\/wp\/v2\/comments?post=487"}],"wp:featuredmedia":[{"embeddable":true,"href":"https:\/\/todocarritos.com\/es\/wp-json\/wp\/v2\/media\/7272"}],"wp:attachment":[{"href":"https:\/\/todocarritos.com\/es\/wp-json\/wp\/v2\/media?parent=487"}],"wp:term":[{"taxonomy":"product_brand","embeddable":true,"href":"https:\/\/todocarritos.com\/es\/wp-json\/wp\/v2\/product_brand?post=487"},{"taxonomy":"product_cat","embeddable":true,"href":"https:\/\/todocarritos.com\/es\/wp-json\/wp\/v2\/product_cat?post=487"}],"curies":[{"name":"wp","href":"https:\/\/api.w.org\/{rel}","templated":true}]}}