{"id":425,"date":"2025-07-18T14:34:02","date_gmt":"2025-07-18T12:34:02","guid":{"rendered":"https:\/\/todocarritos.com\/?post_type=product&#038;p=425"},"modified":"2026-02-09T14:53:55","modified_gmt":"2026-02-09T13:53:55","slug":"maquina-de-algodon-de-azucar","status":"publish","type":"product","link":"https:\/\/todocarritos.com\/es\/maquina-de-algodon-de-azucar","title":{"rendered":"M\u00e1quina de Algod\u00f3n de az\u00facar"},"content":{"rendered":"","protected":false},"excerpt":{"rendered":"<div class=\"product-short-description\">\n<ul>\n<li><strong>Producci\u00f3n r\u00e1pida:<\/strong> 1 algod\u00f3n cada 30\u201360 s (hasta 1,5 kg\/h).<\/li>\n<li><strong>Algod\u00f3n grande:<\/strong> 25\u201330 cm de di\u00e1metro.<\/li>\n<li><strong>Puesta en marcha:<\/strong> lista para operar en 1\u20132 min (sistema de calentamiento eficiente).<\/li>\n<li><strong>Cuba inox \u00d8520 mm:<\/strong> higiene y resistencia a la corrosi\u00f3n.<\/li>\n<li><strong>Incluye carrito y c\u00fapula:<\/strong> movilidad y protecci\u00f3n frente a polvo y viento.<\/li>\n<li><strong>Control y seguridad:<\/strong> volt\u00edmetro integrado y fusible de protecci\u00f3n.<\/li>\n<\/ul>\n<\/div>\n","protected":false},"featured_media":432,"comment_status":"open","ping_status":"closed","template":"","meta":{"_acf_changed":false},"product_brand":[],"product_cat":[57,70,54,73,74,72,46,71,69],"class_list":{"0":"post-425","1":"product","2":"type-product","3":"status-publish","4":"has-post-thumbnail","6":"product_cat-carrito-de-algodon-dulce","7":"product_cat-carritos-comuniones","8":"product_cat-carritos-para-dulces","9":"product_cat-carritos-feria","10":"product_cat-carritos-fiestas-infantiles","11":"product_cat-carritos-bodas","12":"product_cat-carritos-de-comida","13":"product_cat-carritos-cumpleanos","14":"product_cat-carritos-para-eventos","15":"product_shipping_class-algodonera-y-maq-palomitas","17":"first","18":"instock","19":"sale","20":"taxable","21":"shipping-taxable","22":"product-type-simple"},"acf":[],"_links":{"self":[{"href":"https:\/\/todocarritos.com\/es\/wp-json\/wp\/v2\/product\/425","targetHints":{"allow":["GET"]}}],"collection":[{"href":"https:\/\/todocarritos.com\/es\/wp-json\/wp\/v2\/product"}],"about":[{"href":"https:\/\/todocarritos.com\/es\/wp-json\/wp\/v2\/types\/product"}],"replies":[{"embeddable":true,"href":"https:\/\/todocarritos.com\/es\/wp-json\/wp\/v2\/comments?post=425"}],"wp:featuredmedia":[{"embeddable":true,"href":"https:\/\/todocarritos.com\/es\/wp-json\/wp\/v2\/media\/432"}],"wp:attachment":[{"href":"https:\/\/todocarritos.com\/es\/wp-json\/wp\/v2\/media?parent=425"}],"wp:term":[{"taxonomy":"product_brand","embeddable":true,"href":"https:\/\/todocarritos.com\/es\/wp-json\/wp\/v2\/product_brand?post=425"},{"taxonomy":"product_cat","embeddable":true,"href":"https:\/\/todocarritos.com\/es\/wp-json\/wp\/v2\/product_cat?post=425"}],"curies":[{"name":"wp","href":"https:\/\/api.w.org\/{rel}","templated":true}]}}