{"id":1341,"date":"2025-08-06T10:38:48","date_gmt":"2025-08-06T08:38:48","guid":{"rendered":"https:\/\/todocarritos.com\/?post_type=product&#038;p=1341"},"modified":"2026-01-08T11:13:40","modified_gmt":"2026-01-08T10:13:40","slug":"carrito-de-granizada-essential","status":"publish","type":"product","link":"https:\/\/todocarritos.com\/es\/carrito-de-granizada-essential","title":{"rendered":"Carrito de Granizada Essential"},"content":{"rendered":"","protected":false},"excerpt":{"rendered":"<p><strong>El Carrito de Granizada Essential<\/strong> es tu opci\u00f3n pr\u00e1ctica y econ\u00f3mica para vender granizados con agilidad. Incorpora <strong>toldo de color est\u00e1ndar<\/strong>, <strong>mostrador en blanco o inoxidable<\/strong> y <strong>4 ruedas giratorias con freno<\/strong> para una movilidad controlada en eventos, ferias y puntos de venta temporales.<\/p>\n","protected":false},"featured_media":3815,"comment_status":"open","ping_status":"closed","template":"","meta":{"_acf_changed":false},"product_brand":[],"product_cat":[77,70,63,73,66,74,72,71,69,76],"class_list":{"0":"post-1341","1":"product","2":"type-product","3":"status-publish","4":"has-post-thumbnail","6":"product_cat-carritos-catering","7":"product_cat-carritos-comuniones","8":"product_cat-carritos-de-bebidas","9":"product_cat-carritos-feria","10":"product_cat-carritos-granizados","11":"product_cat-carritos-fiestas-infantiles","12":"product_cat-carritos-bodas","13":"product_cat-carritos-cumpleanos","14":"product_cat-carritos-para-eventos","15":"product_cat-carritos-para-negocios","16":"product_shipping_class-carritos-general","18":"first","19":"instock","20":"taxable","21":"shipping-taxable","22":"product-type-simple"},"acf":[],"_links":{"self":[{"href":"https:\/\/todocarritos.com\/es\/wp-json\/wp\/v2\/product\/1341","targetHints":{"allow":["GET"]}}],"collection":[{"href":"https:\/\/todocarritos.com\/es\/wp-json\/wp\/v2\/product"}],"about":[{"href":"https:\/\/todocarritos.com\/es\/wp-json\/wp\/v2\/types\/product"}],"replies":[{"embeddable":true,"href":"https:\/\/todocarritos.com\/es\/wp-json\/wp\/v2\/comments?post=1341"}],"wp:featuredmedia":[{"embeddable":true,"href":"https:\/\/todocarritos.com\/es\/wp-json\/wp\/v2\/media\/3815"}],"wp:attachment":[{"href":"https:\/\/todocarritos.com\/es\/wp-json\/wp\/v2\/media?parent=1341"}],"wp:term":[{"taxonomy":"product_brand","embeddable":true,"href":"https:\/\/todocarritos.com\/es\/wp-json\/wp\/v2\/product_brand?post=1341"},{"taxonomy":"product_cat","embeddable":true,"href":"https:\/\/todocarritos.com\/es\/wp-json\/wp\/v2\/product_cat?post=1341"}],"curies":[{"name":"wp","href":"https:\/\/api.w.org\/{rel}","templated":true}]}}