{"id":1338,"date":"2025-08-06T10:36:03","date_gmt":"2025-08-06T08:36:03","guid":{"rendered":"https:\/\/todocarritos.com\/?post_type=product&#038;p=1338"},"modified":"2026-01-08T11:13:49","modified_gmt":"2026-01-08T10:13:49","slug":"carrito-de-cocteles","status":"publish","type":"product","link":"https:\/\/todocarritos.com\/es\/carrito-de-cocteles","title":{"rendered":"Carrito de C\u00f3cteles Essential"},"content":{"rendered":"","protected":false},"excerpt":{"rendered":"<p><strong>Empieza a servir c\u00f3cteles donde quieras, sin complicarte.<\/strong> El Carrito de C\u00f3cteles Essential ofrece lo imprescindible para montar un bar m\u00f3vil funcional: <strong>toldo de color est\u00e1ndar<\/strong>, <strong>mostrador en blanco o inoxidable<\/strong> y <strong>4 ruedas giratorias con freno<\/strong> para moverte con seguridad en eventos, ferias y terrazas.<\/p>\n","protected":false},"featured_media":3860,"comment_status":"open","ping_status":"closed","template":"","meta":{"_acf_changed":false},"product_brand":[],"product_cat":[77,63,68,73,72,69,76],"class_list":{"0":"post-1338","1":"product","2":"type-product","3":"status-publish","4":"has-post-thumbnail","6":"product_cat-carritos-catering","7":"product_cat-carritos-de-bebidas","8":"product_cat-carritos-de-cocteles","9":"product_cat-carritos-feria","10":"product_cat-carritos-bodas","11":"product_cat-carritos-para-eventos","12":"product_cat-carritos-para-negocios","13":"product_shipping_class-carritos-general","15":"first","16":"instock","17":"taxable","18":"shipping-taxable","19":"product-type-simple"},"acf":[],"_links":{"self":[{"href":"https:\/\/todocarritos.com\/es\/wp-json\/wp\/v2\/product\/1338","targetHints":{"allow":["GET"]}}],"collection":[{"href":"https:\/\/todocarritos.com\/es\/wp-json\/wp\/v2\/product"}],"about":[{"href":"https:\/\/todocarritos.com\/es\/wp-json\/wp\/v2\/types\/product"}],"replies":[{"embeddable":true,"href":"https:\/\/todocarritos.com\/es\/wp-json\/wp\/v2\/comments?post=1338"}],"wp:featuredmedia":[{"embeddable":true,"href":"https:\/\/todocarritos.com\/es\/wp-json\/wp\/v2\/media\/3860"}],"wp:attachment":[{"href":"https:\/\/todocarritos.com\/es\/wp-json\/wp\/v2\/media?parent=1338"}],"wp:term":[{"taxonomy":"product_brand","embeddable":true,"href":"https:\/\/todocarritos.com\/es\/wp-json\/wp\/v2\/product_brand?post=1338"},{"taxonomy":"product_cat","embeddable":true,"href":"https:\/\/todocarritos.com\/es\/wp-json\/wp\/v2\/product_cat?post=1338"}],"curies":[{"name":"wp","href":"https:\/\/api.w.org\/{rel}","templated":true}]}}