{"id":1321,"date":"2025-08-06T10:09:07","date_gmt":"2025-08-06T08:09:07","guid":{"rendered":"https:\/\/todocarritos.com\/?post_type=product&#038;p=1321"},"modified":"2026-02-20T11:51:10","modified_gmt":"2026-02-20T10:51:10","slug":"carrito-helados-deluxe","status":"publish","type":"product","link":"https:\/\/todocarritos.com\/es\/carrito-helados-deluxe","title":{"rendered":"Carrito de Helados Deluxe"},"content":{"rendered":"","protected":false},"excerpt":{"rendered":"<p><strong>Haz que tu punto de venta de helados destaque desde el primer vistazo.<\/strong> El Carrito de Helados Deluxe combina dise\u00f1o profesional, gran capacidad de fr\u00edo y movilidad segura para vender helados y polos con una presentaci\u00f3n impecable en eventos, ferias y catering.<\/p>\n<p>Opciones de congelador:<\/p>\n<ul>\n<li>Con congelador 200 L: 1.914,99 \u20ac<\/li>\n<li>Con congelador 300 L: 2.378 \u20ac<\/li>\n<\/ul>\n","protected":false},"featured_media":4060,"comment_status":"open","ping_status":"closed","template":"","meta":{"_acf_changed":false},"product_brand":[],"product_cat":[70,54,55,74,46,71,69],"class_list":{"0":"post-1321","1":"product","2":"type-product","3":"status-publish","4":"has-post-thumbnail","6":"product_cat-carritos-comuniones","7":"product_cat-carritos-para-dulces","8":"product_cat-carrito-de-helados","9":"product_cat-carritos-fiestas-infantiles","10":"product_cat-carritos-de-comida","11":"product_cat-carritos-cumpleanos","12":"product_cat-carritos-para-eventos","13":"product_shipping_class-carritos-general","15":"first","16":"instock","17":"taxable","18":"shipping-taxable","19":"product-type-variable"},"acf":[],"_links":{"self":[{"href":"https:\/\/todocarritos.com\/es\/wp-json\/wp\/v2\/product\/1321","targetHints":{"allow":["GET"]}}],"collection":[{"href":"https:\/\/todocarritos.com\/es\/wp-json\/wp\/v2\/product"}],"about":[{"href":"https:\/\/todocarritos.com\/es\/wp-json\/wp\/v2\/types\/product"}],"replies":[{"embeddable":true,"href":"https:\/\/todocarritos.com\/es\/wp-json\/wp\/v2\/comments?post=1321"}],"wp:featuredmedia":[{"embeddable":true,"href":"https:\/\/todocarritos.com\/es\/wp-json\/wp\/v2\/media\/4060"}],"wp:attachment":[{"href":"https:\/\/todocarritos.com\/es\/wp-json\/wp\/v2\/media?parent=1321"}],"wp:term":[{"taxonomy":"product_brand","embeddable":true,"href":"https:\/\/todocarritos.com\/es\/wp-json\/wp\/v2\/product_brand?post=1321"},{"taxonomy":"product_cat","embeddable":true,"href":"https:\/\/todocarritos.com\/es\/wp-json\/wp\/v2\/product_cat?post=1321"}],"curies":[{"name":"wp","href":"https:\/\/api.w.org\/{rel}","templated":true}]}}