{"id":1314,"date":"2025-08-06T10:03:25","date_gmt":"2025-08-06T08:03:25","guid":{"rendered":"https:\/\/todocarritos.com\/?post_type=product&#038;p=1314"},"modified":"2026-01-08T11:17:38","modified_gmt":"2026-01-08T10:17:38","slug":"carrito-de-bunuelos-premium","status":"publish","type":"product","link":"https:\/\/todocarritos.com\/es\/carrito-de-bunuelos-premium","title":{"rendered":"Carrito de Bu\u00f1uelos Premium"},"content":{"rendered":"","protected":false},"excerpt":{"rendered":"<p><strong>Vende bu\u00f1uelos reci\u00e9n hechos con una imagen profesional y lista para convertir.<\/strong> El Carrito de Bu\u00f1uelos Premium combina <strong>toldo de color est\u00e1ndar<\/strong>, <strong>mostrador en blanco o inoxidable<\/strong> y <strong>ruedas antipinchazos<\/strong> para montar un <em>punto de venta m\u00f3vil<\/em> eficaz en ferias, mercados y eventos de catering.<\/p>\n","protected":false},"featured_media":4214,"comment_status":"open","ping_status":"closed","template":"","meta":{"_acf_changed":false},"product_brand":[],"product_cat":[70,62,54,73,74,46,71,69],"class_list":{"0":"post-1314","1":"product","2":"type-product","3":"status-publish","4":"has-post-thumbnail","6":"product_cat-carritos-comuniones","7":"product_cat-carritos-bunuelos","8":"product_cat-carritos-para-dulces","9":"product_cat-carritos-feria","10":"product_cat-carritos-fiestas-infantiles","11":"product_cat-carritos-de-comida","12":"product_cat-carritos-cumpleanos","13":"product_cat-carritos-para-eventos","14":"product_shipping_class-carritos-general","16":"first","17":"instock","18":"taxable","19":"shipping-taxable","20":"product-type-simple"},"acf":[],"_links":{"self":[{"href":"https:\/\/todocarritos.com\/es\/wp-json\/wp\/v2\/product\/1314","targetHints":{"allow":["GET"]}}],"collection":[{"href":"https:\/\/todocarritos.com\/es\/wp-json\/wp\/v2\/product"}],"about":[{"href":"https:\/\/todocarritos.com\/es\/wp-json\/wp\/v2\/types\/product"}],"replies":[{"embeddable":true,"href":"https:\/\/todocarritos.com\/es\/wp-json\/wp\/v2\/comments?post=1314"}],"wp:featuredmedia":[{"embeddable":true,"href":"https:\/\/todocarritos.com\/es\/wp-json\/wp\/v2\/media\/4214"}],"wp:attachment":[{"href":"https:\/\/todocarritos.com\/es\/wp-json\/wp\/v2\/media?parent=1314"}],"wp:term":[{"taxonomy":"product_brand","embeddable":true,"href":"https:\/\/todocarritos.com\/es\/wp-json\/wp\/v2\/product_brand?post=1314"},{"taxonomy":"product_cat","embeddable":true,"href":"https:\/\/todocarritos.com\/es\/wp-json\/wp\/v2\/product_cat?post=1314"}],"curies":[{"name":"wp","href":"https:\/\/api.w.org\/{rel}","templated":true}]}}