{"id":1307,"date":"2025-08-06T09:26:25","date_gmt":"2025-08-06T07:26:25","guid":{"rendered":"https:\/\/todocarritos.com\/?post_type=product&#038;p=1307"},"modified":"2026-01-08T11:18:35","modified_gmt":"2026-01-08T10:18:35","slug":"carrito-de-chuches-essential","status":"publish","type":"product","link":"https:\/\/todocarritos.com\/es\/carrito-de-chuches-essential","title":{"rendered":"Carrito de Chuches Essential"},"content":{"rendered":"","protected":false},"excerpt":{"rendered":"<p><strong>Tu candy bar m\u00f3vil, sencillo y rentable.<\/strong> El Carrito de Chuches Essential re\u00fane lo imprescindible para montar un punto de venta de golosinas \u00e1gil y atractivo en <em>bodas, ferias, cumplea\u00f1os y eventos corporativos<\/em>.<\/p>\n<p><strong data-start=\"80\" data-end=\"103\">Imagen orientativa.<\/strong> La imagen mostrada es meramente ilustrativa y puede no corresponderse con el producto final. El producto incluye \u00fanicamente el carrito; los elementos externos que aparecen en la imagen no est\u00e1n incluidos.<\/p>\n<p data-start=\"310\" data-end=\"379\" data-is-last-node=\"\" data-is-only-node=\"\">\n","protected":false},"featured_media":2591,"comment_status":"open","ping_status":"closed","template":"","meta":{"_acf_changed":false},"product_brand":[],"product_cat":[56,70,54,74,72,46,71,69],"class_list":{"0":"post-1307","1":"product","2":"type-product","3":"status-publish","4":"has-post-thumbnail","6":"product_cat-carrito-para-chuches","7":"product_cat-carritos-comuniones","8":"product_cat-carritos-para-dulces","9":"product_cat-carritos-fiestas-infantiles","10":"product_cat-carritos-bodas","11":"product_cat-carritos-de-comida","12":"product_cat-carritos-cumpleanos","13":"product_cat-carritos-para-eventos","14":"product_shipping_class-carritos-general","16":"first","17":"instock","18":"taxable","19":"shipping-taxable","20":"product-type-simple"},"acf":[],"_links":{"self":[{"href":"https:\/\/todocarritos.com\/es\/wp-json\/wp\/v2\/product\/1307","targetHints":{"allow":["GET"]}}],"collection":[{"href":"https:\/\/todocarritos.com\/es\/wp-json\/wp\/v2\/product"}],"about":[{"href":"https:\/\/todocarritos.com\/es\/wp-json\/wp\/v2\/types\/product"}],"replies":[{"embeddable":true,"href":"https:\/\/todocarritos.com\/es\/wp-json\/wp\/v2\/comments?post=1307"}],"wp:featuredmedia":[{"embeddable":true,"href":"https:\/\/todocarritos.com\/es\/wp-json\/wp\/v2\/media\/2591"}],"wp:attachment":[{"href":"https:\/\/todocarritos.com\/es\/wp-json\/wp\/v2\/media?parent=1307"}],"wp:term":[{"taxonomy":"product_brand","embeddable":true,"href":"https:\/\/todocarritos.com\/es\/wp-json\/wp\/v2\/product_brand?post=1307"},{"taxonomy":"product_cat","embeddable":true,"href":"https:\/\/todocarritos.com\/es\/wp-json\/wp\/v2\/product_cat?post=1307"}],"curies":[{"name":"wp","href":"https:\/\/api.w.org\/{rel}","templated":true}]}}