{"id":1239,"date":"2025-08-04T10:12:47","date_gmt":"2025-08-04T08:12:47","guid":{"rendered":"https:\/\/todocarritos.com\/?post_type=product&#038;p=1239"},"modified":"2026-02-03T08:44:41","modified_gmt":"2026-02-03T07:44:41","slug":"carrito-promocional-deluxe","status":"publish","type":"product","link":"https:\/\/todocarritos.com\/es\/carrito-promocional-deluxe","title":{"rendered":"Carrito promocional Deluxe"},"content":{"rendered":"","protected":false},"excerpt":{"rendered":"<p><strong>Activa tu marca con un punto promocional m\u00f3vil de alto impacto.<\/strong> El Carrito Promocional Deluxe est\u00e1 pensado para <em>ferias, congresos, roadshows y acciones en punto de venta<\/em>, ofreciendo m\u00e1xima visibilidad, superficie de trabajo higi\u00e9nica y personalizaci\u00f3n total para captar leads y presentar producto.<\/p>\n","protected":false},"featured_media":1240,"comment_status":"open","ping_status":"closed","template":"","meta":{"_acf_changed":false},"product_brand":[],"product_cat":[78,76],"class_list":{"0":"post-1239","1":"product","2":"type-product","3":"status-publish","4":"has-post-thumbnail","6":"product_cat-carritos-promocionales","7":"product_cat-carritos-para-negocios","9":"first","10":"instock","11":"taxable","12":"shipping-taxable","13":"product-type-simple"},"acf":[],"_links":{"self":[{"href":"https:\/\/todocarritos.com\/es\/wp-json\/wp\/v2\/product\/1239","targetHints":{"allow":["GET"]}}],"collection":[{"href":"https:\/\/todocarritos.com\/es\/wp-json\/wp\/v2\/product"}],"about":[{"href":"https:\/\/todocarritos.com\/es\/wp-json\/wp\/v2\/types\/product"}],"replies":[{"embeddable":true,"href":"https:\/\/todocarritos.com\/es\/wp-json\/wp\/v2\/comments?post=1239"}],"wp:featuredmedia":[{"embeddable":true,"href":"https:\/\/todocarritos.com\/es\/wp-json\/wp\/v2\/media\/1240"}],"wp:attachment":[{"href":"https:\/\/todocarritos.com\/es\/wp-json\/wp\/v2\/media?parent=1239"}],"wp:term":[{"taxonomy":"product_brand","embeddable":true,"href":"https:\/\/todocarritos.com\/es\/wp-json\/wp\/v2\/product_brand?post=1239"},{"taxonomy":"product_cat","embeddable":true,"href":"https:\/\/todocarritos.com\/es\/wp-json\/wp\/v2\/product_cat?post=1239"}],"curies":[{"name":"wp","href":"https:\/\/api.w.org\/{rel}","templated":true}]}}