{"id":601,"date":"2025-07-21T12:41:10","date_gmt":"2025-07-21T10:41:10","guid":{"rendered":"https:\/\/todocarritos.com\/?page_id=601"},"modified":"2025-09-30T14:12:04","modified_gmt":"2025-09-30T12:12:04","slug":"sobre-nosotros","status":"publish","type":"page","link":"https:\/\/todocarritos.com\/es\/sobre-nosotros","title":{"rendered":"Sobre nosotros"},"content":{"rendered":"\t\t<div data-elementor-type=\"wp-page\" data-elementor-id=\"601\" class=\"elementor elementor-601\" data-elementor-post-type=\"page\">\n\t\t\t\t<div class=\"elementor-element elementor-element-7d30ef7 e-flex e-con-boxed e-con e-parent\" data-id=\"7d30ef7\" data-element_type=\"container\">\n\t\t\t\t\t<div class=\"e-con-inner\">\n\t\t<div class=\"elementor-element elementor-element-e8b11bb e-con-full e-flex e-con e-child\" data-id=\"e8b11bb\" data-element_type=\"container\">\n\t\t\t\t<div class=\"elementor-element elementor-element-324fe42 elementor-widget elementor-widget-heading\" data-id=\"324fe42\" data-element_type=\"widget\" data-widget_type=\"heading.default\">\n\t\t\t\t\t<h1 class=\"elementor-heading-title elementor-size-default\">\u00bfQui\u00e9nes somos?<\/h1>\t\t\t\t<\/div>\n\t\t\t\t<div class=\"elementor-element elementor-element-f4894fe elementor-widget elementor-widget-text-editor\" data-id=\"f4894fe\" data-element_type=\"widget\" data-widget_type=\"text-editor.default\">\n\t\t\t\t\t\t\t\t\t<p>TODOCARRITOS.COM es una empresa especializada en el dise\u00f1o y la fabricaci\u00f3n de todo tipo de carritos para particulares y empresas, ya sean para uso alimenticio \u00f3 promocional. Llevamos un intenso recorrido, en el que han confiado grandes empresas y marcas importantes. Te invitamos a que descubras nuestros trabajos.<\/p>\t\t\t\t\t\t\t\t<\/div>\n\t\t\t\t<\/div>\n\t\t<div class=\"elementor-element elementor-element-5adce59 e-con-full e-flex e-con e-child\" data-id=\"5adce59\" data-element_type=\"container\">\n\t\t\t\t<div class=\"elementor-element elementor-element-cce3317 elementor-widget elementor-widget-image\" data-id=\"cce3317\" data-element_type=\"widget\" data-widget_type=\"image.default\">\n\t\t\t\t\t\t\t\t\t\t\t\t\t\t\t<img fetchpriority=\"high\" decoding=\"async\" width=\"800\" height=\"450\" src=\"https:\/\/todocarritos.com\/wp-content\/uploads\/2025\/09\/equipo-1-1024x576.webp\" class=\"attachment-large size-large wp-image-4234\" alt=\"equipo\" srcset=\"https:\/\/todocarritos.com\/wp-content\/uploads\/2025\/09\/equipo-1-1024x576.webp 1024w, https:\/\/todocarritos.com\/wp-content\/uploads\/2025\/09\/equipo-1-300x169.webp 300w, https:\/\/todocarritos.com\/wp-content\/uploads\/2025\/09\/equipo-1-768x432.webp 768w, https:\/\/todocarritos.com\/wp-content\/uploads\/2025\/09\/equipo-1-1536x864.webp 1536w, https:\/\/todocarritos.com\/wp-content\/uploads\/2025\/09\/equipo-1-600x338.webp 600w, https:\/\/todocarritos.com\/wp-content\/uploads\/2025\/09\/equipo-1.webp 1920w\" sizes=\"(max-width: 800px) 100vw, 800px\" title=\"\">\t\t\t\t\t\t\t\t\t\t\t\t\t\t\t<\/div>\n\t\t\t\t<\/div>\n\t\t\t\t\t<\/div>\n\t\t\t\t<\/div>\n\t\t<div class=\"elementor-element elementor-element-2f84cb1 e-flex e-con-boxed e-con e-parent\" data-id=\"2f84cb1\" data-element_type=\"container\">\n\t\t\t\t\t<div class=\"e-con-inner\">\n\t\t<div class=\"elementor-element elementor-element-53a2765 e-con-full e-flex e-con e-child\" data-id=\"53a2765\" data-element_type=\"container\">\n\t\t\t\t<div class=\"elementor-element elementor-element-25a987f elementor-widget elementor-widget-image\" data-id=\"25a987f\" data-element_type=\"widget\" data-widget_type=\"image.default\">\n\t\t\t\t\t\t\t\t\t\t\t\t\t\t\t<img decoding=\"async\" width=\"800\" height=\"526\" src=\"https:\/\/todocarritos.com\/wp-content\/uploads\/2025\/09\/05-costura.webp\" class=\"attachment-large size-large wp-image-5060\" alt=\"\" srcset=\"https:\/\/todocarritos.com\/wp-content\/uploads\/2025\/09\/05-costura.webp 912w, https:\/\/todocarritos.com\/wp-content\/uploads\/2025\/09\/05-costura-300x197.webp 300w, https:\/\/todocarritos.com\/wp-content\/uploads\/2025\/09\/05-costura-768x505.webp 768w, https:\/\/todocarritos.com\/wp-content\/uploads\/2025\/09\/05-costura-600x395.webp 600w\" sizes=\"(max-width: 800px) 100vw, 800px\" title=\"\">\t\t\t\t\t\t\t\t\t\t\t\t\t\t\t<\/div>\n\t\t\t\t<\/div>\n\t\t<div class=\"elementor-element elementor-element-2271b71 e-con-full e-flex e-con e-child\" data-id=\"2271b71\" data-element_type=\"container\">\n\t\t\t\t<div class=\"elementor-element elementor-element-f0a17df elementor-widget elementor-widget-heading\" data-id=\"f0a17df\" data-element_type=\"widget\" data-widget_type=\"heading.default\">\n\t\t\t\t\t<h2 class=\"elementor-heading-title elementor-size-default\">Del principio al fin\n<\/h2>\t\t\t\t<\/div>\n\t\t\t\t<div class=\"elementor-element elementor-element-8f9f7cb elementor-widget elementor-widget-text-editor\" data-id=\"8f9f7cb\" data-element_type=\"widget\" data-widget_type=\"text-editor.default\">\n\t\t\t\t\t\t\t\t\t<p>NOSOTROS LO HAREMOS REALIDAD<\/p><p>\u00bfTienes en mente un proyecto de un carrito para tu negocio y quieres hacerlo realidad?, \u00bf No sabes por d\u00f3nde empezar?<\/p><p>\u00a1No te preocupes!, nosotros nos encargaremos de todo.<\/p><p>Pon en nuestras manos tu proyecto y, en pocos d\u00edas lo ver\u00e1s hecho realidad, y con la m\u00e1xima garant\u00eda de calidad, seguro\/a que quedar\u00e1s satisfecho\/a con el trabajo realizado.<\/p>\t\t\t\t\t\t\t\t<\/div>\n\t\t\t\t<\/div>\n\t\t\t\t\t<\/div>\n\t\t\t\t<\/div>\n\t\t<div class=\"elementor-element elementor-element-d89889d e-flex e-con-boxed e-con e-parent\" data-id=\"d89889d\" data-element_type=\"container\">\n\t\t\t\t\t<div class=\"e-con-inner\">\n\t\t<div class=\"elementor-element elementor-element-2c96d10 e-con-full e-flex e-con e-child\" data-id=\"2c96d10\" data-element_type=\"container\">\n\t\t\t\t<div class=\"elementor-element elementor-element-d35fcc8 elementor-widget elementor-widget-heading\" data-id=\"d35fcc8\" data-element_type=\"widget\" data-widget_type=\"heading.default\">\n\t\t\t\t\t<h2 class=\"elementor-heading-title elementor-size-default\">Elaboraci\u00f3n de nuestros carritos\n<\/h2>\t\t\t\t<\/div>\n\t\t\t\t<div class=\"elementor-element elementor-element-c6cf6c7 elementor-widget elementor-widget-text-editor\" data-id=\"c6cf6c7\" data-element_type=\"widget\" data-widget_type=\"text-editor.default\">\n\t\t\t\t\t\t\t\t\t<p>SOMOS FABRICANTES<\/p><p>Todos nuestros carritos son 100% artesanales y trabajamos con los mejores materiales, lo que les confiere una gran durabilidad y resistencia.<\/p>\t\t\t\t\t\t\t\t<\/div>\n\t\t\t\t<div class=\"elementor-element elementor-element-343ad2e elementor-widget-tablet__width-initial elementor-hidden-tablet elementor-hidden-mobile elementor-widget elementor-widget-button\" data-id=\"343ad2e\" data-element_type=\"widget\" data-widget_type=\"button.default\">\n\t\t\t\t\t\t\t\t\t\t<a class=\"elementor-button elementor-button-link elementor-size-sm\" href=\"\/carritos-en-stock\">\n\t\t\t\t\t\t<span class=\"elementor-button-content-wrapper\">\n\t\t\t\t\t\t\t\t\t<span class=\"elementor-button-text\">Ver productos<\/span>\n\t\t\t\t\t<\/span>\n\t\t\t\t\t<\/a>\n\t\t\t\t\t\t\t\t<\/div>\n\t\t\t\t<\/div>\n\t\t<div class=\"elementor-element elementor-element-12bbb0e e-con-full e-flex e-con e-child\" data-id=\"12bbb0e\" data-element_type=\"container\">\n\t\t\t\t<div class=\"elementor-element elementor-element-b86d42e elementor-widget elementor-widget-image\" data-id=\"b86d42e\" data-element_type=\"widget\" data-widget_type=\"image.default\">\n\t\t\t\t\t\t\t\t\t\t\t\t\t\t\t<img decoding=\"async\" width=\"706\" height=\"459\" src=\"https:\/\/todocarritos.com\/wp-content\/uploads\/2025\/09\/04-radial.webp\" class=\"attachment-large size-large wp-image-5067\" alt=\"A mano\" srcset=\"https:\/\/todocarritos.com\/wp-content\/uploads\/2025\/09\/04-radial.webp 706w, https:\/\/todocarritos.com\/wp-content\/uploads\/2025\/09\/04-radial-300x195.webp 300w, https:\/\/todocarritos.com\/wp-content\/uploads\/2025\/09\/04-radial-600x390.webp 600w\" sizes=\"(max-width: 706px) 100vw, 706px\" title=\"\">\t\t\t\t\t\t\t\t\t\t\t\t\t\t\t<\/div>\n\t\t\t\t<\/div>\n\t\t\t\t\t<\/div>\n\t\t\t\t<\/div>\n\t\t<div class=\"elementor-element elementor-element-3fa81eb e-flex e-con-boxed e-con e-parent\" data-id=\"3fa81eb\" data-element_type=\"container\">\n\t\t\t\t\t<div class=\"e-con-inner\">\n\t\t<div class=\"elementor-element elementor-element-d7dcfad e-con-full e-flex e-con e-child\" data-id=\"d7dcfad\" data-element_type=\"container\">\n\t\t\t\t<div class=\"elementor-element elementor-element-1a5489f elementor-widget elementor-widget-image\" data-id=\"1a5489f\" data-element_type=\"widget\" data-widget_type=\"image.default\">\n\t\t\t\t\t\t\t\t\t\t\t\t\t\t\t<img loading=\"lazy\" decoding=\"async\" width=\"800\" height=\"533\" src=\"https:\/\/todocarritos.com\/wp-content\/uploads\/2025\/09\/carrito-crepes-copia.webp\" class=\"attachment-large size-large wp-image-5077\" alt=\"carrito-crepes\" srcset=\"https:\/\/todocarritos.com\/wp-content\/uploads\/2025\/09\/carrito-crepes-copia.webp 850w, https:\/\/todocarritos.com\/wp-content\/uploads\/2025\/09\/carrito-crepes-copia-300x200.webp 300w, https:\/\/todocarritos.com\/wp-content\/uploads\/2025\/09\/carrito-crepes-copia-768x511.webp 768w, https:\/\/todocarritos.com\/wp-content\/uploads\/2025\/09\/carrito-crepes-copia-600x400.webp 600w\" sizes=\"(max-width: 800px) 100vw, 800px\" title=\"\">\t\t\t\t\t\t\t\t\t\t\t\t\t\t\t<\/div>\n\t\t\t\t<\/div>\n\t\t<div class=\"elementor-element elementor-element-c15f4d6 e-con-full e-flex e-con e-child\" data-id=\"c15f4d6\" data-element_type=\"container\">\n\t\t\t\t<div class=\"elementor-element elementor-element-bf73f08 elementor-widget elementor-widget-heading\" data-id=\"bf73f08\" data-element_type=\"widget\" data-widget_type=\"heading.default\">\n\t\t\t\t\t<h2 class=\"elementor-heading-title elementor-size-default\">De principio a fin<\/h2>\t\t\t\t<\/div>\n\t\t\t\t<div class=\"elementor-element elementor-element-88b631e elementor-widget elementor-widget-text-editor\" data-id=\"88b631e\" data-element_type=\"widget\" data-widget_type=\"text-editor.default\">\n\t\t\t\t\t\t\t\t\t<p>A TU SERVICIO<\/p><p>Nuestro departamento de atenci\u00f3n al cliente, estar\u00e1 en todo el proceso de fabricaci\u00f3n para atender todas las dudas que puedan surgir, disponemos de chat en l\u00ednea, WhatsApp, tel\u00e9fono y correo electr\u00f3nico, para que nos hagas llegar tus peticiones<\/p>\t\t\t\t\t\t\t\t<\/div>\n\t\t\t\t<div class=\"elementor-element elementor-element-3446d80 elementor-widget-tablet__width-initial elementor-hidden-tablet elementor-hidden-mobile elementor-widget elementor-widget-button\" data-id=\"3446d80\" data-element_type=\"widget\" data-widget_type=\"button.default\">\n\t\t\t\t\t\t\t\t\t\t<a class=\"elementor-button elementor-button-link elementor-size-sm\" href=\"\/contacto\">\n\t\t\t\t\t\t<span class=\"elementor-button-content-wrapper\">\n\t\t\t\t\t\t\t\t\t<span class=\"elementor-button-text\">Contacto<\/span>\n\t\t\t\t\t<\/span>\n\t\t\t\t\t<\/a>\n\t\t\t\t\t\t\t\t<\/div>\n\t\t\t\t<\/div>\n\t\t\t\t\t<\/div>\n\t\t\t\t<\/div>\n\t\t\t\t<\/div>\n\t\t","protected":false},"excerpt":{"rendered":"<p>\u00bfQui\u00e9nes somos? TODOCARRITOS.COM es una empresa especializada en el dise\u00f1o y la fabricaci\u00f3n de todo tipo de carritos para particulares y empresas, ya sean para uso alimenticio \u00f3 promocional. Llevamos un intenso recorrido, en el que han confiado grandes empresas y marcas importantes. Te invitamos a que descubras nuestros trabajos. Del principio al fin NOSOTROS [&hellip;]<\/p>\n","protected":false},"author":2,"featured_media":0,"parent":0,"menu_order":0,"comment_status":"closed","ping_status":"closed","template":"","meta":{"_acf_changed":false,"footnotes":""},"class_list":["post-601","page","type-page","status-publish","hentry"],"acf":[],"_links":{"self":[{"href":"https:\/\/todocarritos.com\/es\/wp-json\/wp\/v2\/pages\/601","targetHints":{"allow":["GET"]}}],"collection":[{"href":"https:\/\/todocarritos.com\/es\/wp-json\/wp\/v2\/pages"}],"about":[{"href":"https:\/\/todocarritos.com\/es\/wp-json\/wp\/v2\/types\/page"}],"author":[{"embeddable":true,"href":"https:\/\/todocarritos.com\/es\/wp-json\/wp\/v2\/users\/2"}],"replies":[{"embeddable":true,"href":"https:\/\/todocarritos.com\/es\/wp-json\/wp\/v2\/comments?post=601"}],"version-history":[{"count":0,"href":"https:\/\/todocarritos.com\/es\/wp-json\/wp\/v2\/pages\/601\/revisions"}],"wp:attachment":[{"href":"https:\/\/todocarritos.com\/es\/wp-json\/wp\/v2\/media?parent=601"}],"curies":[{"name":"wp","href":"https:\/\/api.w.org\/{rel}","templated":true}]}}