{"id":263,"date":"2025-07-18T11:01:51","date_gmt":"2025-07-18T09:01:51","guid":{"rendered":"https:\/\/todocarritos.com\/?page_id=263"},"modified":"2026-04-09T10:42:09","modified_gmt":"2026-04-09T08:42:09","slug":"contacto","status":"publish","type":"page","link":"https:\/\/todocarritos.com\/es\/contacto","title":{"rendered":"Contacto"},"content":{"rendered":"\t\t<div data-elementor-type=\"wp-page\" data-elementor-id=\"263\" class=\"elementor elementor-263\" data-elementor-post-type=\"page\">\n\t\t\t\t<div class=\"elementor-element elementor-element-ccfec10 e-flex e-con-boxed e-con e-parent\" data-id=\"ccfec10\" data-element_type=\"container\" data-settings=\"{&quot;background_background&quot;:&quot;classic&quot;}\">\n\t\t\t\t\t<div class=\"e-con-inner\">\n\t\t\t\t<div class=\"elementor-element elementor-element-f527ad6 elementor-widget elementor-widget-heading\" data-id=\"f527ad6\" data-element_type=\"widget\" data-widget_type=\"heading.default\">\n\t\t\t\t\t<h2 class=\"elementor-heading-title elementor-size-default\">Contacto<\/h2>\t\t\t\t<\/div>\n\t\t\t\t\t<\/div>\n\t\t\t\t<\/div>\n\t\t<div class=\"elementor-element elementor-element-39f72f9 e-flex e-con-boxed e-con e-parent\" data-id=\"39f72f9\" data-element_type=\"container\">\n\t\t\t\t\t<div class=\"e-con-inner\">\n\t\t<div class=\"elementor-element elementor-element-8cf120c e-con-full elementor-hidden-mobile e-flex e-con e-child\" data-id=\"8cf120c\" data-element_type=\"container\">\n\t\t\t\t<div class=\"elementor-element elementor-element-0e5ddf6 elementor-widget elementor-widget-image\" data-id=\"0e5ddf6\" data-element_type=\"widget\" data-widget_type=\"image.default\">\n\t\t\t\t\t\t\t\t\t\t\t\t\t\t\t<img fetchpriority=\"high\" decoding=\"async\" width=\"800\" height=\"1000\" src=\"https:\/\/todocarritos.com\/wp-content\/uploads\/2025\/09\/Diseno-sin-titulo-8-819x1024.webp\" class=\"attachment-large size-large wp-image-4154\" alt=\"\" srcset=\"https:\/\/todocarritos.com\/wp-content\/uploads\/2025\/09\/Diseno-sin-titulo-8-819x1024.webp 819w, https:\/\/todocarritos.com\/wp-content\/uploads\/2025\/09\/Diseno-sin-titulo-8-240x300.webp 240w, https:\/\/todocarritos.com\/wp-content\/uploads\/2025\/09\/Diseno-sin-titulo-8-768x960.webp 768w, https:\/\/todocarritos.com\/wp-content\/uploads\/2025\/09\/Diseno-sin-titulo-8-1229x1536.webp 1229w, https:\/\/todocarritos.com\/wp-content\/uploads\/2025\/09\/Diseno-sin-titulo-8-1638x2048.webp 1638w, https:\/\/todocarritos.com\/wp-content\/uploads\/2025\/09\/Diseno-sin-titulo-8-600x750.webp 600w, https:\/\/todocarritos.com\/wp-content\/uploads\/2025\/09\/Diseno-sin-titulo-8.webp 2000w\" sizes=\"(max-width: 800px) 100vw, 800px\" title=\"\">\t\t\t\t\t\t\t\t\t\t\t\t\t\t\t<\/div>\n\t\t\t\t<\/div>\n\t\t<div class=\"elementor-element elementor-element-631061a e-con-full e-flex e-con e-child\" data-id=\"631061a\" data-element_type=\"container\">\n\t\t\t\t<div class=\"elementor-element elementor-element-532d8d4 elementor-widget elementor-widget-heading\" data-id=\"532d8d4\" data-element_type=\"widget\" data-widget_type=\"heading.default\">\n\t\t\t\t\t<h2 class=\"elementor-heading-title elementor-size-default\">Contacta con nosotros para obtener el mejor asesoramiento<\/h2>\t\t\t\t<\/div>\n\t\t\t\t<div class=\"elementor-element elementor-element-c75629f elementor-widget elementor-widget-html\" data-id=\"c75629f\" data-element_type=\"widget\" data-widget_type=\"html.default\">\n\t\t\t\t\t<div style=\"max-width: 600px; margin: 0 auto; padding: 20px;\">\r\n  <form id=\"contact-form\">\r\n    <div style=\"margin-bottom: 15px;\">\r\n      <label style=\"display:block; margin-bottom:5px; font-weight:bold;\">Nombre *<\/label>\r\n      <input type=\"text\" id=\"user_name\" required\r\n        style=\"width:100%; padding:10px; border:1px solid #ccc; border-radius:5px; font-size:16px;\">\r\n    <\/div>\r\n    <div style=\"margin-bottom: 15px;\">\r\n      <label style=\"display:block; margin-bottom:5px; font-weight:bold;\">Email *<\/label>\r\n      <input type=\"email\" id=\"user_email\" required\r\n        style=\"width:100%; padding:10px; border:1px solid #ccc; border-radius:5px; font-size:16px;\">\r\n    <\/div>\r\n    <div style=\"margin-bottom: 15px;\">\r\n      <label style=\"display:block; margin-bottom:5px; font-weight:bold;\">Tel\u00e9fono<\/label>\r\n      <input type=\"tel\" id=\"user_phone\"\r\n        style=\"width:100%; padding:10px; border:1px solid #ccc; border-radius:5px; font-size:16px;\">\r\n    <\/div>\r\n    <div style=\"margin-bottom: 15px;\">\r\n      <label style=\"display:block; margin-bottom:5px; font-weight:bold;\">Mensaje *<\/label>\r\n      <textarea id=\"message\" rows=\"5\" required\r\n        style=\"width:100%; padding:10px; border:1px solid #ccc; border-radius:5px; font-size:16px;\"><\/textarea>\r\n    <\/div>\r\n\r\n    <button type=\"submit\"\r\n      style=\"background-color:#00b09b; color:white; padding:12px 30px; border:none; border-radius:5px; font-size:16px; cursor:pointer; width:100%;\">\r\n      Enviar mensaje\r\n    <\/button>\r\n    <p id=\"form-status\" style=\"margin-top:15px; text-align:center; font-weight:bold;\"><\/p>\r\n  <\/form>\r\n  <p style=\"font-size:12px; color:#888; margin-top:10px; text-align:center;\">\r\n    Protegido por reCAPTCHA - \r\n    <a href=\"https:\/\/policies.google.com\/privacy\" target=\"_blank\" rel=\"noopener\">Privacidad<\/a> y \r\n    <a href=\"https:\/\/policies.google.com\/terms\" target=\"_blank\" rel=\"noopener\">T\u00e9rminos<\/a>\r\n  <\/p>\r\n<\/div>\r\n\r\n<script src=\"https:\/\/www.google.com\/recaptcha\/api.js?render=6LcN9z0iAAAAAG0YGeTU6JEB04QKdgu0vEx5TOfX\"><\/script>\r\n\r\n<script>\r\n  document.getElementById('contact-form').addEventListener('submit', function(e) {\r\n    e.preventDefault();\r\n\r\n    var status = document.getElementById('form-status');\r\n    status.style.color = '#888';\r\n    status.textContent = 'Verificando...';\r\n\r\n    grecaptcha.ready(function() {\r\n      grecaptcha.execute('6LcN9z0iAAAAAG0YGeTU6JEB04QKdgu0vEx5TOfX', { action: 'contact' })\r\n        .then(function(token) {\r\n\r\n          var data = {\r\n            service_id: 'service_ouxv4tr',\r\n            template_id: 'template_eohky18',\r\n            user_id: 'agqBzwFDGKqg8V6dI',\r\n            template_params: {\r\n              user_name: document.getElementById('user_name').value,\r\n              user_email: document.getElementById('user_email').value,\r\n              user_phone: document.getElementById('user_phone').value,\r\n              message: document.getElementById('message').value,\r\n              recaptcha_token: token\r\n            }\r\n          };\r\n\r\n          return fetch('https:\/\/api.emailjs.com\/api\/v1.0\/email\/send', {\r\n            method: 'POST',\r\n            headers: { 'Content-Type': 'application\/json' },\r\n            body: JSON.stringify(data)\r\n          });\r\n        })\r\n        .then(function(response) {\r\n          if (response.ok) {\r\n            status.style.color = 'green';\r\n            status.textContent = '\u2705 Mensaje enviado correctamente. \u00a1Nos pondremos en contacto contigo pronto!';\r\n            document.getElementById('contact-form').reset();\r\n          } else {\r\n            throw new Error('Error ' + response.status);\r\n          }\r\n        })\r\n        .catch(function(error) {\r\n          status.style.color = 'red';\r\n          status.textContent = '\u274c Error al enviar. Por favor int\u00e9ntalo de nuevo.';\r\n          console.error('Error:', error);\r\n        });\r\n    });\r\n  });\r\n<\/script>\t\t\t\t<\/div>\n\t\t\t\t<\/div>\n\t\t\t\t\t<\/div>\n\t\t\t\t<\/div>\n\t\t<div class=\"elementor-element elementor-element-5ce8ab1 e-flex e-con-boxed e-con e-parent\" data-id=\"5ce8ab1\" data-element_type=\"container\" data-settings=\"{&quot;background_background&quot;:&quot;classic&quot;}\">\n\t\t\t\t\t<div class=\"e-con-inner\">\n\t\t<div class=\"elementor-element elementor-element-d213cff e-con-full e-flex e-con e-child\" data-id=\"d213cff\" data-element_type=\"container\">\n\t\t\t\t<div class=\"elementor-element elementor-element-46ba8c4 elementor-widget__width-initial elementor-widget elementor-widget-image\" data-id=\"46ba8c4\" data-element_type=\"widget\" data-widget_type=\"image.default\">\n\t\t\t\t\t\t\t\t\t\t\t\t\t\t\t<img decoding=\"async\" width=\"139\" height=\"136\" src=\"https:\/\/todocarritos.com\/wp-content\/uploads\/2025\/07\/l.webp\" class=\"attachment-large size-large wp-image-281\" alt=\"\" title=\"\">\t\t\t\t\t\t\t\t\t\t\t\t\t\t\t<\/div>\n\t\t<div class=\"elementor-element elementor-element-ed38562 e-con-full e-flex e-con e-child\" data-id=\"ed38562\" data-element_type=\"container\">\n\t\t\t\t<div class=\"elementor-element elementor-element-2f057cd elementor-widget elementor-widget-heading\" data-id=\"2f057cd\" data-element_type=\"widget\" data-widget_type=\"heading.default\">\n\t\t\t\t\t<h2 class=\"elementor-heading-title elementor-size-default\">Direcci\u00f3n<\/h2>\t\t\t\t<\/div>\n\t\t\t\t<div class=\"elementor-element elementor-element-9ae627a elementor-widget elementor-widget-text-editor\" data-id=\"9ae627a\" data-element_type=\"widget\" data-widget_type=\"text-editor.default\">\n\t\t\t\t\t\t\t\t\t<p><a href=\"https:\/\/maps.app.goo.gl\/eksnCH6ddCZAS9457\" target=\"_blank\" rel=\"noopener\">C. Juan Bautista Escudero, 10, A, 14014 C\u00f3rdoba<\/a><\/p>\t\t\t\t\t\t\t\t<\/div>\n\t\t\t\t<\/div>\n\t\t\t\t<\/div>\n\t\t<div class=\"elementor-element elementor-element-83615f7 e-con-full e-flex e-con e-child\" data-id=\"83615f7\" data-element_type=\"container\">\n\t\t\t\t<div class=\"elementor-element elementor-element-fb5586e elementor-widget__width-initial elementor-widget elementor-widget-image\" data-id=\"fb5586e\" data-element_type=\"widget\" data-widget_type=\"image.default\">\n\t\t\t\t\t\t\t\t\t\t\t\t\t\t\t<img decoding=\"async\" width=\"139\" height=\"136\" src=\"https:\/\/todocarritos.com\/wp-content\/uploads\/2025\/07\/Frame-1859.webp\" class=\"attachment-large size-large wp-image-283\" alt=\"\" title=\"\">\t\t\t\t\t\t\t\t\t\t\t\t\t\t\t<\/div>\n\t\t<div class=\"elementor-element elementor-element-bc6052b e-con-full e-flex e-con e-child\" data-id=\"bc6052b\" data-element_type=\"container\">\n\t\t\t\t<div class=\"elementor-element elementor-element-1b2639a elementor-widget elementor-widget-heading\" data-id=\"1b2639a\" data-element_type=\"widget\" data-widget_type=\"heading.default\">\n\t\t\t\t\t<h2 class=\"elementor-heading-title elementor-size-default\">Contacto<\/h2>\t\t\t\t<\/div>\n\t\t\t\t<div class=\"elementor-element elementor-element-8d492a5 elementor-widget elementor-widget-text-editor\" data-id=\"8d492a5\" data-element_type=\"widget\" data-widget_type=\"text-editor.default\">\n\t\t\t\t\t\t\t\t\t<p><a href=\"tel:+34692065684\">692 06 56 84<\/a><\/p><p><a href=\"mailto:info@todocarritos.com\">info@todocarritos.com<\/a><\/p>\t\t\t\t\t\t\t\t<\/div>\n\t\t\t\t<\/div>\n\t\t\t\t<\/div>\n\t\t<div class=\"elementor-element elementor-element-d4b4a02 e-con-full e-flex e-con e-child\" data-id=\"d4b4a02\" data-element_type=\"container\">\n\t\t\t\t<div class=\"elementor-element elementor-element-6cd5ea7 elementor-widget__width-initial elementor-widget elementor-widget-image\" data-id=\"6cd5ea7\" data-element_type=\"widget\" data-widget_type=\"image.default\">\n\t\t\t\t\t\t\t\t\t\t\t\t\t\t\t<img loading=\"lazy\" decoding=\"async\" width=\"139\" height=\"136\" src=\"https:\/\/todocarritos.com\/wp-content\/uploads\/2025\/07\/h.webp\" class=\"attachment-large size-large wp-image-282\" alt=\"\" title=\"\">\t\t\t\t\t\t\t\t\t\t\t\t\t\t\t<\/div>\n\t\t<div class=\"elementor-element elementor-element-98c12e2 e-con-full e-flex e-con e-child\" data-id=\"98c12e2\" data-element_type=\"container\">\n\t\t\t\t<div class=\"elementor-element elementor-element-020e473 elementor-widget elementor-widget-heading\" data-id=\"020e473\" data-element_type=\"widget\" data-widget_type=\"heading.default\">\n\t\t\t\t\t<h2 class=\"elementor-heading-title elementor-size-default\">Horario<\/h2>\t\t\t\t<\/div>\n\t\t\t\t<div class=\"elementor-element elementor-element-2430157 elementor-widget elementor-widget-text-editor\" data-id=\"2430157\" data-element_type=\"widget\" data-widget_type=\"text-editor.default\">\n\t\t\t\t\t\t\t\t\t<p>Desde las 08:00 hasta las 16:00<\/p>\t\t\t\t\t\t\t\t<\/div>\n\t\t\t\t<\/div>\n\t\t\t\t<\/div>\n\t\t\t\t\t<\/div>\n\t\t\t\t<\/div>\n\t\t\t\t<\/div>\n\t\t","protected":false},"excerpt":{"rendered":"<p>Contacto Contacta con nosotros para obtener el mejor asesoramiento Nombre * Email * Tel\u00e9fono Mensaje * Enviar mensaje Protegido por reCAPTCHA &#8211; Privacidad y T\u00e9rminos Direcci\u00f3n C. Juan Bautista Escudero, 10, A, 14014 C\u00f3rdoba Contacto 692 06 56 84 info@todocarritos.com Horario Desde las 08:00 hasta las 16:00<\/p>\n","protected":false},"author":2,"featured_media":0,"parent":0,"menu_order":0,"comment_status":"closed","ping_status":"closed","template":"","meta":{"_acf_changed":false,"footnotes":""},"class_list":["post-263","page","type-page","status-publish","hentry"],"acf":[],"_links":{"self":[{"href":"https:\/\/todocarritos.com\/es\/wp-json\/wp\/v2\/pages\/263","targetHints":{"allow":["GET"]}}],"collection":[{"href":"https:\/\/todocarritos.com\/es\/wp-json\/wp\/v2\/pages"}],"about":[{"href":"https:\/\/todocarritos.com\/es\/wp-json\/wp\/v2\/types\/page"}],"author":[{"embeddable":true,"href":"https:\/\/todocarritos.com\/es\/wp-json\/wp\/v2\/users\/2"}],"replies":[{"embeddable":true,"href":"https:\/\/todocarritos.com\/es\/wp-json\/wp\/v2\/comments?post=263"}],"version-history":[{"count":27,"href":"https:\/\/todocarritos.com\/es\/wp-json\/wp\/v2\/pages\/263\/revisions"}],"predecessor-version":[{"id":7898,"href":"https:\/\/todocarritos.com\/es\/wp-json\/wp\/v2\/pages\/263\/revisions\/7898"}],"wp:attachment":[{"href":"https:\/\/todocarritos.com\/es\/wp-json\/wp\/v2\/media?parent=263"}],"curies":[{"name":"wp","href":"https:\/\/api.w.org\/{rel}","templated":true}]}}