{"id":6734,"date":"2025-10-28T09:28:43","date_gmt":"2025-10-28T08:28:43","guid":{"rendered":"https:\/\/todocarritos.com\/clamberbikes-crb-11-lastenfahrrad-nicht-elektrisch"},"modified":"2025-10-28T09:28:43","modified_gmt":"2025-10-28T08:28:43","slug":"clamberbikes-crb-11-lastenfahrrad-nicht-elektrisch","status":"publish","type":"product","link":"https:\/\/todocarritos.com\/de\/clamberbikes-crb-11-lastenfahrrad-nicht-elektrisch","title":{"rendered":"Clamberbikes CRB-11 Lastenfahrrad (nicht elektrisch)"},"content":{"rendered":"","protected":false},"excerpt":{"rendered":"<p data-start=\"156\" data-end=\"461\"><strong data-start=\"159\" data-end=\"200\">Das Lastenfahrrad Clamberbikes CRB-11<\/strong> ist eine robuste und umweltfreundliche Option f\u00fcr den Transport von G\u00fctern in st\u00e4dtischen Umgebungen. Mit seiner geschlossenen Holzkiste und seiner widerstandsf\u00e4higen Metallstruktur erm\u00f6glicht es eine agile und sichere Handhabung ohne Emissionen. Ideal f\u00fcr nachhaltige Unternehmen, Food-Bikes und st\u00e4dtische Lieferdienste.  <\/p>\n","protected":false},"featured_media":6720,"comment_status":"open","ping_status":"closed","template":"","meta":{"_acf_changed":false},"product_brand":[],"product_cat":[270],"class_list":{"0":"post-6734","1":"product","2":"type-product","3":"status-publish","4":"has-post-thumbnail","6":"product_cat-zubehor","8":"first","9":"onbackorder","10":"taxable","11":"shipping-taxable","12":"product-type-simple"},"acf":[],"_links":{"self":[{"href":"https:\/\/todocarritos.com\/de\/wp-json\/wp\/v2\/product\/6734","targetHints":{"allow":["GET"]}}],"collection":[{"href":"https:\/\/todocarritos.com\/de\/wp-json\/wp\/v2\/product"}],"about":[{"href":"https:\/\/todocarritos.com\/de\/wp-json\/wp\/v2\/types\/product"}],"replies":[{"embeddable":true,"href":"https:\/\/todocarritos.com\/de\/wp-json\/wp\/v2\/comments?post=6734"}],"wp:featuredmedia":[{"embeddable":true,"href":"https:\/\/todocarritos.com\/de\/wp-json\/wp\/v2\/media\/6720"}],"wp:attachment":[{"href":"https:\/\/todocarritos.com\/de\/wp-json\/wp\/v2\/media?parent=6734"}],"wp:term":[{"taxonomy":"product_brand","embeddable":true,"href":"https:\/\/todocarritos.com\/de\/wp-json\/wp\/v2\/product_brand?post=6734"},{"taxonomy":"product_cat","embeddable":true,"href":"https:\/\/todocarritos.com\/de\/wp-json\/wp\/v2\/product_cat?post=6734"}],"curies":[{"name":"wp","href":"https:\/\/api.w.org\/{rel}","templated":true}]}}