{"id":5410,"date":"2025-09-25T09:23:10","date_gmt":"2025-09-25T07:23:10","guid":{"rendered":"https:\/\/todocarritos.com\/transporthuellen-fuer-mini-messen"},"modified":"2025-09-26T10:19:44","modified_gmt":"2025-09-26T08:19:44","slug":"transporthuellen-fuer-mini-messen","status":"publish","type":"product","link":"https:\/\/todocarritos.com\/de\/transporthuellen-fuer-mini-messen","title":{"rendered":"Transporth\u00fcllen f\u00fcr Mini-Messen"},"content":{"rendered":"","protected":false},"excerpt":{"rendered":"<p><strong>Sch\u00fctzen und transportieren Sie Ihren Messestand bequem<\/strong>. Die <strong>Transporttaschen f\u00fcr Mini-Messen<\/strong> bieten Widerstandsf\u00e4higkeit, <strong>umfassenden Schutz<\/strong> und <strong>einfache Handhabung<\/strong> und <strong>eignen sich ideal f\u00fcr die Aufbewahrung<\/strong> und den Transport Ihrer Ausr\u00fcstung zu jeder Veranstaltung.<\/p>\n","protected":false},"featured_media":5961,"comment_status":"open","ping_status":"closed","template":"","meta":{"_acf_changed":false},"product_brand":[],"product_cat":[270,383],"class_list":{"0":"post-5410","1":"product","2":"type-product","3":"status-publish","4":"has-post-thumbnail","6":"product_cat-zubehor","7":"product_cat-mini-messestand","9":"first","10":"instock","11":"taxable","12":"shipping-taxable","13":"product-type-simple"},"acf":[],"_links":{"self":[{"href":"https:\/\/todocarritos.com\/de\/wp-json\/wp\/v2\/product\/5410","targetHints":{"allow":["GET"]}}],"collection":[{"href":"https:\/\/todocarritos.com\/de\/wp-json\/wp\/v2\/product"}],"about":[{"href":"https:\/\/todocarritos.com\/de\/wp-json\/wp\/v2\/types\/product"}],"replies":[{"embeddable":true,"href":"https:\/\/todocarritos.com\/de\/wp-json\/wp\/v2\/comments?post=5410"}],"wp:featuredmedia":[{"embeddable":true,"href":"https:\/\/todocarritos.com\/de\/wp-json\/wp\/v2\/media\/5961"}],"wp:attachment":[{"href":"https:\/\/todocarritos.com\/de\/wp-json\/wp\/v2\/media?parent=5410"}],"wp:term":[{"taxonomy":"product_brand","embeddable":true,"href":"https:\/\/todocarritos.com\/de\/wp-json\/wp\/v2\/product_brand?post=5410"},{"taxonomy":"product_cat","embeddable":true,"href":"https:\/\/todocarritos.com\/de\/wp-json\/wp\/v2\/product_cat?post=5410"}],"curies":[{"name":"wp","href":"https:\/\/api.w.org\/{rel}","templated":true}]}}