{"id":5398,"date":"2025-09-25T09:30:47","date_gmt":"2025-09-25T07:30:47","guid":{"rendered":"https:\/\/todocarritos.com\/waffeleisen-2-waffeln-pekin-wf-2210"},"modified":"2025-09-25T09:30:47","modified_gmt":"2025-09-25T07:30:47","slug":"waffeleisen-2-waffeln-pekin-wf-2210","status":"publish","type":"product","link":"https:\/\/todocarritos.com\/de\/waffeleisen-2-waffeln-pekin-wf-2210","title":{"rendered":"Waffeleisen 2 Waffeln Pek\u00edn WF-2210"},"content":{"rendered":"","protected":false},"excerpt":{"rendered":"<p><strong>Bereiten Sie perfekte Waffeln in Ihrem Gastronomiebetrieb zu<\/strong>. Der <strong>elektrische Waffeleisen 2 Waffeln Pek\u00edn WF-2210 <\/strong>kombiniert <strong>professionelle Leistung<\/strong>, <strong>emaillierte Gusseisenplatten<\/strong> und <strong>Temperaturregelung f\u00fcr gleichm\u00e4\u00dfige<\/strong> und hochwertige Ergebnisse.<\/p>\n","protected":false},"featured_media":5975,"comment_status":"open","ping_status":"closed","template":"","meta":{"_acf_changed":false},"product_brand":[],"product_cat":[270],"class_list":{"0":"post-5398","1":"product","2":"type-product","3":"status-publish","4":"has-post-thumbnail","6":"product_cat-zubehor","8":"first","9":"instock","10":"taxable","11":"shipping-taxable","12":"product-type-simple"},"acf":[],"_links":{"self":[{"href":"https:\/\/todocarritos.com\/de\/wp-json\/wp\/v2\/product\/5398","targetHints":{"allow":["GET"]}}],"collection":[{"href":"https:\/\/todocarritos.com\/de\/wp-json\/wp\/v2\/product"}],"about":[{"href":"https:\/\/todocarritos.com\/de\/wp-json\/wp\/v2\/types\/product"}],"replies":[{"embeddable":true,"href":"https:\/\/todocarritos.com\/de\/wp-json\/wp\/v2\/comments?post=5398"}],"wp:featuredmedia":[{"embeddable":true,"href":"https:\/\/todocarritos.com\/de\/wp-json\/wp\/v2\/media\/5975"}],"wp:attachment":[{"href":"https:\/\/todocarritos.com\/de\/wp-json\/wp\/v2\/media?parent=5398"}],"wp:term":[{"taxonomy":"product_brand","embeddable":true,"href":"https:\/\/todocarritos.com\/de\/wp-json\/wp\/v2\/product_brand?post=5398"},{"taxonomy":"product_cat","embeddable":true,"href":"https:\/\/todocarritos.com\/de\/wp-json\/wp\/v2\/product_cat?post=5398"}],"curies":[{"name":"wp","href":"https:\/\/api.w.org\/{rel}","templated":true}]}}