{"id":5393,"date":"2025-09-25T09:33:03","date_gmt":"2025-09-25T07:33:03","guid":{"rendered":"https:\/\/todocarritos.com\/elektrogrill-pekin-pg-811"},"modified":"2025-09-25T09:33:03","modified_gmt":"2025-09-25T07:33:03","slug":"elektrogrill-pekin-pg-811","status":"publish","type":"product","link":"https:\/\/todocarritos.com\/de\/elektrogrill-pekin-pg-811","title":{"rendered":"Elektrogrill pek\u00edn PG-811"},"content":{"rendered":"","protected":false},"excerpt":{"rendered":"<p><strong>Schnelles und gleichm\u00e4\u00dfiges Garen mit einem einzigen Ger\u00e4t<\/strong>. Der <strong>Elektrogrill Pek\u00edn PG-811<\/strong> vereint hohe <strong>Leistung<\/strong>, <strong>kompaktes Design<\/strong> und <strong>professionelle Gusseisenplatten<\/strong> und eignet sich ideal f\u00fcr Fleisch, Snacks, Paninis und Gem\u00fcse in der Gastronomie.<\/p>\n","protected":false},"featured_media":5989,"comment_status":"open","ping_status":"closed","template":"","meta":{"_acf_changed":false},"product_brand":[],"product_cat":[270],"class_list":{"0":"post-5393","1":"product","2":"type-product","3":"status-publish","4":"has-post-thumbnail","6":"product_cat-zubehor","8":"first","9":"instock","10":"taxable","11":"shipping-taxable","12":"product-type-simple"},"acf":[],"_links":{"self":[{"href":"https:\/\/todocarritos.com\/de\/wp-json\/wp\/v2\/product\/5393","targetHints":{"allow":["GET"]}}],"collection":[{"href":"https:\/\/todocarritos.com\/de\/wp-json\/wp\/v2\/product"}],"about":[{"href":"https:\/\/todocarritos.com\/de\/wp-json\/wp\/v2\/types\/product"}],"replies":[{"embeddable":true,"href":"https:\/\/todocarritos.com\/de\/wp-json\/wp\/v2\/comments?post=5393"}],"wp:featuredmedia":[{"embeddable":true,"href":"https:\/\/todocarritos.com\/de\/wp-json\/wp\/v2\/media\/5989"}],"wp:attachment":[{"href":"https:\/\/todocarritos.com\/de\/wp-json\/wp\/v2\/media?parent=5393"}],"wp:term":[{"taxonomy":"product_brand","embeddable":true,"href":"https:\/\/todocarritos.com\/de\/wp-json\/wp\/v2\/product_brand?post=5393"},{"taxonomy":"product_cat","embeddable":true,"href":"https:\/\/todocarritos.com\/de\/wp-json\/wp\/v2\/product_cat?post=5393"}],"curies":[{"name":"wp","href":"https:\/\/api.w.org\/{rel}","templated":true}]}}