{"id":5367,"date":"2025-09-25T08:37:02","date_gmt":"2025-09-25T06:37:02","guid":{"rendered":"https:\/\/todocarritos.com\/wagen-mit-wasserhahn-und-waschbecken"},"modified":"2025-09-25T08:37:02","modified_gmt":"2025-09-25T06:37:02","slug":"wagen-mit-wasserhahn-und-waschbecken","status":"publish","type":"product","link":"https:\/\/todocarritos.com\/de\/wagen-mit-wasserhahn-und-waschbecken","title":{"rendered":"Wagen mit Wasserhahn und Waschbecken"},"content":{"rendered":"","protected":false},"excerpt":{"rendered":"<p><strong>Nehmen Sie Ihre mobile K\u00fcche mit zu jeder Veranstaltung<\/strong>. Der <strong>Wagen mit Wasserhahn<\/strong> und Sp\u00fcle vereint <strong>vollst\u00e4ndige Unabh\u00e4ngigkeit<\/strong>, <strong>professionelle Hygiene<\/strong> und <strong>individuelles Design<\/strong> und eignet sich ideal f\u00fcr Hochzeiten, Messen, Kommunionen und Stra\u00dfenverk\u00e4ufe.<\/p>\n","protected":false},"featured_media":5855,"comment_status":"open","ping_status":"closed","template":"","meta":{"_acf_changed":false},"product_brand":[],"product_cat":[167,168,134,133],"class_list":{"0":"post-5367","1":"product","2":"type-product","3":"status-publish","4":"has-post-thumbnail","6":"product_cat-business-trolleys","7":"product_cat-catering-wagen","8":"product_cat-jahrmarktswagen","9":"product_cat-trolleys-fuer-veranstaltungen","11":"first","12":"onbackorder","13":"taxable","14":"shipping-taxable","15":"product-type-simple"},"acf":[],"_links":{"self":[{"href":"https:\/\/todocarritos.com\/de\/wp-json\/wp\/v2\/product\/5367","targetHints":{"allow":["GET"]}}],"collection":[{"href":"https:\/\/todocarritos.com\/de\/wp-json\/wp\/v2\/product"}],"about":[{"href":"https:\/\/todocarritos.com\/de\/wp-json\/wp\/v2\/types\/product"}],"replies":[{"embeddable":true,"href":"https:\/\/todocarritos.com\/de\/wp-json\/wp\/v2\/comments?post=5367"}],"wp:featuredmedia":[{"embeddable":true,"href":"https:\/\/todocarritos.com\/de\/wp-json\/wp\/v2\/media\/5855"}],"wp:attachment":[{"href":"https:\/\/todocarritos.com\/de\/wp-json\/wp\/v2\/media?parent=5367"}],"wp:term":[{"taxonomy":"product_brand","embeddable":true,"href":"https:\/\/todocarritos.com\/de\/wp-json\/wp\/v2\/product_brand?post=5367"},{"taxonomy":"product_cat","embeddable":true,"href":"https:\/\/todocarritos.com\/de\/wp-json\/wp\/v2\/product_cat?post=5367"}],"curies":[{"name":"wp","href":"https:\/\/api.w.org\/{rel}","templated":true}]}}