{"id":2966,"date":"2025-08-04T09:19:08","date_gmt":"2025-08-04T07:19:08","guid":{"rendered":"https:\/\/todocarritos.com\/?product=wagen-fuer-popcornmaschine"},"modified":"2025-09-16T13:23:06","modified_gmt":"2025-09-16T11:23:06","slug":"popcorn-maschinenwagen","status":"publish","type":"product","link":"https:\/\/todocarritos.com\/de\/popcorn-maschinenwagen","title":{"rendered":"Popcorn-Maschinenwagen"},"content":{"rendered":"","protected":false},"excerpt":{"rendered":"<p><strong>Transportieren, organisieren und servieren Sie Popcorn schneller.<\/strong> Dieser <em>Wagen f\u00fcr Popcornmaschinen<\/em> aus rot <strong>lackiertem Stahl verf\u00fcgt \u00fcber pannensichere Hartgummir\u00e4der<\/strong>, <strong>integrierten Stauraum<\/strong> und <strong>eine seitliche Ablagefl\u00e4che<\/strong> f\u00fcr den <strong>komfortablen Einsatz in Kinos<\/strong>, auf Messen und Veranstaltungen.<\/p>\n","protected":false},"featured_media":2244,"comment_status":"open","ping_status":"closed","template":"","meta":{"_acf_changed":false},"product_brand":[],"product_cat":[191,190,233],"class_list":{"0":"post-2966","1":"product","2":"type-product","3":"status-publish","4":"has-post-thumbnail","6":"product_cat-kulinarik-wagen","7":"product_cat-lebensmittelwagen","8":"product_cat-popcornwagen","10":"first","11":"instock","12":"sale","13":"taxable","14":"shipping-taxable","15":"product-type-simple"},"acf":[],"_links":{"self":[{"href":"https:\/\/todocarritos.com\/de\/wp-json\/wp\/v2\/product\/2966","targetHints":{"allow":["GET"]}}],"collection":[{"href":"https:\/\/todocarritos.com\/de\/wp-json\/wp\/v2\/product"}],"about":[{"href":"https:\/\/todocarritos.com\/de\/wp-json\/wp\/v2\/types\/product"}],"replies":[{"embeddable":true,"href":"https:\/\/todocarritos.com\/de\/wp-json\/wp\/v2\/comments?post=2966"}],"wp:featuredmedia":[{"embeddable":true,"href":"https:\/\/todocarritos.com\/de\/wp-json\/wp\/v2\/media\/2244"}],"wp:attachment":[{"href":"https:\/\/todocarritos.com\/de\/wp-json\/wp\/v2\/media?parent=2966"}],"wp:term":[{"taxonomy":"product_brand","embeddable":true,"href":"https:\/\/todocarritos.com\/de\/wp-json\/wp\/v2\/product_brand?post=2966"},{"taxonomy":"product_cat","embeddable":true,"href":"https:\/\/todocarritos.com\/de\/wp-json\/wp\/v2\/product_cat?post=2966"}],"curies":[{"name":"wp","href":"https:\/\/api.w.org\/{rel}","templated":true}]}}