{"id":2964,"date":"2025-08-04T09:41:29","date_gmt":"2025-08-04T07:41:29","guid":{"rendered":"https:\/\/todocarritos.com\/?product=premium-werbewagen"},"modified":"2025-08-04T09:41:29","modified_gmt":"2025-08-04T07:41:29","slug":"premium-werbewagen","status":"publish","type":"product","link":"https:\/\/todocarritos.com\/de\/premium-werbewagen","title":{"rendered":"Premium-Werbewagen"},"content":{"rendered":"","protected":false},"excerpt":{"rendered":"\n<p><strong>Steigern Sie Ihre Markenpr\u00e4senz mit einem mobilen und zu 100 % individuell gestaltbaren Werbest\u00e4nder<\/strong>. Der Premium-Werbest\u00e4nder wurde f\u00fcr <em>Messest\u00e4nde, Messen, Kongresse und Werbeaktionen <\/em>entwickelt und maximiert die Sichtbarkeit, Mobilit\u00e4t und Konversion von Leads.<\/p>\n","protected":false},"featured_media":2272,"comment_status":"open","ping_status":"closed","template":"","meta":{"_acf_changed":false},"product_brand":[],"product_cat":[167,320],"class_list":{"0":"post-2964","1":"product","2":"type-product","3":"status-publish","4":"has-post-thumbnail","6":"product_cat-business-trolleys","7":"product_cat-werbewagen","9":"first","10":"instock","11":"taxable","12":"shipping-taxable","13":"product-type-simple"},"acf":[],"_links":{"self":[{"href":"https:\/\/todocarritos.com\/de\/wp-json\/wp\/v2\/product\/2964","targetHints":{"allow":["GET"]}}],"collection":[{"href":"https:\/\/todocarritos.com\/de\/wp-json\/wp\/v2\/product"}],"about":[{"href":"https:\/\/todocarritos.com\/de\/wp-json\/wp\/v2\/types\/product"}],"replies":[{"embeddable":true,"href":"https:\/\/todocarritos.com\/de\/wp-json\/wp\/v2\/comments?post=2964"}],"wp:featuredmedia":[{"embeddable":true,"href":"https:\/\/todocarritos.com\/de\/wp-json\/wp\/v2\/media\/2272"}],"wp:attachment":[{"href":"https:\/\/todocarritos.com\/de\/wp-json\/wp\/v2\/media?parent=2964"}],"wp:term":[{"taxonomy":"product_brand","embeddable":true,"href":"https:\/\/todocarritos.com\/de\/wp-json\/wp\/v2\/product_brand?post=2964"},{"taxonomy":"product_cat","embeddable":true,"href":"https:\/\/todocarritos.com\/de\/wp-json\/wp\/v2\/product_cat?post=2964"}],"curies":[{"name":"wp","href":"https:\/\/api.w.org\/{rel}","templated":true}]}}