{"id":2963,"date":"2025-08-04T10:12:47","date_gmt":"2025-08-04T08:12:47","guid":{"rendered":"https:\/\/todocarritos.com\/?product=werbewagen-deluxe"},"modified":"2025-09-17T10:37:44","modified_gmt":"2025-09-17T08:37:44","slug":"deluxe-werbewagen","status":"publish","type":"product","link":"https:\/\/todocarritos.com\/de\/deluxe-werbewagen","title":{"rendered":"Werbewagen Deluxe"},"content":{"rendered":"","protected":false},"excerpt":{"rendered":"<p><strong>Aktivieren Sie Ihre Marke mit einem mobilen Werbepunkt mit hoher Wirkung<\/strong>. Der Deluxe-Werbewagen ist f\u00fcr <em>Messen, Kongresse, Roadshows und Aktionen am Point of Sale <\/em>konzipiert und bietet maximale Sichtbarkeit, eine hygienische Arbeitsfl\u00e4che und vollst\u00e4ndige Individualisierung, um Leads zu gewinnen und Produkte zu pr\u00e4sentieren.<\/p>\n","protected":false},"featured_media":2276,"comment_status":"open","ping_status":"closed","template":"","meta":{"_acf_changed":false},"product_brand":[],"product_cat":[167,320],"class_list":{"0":"post-2963","1":"product","2":"type-product","3":"status-publish","4":"has-post-thumbnail","6":"product_cat-business-trolleys","7":"product_cat-werbewagen","9":"first","10":"instock","11":"taxable","12":"shipping-taxable","13":"product-type-simple"},"acf":[],"_links":{"self":[{"href":"https:\/\/todocarritos.com\/de\/wp-json\/wp\/v2\/product\/2963","targetHints":{"allow":["GET"]}}],"collection":[{"href":"https:\/\/todocarritos.com\/de\/wp-json\/wp\/v2\/product"}],"about":[{"href":"https:\/\/todocarritos.com\/de\/wp-json\/wp\/v2\/types\/product"}],"replies":[{"embeddable":true,"href":"https:\/\/todocarritos.com\/de\/wp-json\/wp\/v2\/comments?post=2963"}],"wp:featuredmedia":[{"embeddable":true,"href":"https:\/\/todocarritos.com\/de\/wp-json\/wp\/v2\/media\/2276"}],"wp:attachment":[{"href":"https:\/\/todocarritos.com\/de\/wp-json\/wp\/v2\/media?parent=2963"}],"wp:term":[{"taxonomy":"product_brand","embeddable":true,"href":"https:\/\/todocarritos.com\/de\/wp-json\/wp\/v2\/product_brand?post=2963"},{"taxonomy":"product_cat","embeddable":true,"href":"https:\/\/todocarritos.com\/de\/wp-json\/wp\/v2\/product_cat?post=2963"}],"curies":[{"name":"wp","href":"https:\/\/api.w.org\/{rel}","templated":true}]}}