{"id":2945,"date":"2025-08-05T10:57:53","date_gmt":"2025-08-05T08:57:53","guid":{"rendered":"https:\/\/todocarritos.com\/?product=crepe-maker-30-cm-fuer-wagen"},"modified":"2025-09-29T08:15:04","modified_gmt":"2025-09-29T06:15:04","slug":"crepe-maker-30-cm-fuer-trolley","status":"publish","type":"product","link":"https:\/\/todocarritos.com\/de\/crepe-maker-30-cm-fuer-trolley","title":{"rendered":"Crepe Maker 30 cm f\u00fcr Wagen"},"content":{"rendered":"","protected":false},"excerpt":{"rendered":"<p><strong>Perfekte Cr\u00eapes an Ihrem mobilen Stand, mit Einbauvorrichtung und einfacher Bedienung<\/strong>. Die <em>elektrische Cr\u00eapes-Maschine mit 30 cm Durchmesser<\/em> f\u00fcr Verkaufswagen l\u00e4sst sich in die Theke integrieren und bietet gleichm\u00e4\u00dfige Erw\u00e4rmung, eine antihaftbeschichtete Oberfl\u00e4che und Zubeh\u00f6r f\u00fcr schnelleres Servieren und eine bessere Pr\u00e4sentation.<\/p>\n","protected":false},"featured_media":7346,"comment_status":"open","ping_status":"closed","template":"","meta":{"_acf_changed":false},"product_brand":[],"product_cat":[270],"class_list":{"0":"post-2945","1":"product","2":"type-product","3":"status-publish","4":"has-post-thumbnail","6":"product_cat-zubehor","8":"first","9":"instock","10":"taxable","11":"shipping-taxable","12":"product-type-simple"},"acf":[],"_links":{"self":[{"href":"https:\/\/todocarritos.com\/de\/wp-json\/wp\/v2\/product\/2945","targetHints":{"allow":["GET"]}}],"collection":[{"href":"https:\/\/todocarritos.com\/de\/wp-json\/wp\/v2\/product"}],"about":[{"href":"https:\/\/todocarritos.com\/de\/wp-json\/wp\/v2\/types\/product"}],"replies":[{"embeddable":true,"href":"https:\/\/todocarritos.com\/de\/wp-json\/wp\/v2\/comments?post=2945"}],"wp:featuredmedia":[{"embeddable":true,"href":"https:\/\/todocarritos.com\/de\/wp-json\/wp\/v2\/media\/7346"}],"wp:attachment":[{"href":"https:\/\/todocarritos.com\/de\/wp-json\/wp\/v2\/media?parent=2945"}],"wp:term":[{"taxonomy":"product_brand","embeddable":true,"href":"https:\/\/todocarritos.com\/de\/wp-json\/wp\/v2\/product_brand?post=2945"},{"taxonomy":"product_cat","embeddable":true,"href":"https:\/\/todocarritos.com\/de\/wp-json\/wp\/v2\/product_cat?post=2945"}],"curies":[{"name":"wp","href":"https:\/\/api.w.org\/{rel}","templated":true}]}}