{"id":2944,"date":"2025-08-05T11:04:09","date_gmt":"2025-08-05T09:04:09","guid":{"rendered":"https:\/\/todocarritos.com\/?product=interne-struktur-gefrierschrank-mit-behaeltern"},"modified":"2025-09-29T08:37:08","modified_gmt":"2025-09-29T06:37:08","slug":"interne-struktur-gefrierschrank-mit-tabletts","status":"publish","type":"product","link":"https:\/\/todocarritos.com\/de\/interne-struktur-gefrierschrank-mit-tabletts","title":{"rendered":"Interne Struktur Gefrierschrank mit Beh\u00e4ltern"},"content":{"rendered":"","protected":false},"excerpt":{"rendered":"<p><strong>Ordnen Sie, gewinnen Sie schnellen Zugriff und nutzen Sie jeden Liter Ihres Gefrierschranks.<\/strong> Die Inneneinrichtung f\u00fcr Eiswagen-Truhen organisiert lose Eiscreme im oberen Teil und l\u00e4sst den unteren Teil f\u00fcr verpackte Produkte frei, wodurch der Umsatz und die Hygiene verbessert werden, ohne an Kapazit\u00e4t einzub\u00fc\u00dfen.<\/p>\n","protected":false},"featured_media":2368,"comment_status":"open","ping_status":"closed","template":"","meta":{"_acf_changed":false},"product_brand":[],"product_cat":[270],"class_list":{"0":"post-2944","1":"product","2":"type-product","3":"status-publish","4":"has-post-thumbnail","6":"product_cat-zubehor","8":"first","9":"instock","10":"taxable","11":"shipping-taxable","12":"product-type-simple"},"acf":[],"_links":{"self":[{"href":"https:\/\/todocarritos.com\/de\/wp-json\/wp\/v2\/product\/2944","targetHints":{"allow":["GET"]}}],"collection":[{"href":"https:\/\/todocarritos.com\/de\/wp-json\/wp\/v2\/product"}],"about":[{"href":"https:\/\/todocarritos.com\/de\/wp-json\/wp\/v2\/types\/product"}],"replies":[{"embeddable":true,"href":"https:\/\/todocarritos.com\/de\/wp-json\/wp\/v2\/comments?post=2944"}],"wp:featuredmedia":[{"embeddable":true,"href":"https:\/\/todocarritos.com\/de\/wp-json\/wp\/v2\/media\/2368"}],"wp:attachment":[{"href":"https:\/\/todocarritos.com\/de\/wp-json\/wp\/v2\/media?parent=2944"}],"wp:term":[{"taxonomy":"product_brand","embeddable":true,"href":"https:\/\/todocarritos.com\/de\/wp-json\/wp\/v2\/product_brand?post=2944"},{"taxonomy":"product_cat","embeddable":true,"href":"https:\/\/todocarritos.com\/de\/wp-json\/wp\/v2\/product_cat?post=2944"}],"curies":[{"name":"wp","href":"https:\/\/api.w.org\/{rel}","templated":true}]}}