{"id":2942,"date":"2025-08-05T11:16:45","date_gmt":"2025-08-05T09:16:45","guid":{"rendered":"https:\/\/todocarritos.com\/?product=klapptisch-wagen"},"modified":"2025-08-05T11:16:45","modified_gmt":"2025-08-05T09:16:45","slug":"klapptisch-wagen","status":"publish","type":"product","link":"https:\/\/todocarritos.com\/de\/klapptisch-wagen","title":{"rendered":"Klapptisch Wagen"},"content":{"rendered":"","protected":false},"excerpt":{"rendered":"\n<p><strong>Gewinnen Sie sofort mehr Nutzfl\u00e4che in Ihrem Veranstaltungswagen.<\/strong> Der Klapptisch f\u00fcr <strong>Wagen bietet 65 cm mehr<\/strong> Arbeitsfl\u00e4che pro Seite und verf\u00fcgt \u00fcber ein sicheres Klappsystem und eine schnelle Montage, um Utensilien vorzubereiten, auszustellen oder abzustellen, ohne an Mobilit\u00e4t einzub\u00fc\u00dfen.<\/p>\n","protected":false},"featured_media":2400,"comment_status":"open","ping_status":"closed","template":"","meta":{"_acf_changed":false},"product_brand":[],"product_cat":[270],"class_list":{"0":"post-2942","1":"product","2":"type-product","3":"status-publish","4":"has-post-thumbnail","6":"product_cat-zubehor","8":"first","9":"instock","10":"taxable","11":"shipping-taxable","12":"product-type-simple"},"acf":[],"_links":{"self":[{"href":"https:\/\/todocarritos.com\/de\/wp-json\/wp\/v2\/product\/2942","targetHints":{"allow":["GET"]}}],"collection":[{"href":"https:\/\/todocarritos.com\/de\/wp-json\/wp\/v2\/product"}],"about":[{"href":"https:\/\/todocarritos.com\/de\/wp-json\/wp\/v2\/types\/product"}],"replies":[{"embeddable":true,"href":"https:\/\/todocarritos.com\/de\/wp-json\/wp\/v2\/comments?post=2942"}],"wp:featuredmedia":[{"embeddable":true,"href":"https:\/\/todocarritos.com\/de\/wp-json\/wp\/v2\/media\/2400"}],"wp:attachment":[{"href":"https:\/\/todocarritos.com\/de\/wp-json\/wp\/v2\/media?parent=2942"}],"wp:term":[{"taxonomy":"product_brand","embeddable":true,"href":"https:\/\/todocarritos.com\/de\/wp-json\/wp\/v2\/product_brand?post=2942"},{"taxonomy":"product_cat","embeddable":true,"href":"https:\/\/todocarritos.com\/de\/wp-json\/wp\/v2\/product_cat?post=2942"}],"curies":[{"name":"wp","href":"https:\/\/api.w.org\/{rel}","templated":true}]}}