{"id":2939,"date":"2025-08-06T09:19:01","date_gmt":"2025-08-06T07:19:01","guid":{"rendered":"https:\/\/todocarritos.com\/?product=deluxe-obstwagen"},"modified":"2025-08-06T09:19:01","modified_gmt":"2025-08-06T07:19:01","slug":"deluxe-obstwagen","status":"publish","type":"product","link":"https:\/\/todocarritos.com\/de\/deluxe-obstwagen","title":{"rendered":"Deluxe-Obstwagen"},"content":{"rendered":"","protected":false},"excerpt":{"rendered":"\n<p><strong>Pr\u00e4sentieren Sie frisches Obst mit Premium-Image, wo immer Sie hingehen. <\/strong>Der Deluxe-Obstwagen kombiniert eine hohe optische Wirkung, eine hygienische Arbeitsfl\u00e4che und professionelle Mobilit\u00e4t f\u00fcr den Verkauf und die Pr\u00e4sentation von Obst bei <em>Veranstaltungen, Messen, in Hotels und im Cateringbereich.<\/em><\/p>\n","protected":false},"featured_media":4037,"comment_status":"open","ping_status":"closed","template":"","meta":{"_acf_changed":false},"product_brand":[],"product_cat":[190,365,219],"class_list":{"0":"post-2939","1":"product","2":"type-product","3":"status-publish","4":"has-post-thumbnail","6":"product_cat-lebensmittelwagen","7":"product_cat-obstwagen","8":"product_cat-sussigkeitswagen","10":"first","11":"instock","12":"taxable","13":"shipping-taxable","14":"product-type-simple"},"acf":[],"_links":{"self":[{"href":"https:\/\/todocarritos.com\/de\/wp-json\/wp\/v2\/product\/2939","targetHints":{"allow":["GET"]}}],"collection":[{"href":"https:\/\/todocarritos.com\/de\/wp-json\/wp\/v2\/product"}],"about":[{"href":"https:\/\/todocarritos.com\/de\/wp-json\/wp\/v2\/types\/product"}],"replies":[{"embeddable":true,"href":"https:\/\/todocarritos.com\/de\/wp-json\/wp\/v2\/comments?post=2939"}],"wp:featuredmedia":[{"embeddable":true,"href":"https:\/\/todocarritos.com\/de\/wp-json\/wp\/v2\/media\/4037"}],"wp:attachment":[{"href":"https:\/\/todocarritos.com\/de\/wp-json\/wp\/v2\/media?parent=2939"}],"wp:term":[{"taxonomy":"product_brand","embeddable":true,"href":"https:\/\/todocarritos.com\/de\/wp-json\/wp\/v2\/product_brand?post=2939"},{"taxonomy":"product_cat","embeddable":true,"href":"https:\/\/todocarritos.com\/de\/wp-json\/wp\/v2\/product_cat?post=2939"}],"curies":[{"name":"wp","href":"https:\/\/api.w.org\/{rel}","templated":true}]}}