{"id":2938,"date":"2025-08-06T09:26:25","date_gmt":"2025-08-06T07:26:25","guid":{"rendered":"https:\/\/todocarritos.com\/?product=essential-suessigkeitenwagen"},"modified":"2025-08-06T09:26:25","modified_gmt":"2025-08-06T07:26:25","slug":"essential-suessigkeitenwagen","status":"publish","type":"product","link":"https:\/\/todocarritos.com\/de\/essential-suessigkeitenwagen","title":{"rendered":"Essential S\u00fc\u00dfigkeitenwagen"},"content":{"rendered":"","protected":false},"excerpt":{"rendered":"<p><strong>Ihr mobiler, einfacher und rentabler S\u00fc\u00dfigkeitenstand<\/strong>. Der S\u00fc\u00dfigkeitenwagen Essential vereint alles, was Sie f\u00fcr einen flexiblen und attraktiven Verkaufsstand f\u00fcr S\u00fc\u00dfigkeiten bei <em>Hochzeiten, Messen, Geburtstagen und Firmenveranstaltungen ben\u00f6tigen.<\/em><\/p>\n","protected":false},"featured_media":2593,"comment_status":"open","ping_status":"closed","template":"","meta":{"_acf_changed":false},"product_brand":[],"product_cat":[163,164,165,190,166,219,364,133],"class_list":{"0":"post-2938","1":"product","2":"type-product","3":"status-publish","4":"has-post-thumbnail","6":"product_cat-abendmahlswagen","7":"product_cat-geburtstags-trolleys","8":"product_cat-hochzeitstrolleys","9":"product_cat-lebensmittelwagen","10":"product_cat-partywagen-fur-kinder","11":"product_cat-sussigkeitswagen","12":"product_cat-sussigkeitenwagen","13":"product_cat-trolleys-fuer-veranstaltungen","15":"first","16":"instock","17":"taxable","18":"shipping-taxable","19":"product-type-simple"},"acf":[],"_links":{"self":[{"href":"https:\/\/todocarritos.com\/de\/wp-json\/wp\/v2\/product\/2938","targetHints":{"allow":["GET"]}}],"collection":[{"href":"https:\/\/todocarritos.com\/de\/wp-json\/wp\/v2\/product"}],"about":[{"href":"https:\/\/todocarritos.com\/de\/wp-json\/wp\/v2\/types\/product"}],"replies":[{"embeddable":true,"href":"https:\/\/todocarritos.com\/de\/wp-json\/wp\/v2\/comments?post=2938"}],"wp:featuredmedia":[{"embeddable":true,"href":"https:\/\/todocarritos.com\/de\/wp-json\/wp\/v2\/media\/2593"}],"wp:attachment":[{"href":"https:\/\/todocarritos.com\/de\/wp-json\/wp\/v2\/media?parent=2938"}],"wp:term":[{"taxonomy":"product_brand","embeddable":true,"href":"https:\/\/todocarritos.com\/de\/wp-json\/wp\/v2\/product_brand?post=2938"},{"taxonomy":"product_cat","embeddable":true,"href":"https:\/\/todocarritos.com\/de\/wp-json\/wp\/v2\/product_cat?post=2938"}],"curies":[{"name":"wp","href":"https:\/\/api.w.org\/{rel}","templated":true}]}}