{"id":2936,"date":"2025-08-06T09:27:50","date_gmt":"2025-08-06T07:27:50","guid":{"rendered":"https:\/\/todocarritos.com\/?product=deluxe-suessigkeitenwagen"},"modified":"2025-08-06T09:27:50","modified_gmt":"2025-08-06T07:27:50","slug":"deluxe-suessigkeitenwagen","status":"publish","type":"product","link":"https:\/\/todocarritos.com\/de\/deluxe-suessigkeitenwagen","title":{"rendered":"Deluxe-S\u00fc\u00dfigkeitenwagen"},"content":{"rendered":"","protected":false},"excerpt":{"rendered":"<p><strong>Die auff\u00e4lligste und rentabelste Art, S\u00fc\u00dfigkeiten bei Veranstaltungen zu verkaufen.<\/strong> Der Deluxe-S\u00fc\u00dfigkeitenwagen kombiniert eine hohe optische Wirkung, eine hygienische Arbeitsfl\u00e4che und professionelle Mobilit\u00e4t, um einen unwiderstehlichen Verkaufspunkt auf Hochzeiten, Messen und Feiern zu schaffen.<\/p>\n","protected":false},"featured_media":2583,"comment_status":"open","ping_status":"closed","template":"","meta":{"_acf_changed":false},"product_brand":[],"product_cat":[163,164,165,190,166,219,364,133],"class_list":{"0":"post-2936","1":"product","2":"type-product","3":"status-publish","4":"has-post-thumbnail","6":"product_cat-abendmahlswagen","7":"product_cat-geburtstags-trolleys","8":"product_cat-hochzeitstrolleys","9":"product_cat-lebensmittelwagen","10":"product_cat-partywagen-fur-kinder","11":"product_cat-sussigkeitswagen","12":"product_cat-sussigkeitenwagen","13":"product_cat-trolleys-fuer-veranstaltungen","15":"first","16":"instock","17":"taxable","18":"shipping-taxable","19":"product-type-simple"},"acf":[],"_links":{"self":[{"href":"https:\/\/todocarritos.com\/de\/wp-json\/wp\/v2\/product\/2936","targetHints":{"allow":["GET"]}}],"collection":[{"href":"https:\/\/todocarritos.com\/de\/wp-json\/wp\/v2\/product"}],"about":[{"href":"https:\/\/todocarritos.com\/de\/wp-json\/wp\/v2\/types\/product"}],"replies":[{"embeddable":true,"href":"https:\/\/todocarritos.com\/de\/wp-json\/wp\/v2\/comments?post=2936"}],"wp:featuredmedia":[{"embeddable":true,"href":"https:\/\/todocarritos.com\/de\/wp-json\/wp\/v2\/media\/2583"}],"wp:attachment":[{"href":"https:\/\/todocarritos.com\/de\/wp-json\/wp\/v2\/media?parent=2936"}],"wp:term":[{"taxonomy":"product_brand","embeddable":true,"href":"https:\/\/todocarritos.com\/de\/wp-json\/wp\/v2\/product_brand?post=2936"},{"taxonomy":"product_cat","embeddable":true,"href":"https:\/\/todocarritos.com\/de\/wp-json\/wp\/v2\/product_cat?post=2936"}],"curies":[{"name":"wp","href":"https:\/\/api.w.org\/{rel}","templated":true}]}}