{"id":2933,"date":"2025-08-06T10:00:43","date_gmt":"2025-08-06T08:00:43","guid":{"rendered":"https:\/\/todocarritos.com\/?product=deluxe-crepes-wagen"},"modified":"2025-09-29T08:19:24","modified_gmt":"2025-09-29T06:19:24","slug":"deluxe-kreppwagen","status":"publish","type":"product","link":"https:\/\/todocarritos.com\/de\/deluxe-kreppwagen","title":{"rendered":"Deluxe-Cr\u00eapes-Wagen"},"content":{"rendered":"","protected":false},"excerpt":{"rendered":"<p><strong>Verwandeln Sie jeden Raum in eine professionelle mobile Cr\u00eaperie.<\/strong> Der Cr\u00eapes-Wagen Deluxe bietet gute Sichtbarkeit, eine hygienische Arbeitsfl\u00e4che und sichere Mobilit\u00e4t f\u00fcr die Zubereitung und den Verkauf von Cr\u00eapes bei <em>Veranstaltungen, Messen und Caterings.<\/em><\/p>\n","protected":false},"featured_media":4027,"comment_status":"open","ping_status":"closed","template":"","meta":{"_acf_changed":false},"product_brand":[],"product_cat":[163,363,164,134,190,166,219,133],"class_list":{"0":"post-2933","1":"product","2":"type-product","3":"status-publish","4":"has-post-thumbnail","6":"product_cat-abendmahlswagen","7":"product_cat-crepe-wagen","8":"product_cat-geburtstags-trolleys","9":"product_cat-jahrmarktswagen","10":"product_cat-lebensmittelwagen","11":"product_cat-partywagen-fur-kinder","12":"product_cat-sussigkeitswagen","13":"product_cat-trolleys-fuer-veranstaltungen","15":"first","16":"instock","17":"taxable","18":"shipping-taxable","19":"product-type-simple"},"acf":[],"_links":{"self":[{"href":"https:\/\/todocarritos.com\/de\/wp-json\/wp\/v2\/product\/2933","targetHints":{"allow":["GET"]}}],"collection":[{"href":"https:\/\/todocarritos.com\/de\/wp-json\/wp\/v2\/product"}],"about":[{"href":"https:\/\/todocarritos.com\/de\/wp-json\/wp\/v2\/types\/product"}],"replies":[{"embeddable":true,"href":"https:\/\/todocarritos.com\/de\/wp-json\/wp\/v2\/comments?post=2933"}],"wp:featuredmedia":[{"embeddable":true,"href":"https:\/\/todocarritos.com\/de\/wp-json\/wp\/v2\/media\/4027"}],"wp:attachment":[{"href":"https:\/\/todocarritos.com\/de\/wp-json\/wp\/v2\/media?parent=2933"}],"wp:term":[{"taxonomy":"product_brand","embeddable":true,"href":"https:\/\/todocarritos.com\/de\/wp-json\/wp\/v2\/product_brand?post=2933"},{"taxonomy":"product_cat","embeddable":true,"href":"https:\/\/todocarritos.com\/de\/wp-json\/wp\/v2\/product_cat?post=2933"}],"curies":[{"name":"wp","href":"https:\/\/api.w.org\/{rel}","templated":true}]}}