{"id":2878,"date":"2025-08-06T10:05:26","date_gmt":"2025-08-06T08:05:26","guid":{"rendered":"https:\/\/todocarritos.com\/?product=deluxe-waffelwagen"},"modified":"2025-08-06T10:05:26","modified_gmt":"2025-08-06T08:05:26","slug":"deluxe-waffelwagen","status":"publish","type":"product","link":"https:\/\/todocarritos.com\/de\/deluxe-waffelwagen","title":{"rendered":"Deluxe-Waffelwagen"},"content":{"rendered":"","protected":false},"excerpt":{"rendered":"\n<p><strong>Verwandeln Sie jede Veranstaltung in einen mobilen Waffelstand mit gro\u00dfer Wirkung<\/strong>. Der Deluxe-Waffelwagen kombiniert Markenpr\u00e4senz, hygienische Oberfl\u00e4che und professionelle Mobilit\u00e4t, um <em>frisch zubereitete Waffeln auf Messen, Hochzeiten, in Hotels und beim Catering<\/em> zuzubereiten und zu servieren.<\/p>\n","protected":false},"featured_media":4052,"comment_status":"open","ping_status":"closed","template":"","meta":{"_acf_changed":false},"product_brand":[],"product_cat":[163,164,134,190,166,219,133,352],"class_list":{"0":"post-2878","1":"product","2":"type-product","3":"status-publish","4":"has-post-thumbnail","6":"product_cat-abendmahlswagen","7":"product_cat-geburtstags-trolleys","8":"product_cat-jahrmarktswagen","9":"product_cat-lebensmittelwagen","10":"product_cat-partywagen-fur-kinder","11":"product_cat-sussigkeitswagen","12":"product_cat-trolleys-fuer-veranstaltungen","13":"product_cat-waffelwagen","15":"first","16":"instock","17":"taxable","18":"shipping-taxable","19":"product-type-simple"},"acf":[],"_links":{"self":[{"href":"https:\/\/todocarritos.com\/de\/wp-json\/wp\/v2\/product\/2878","targetHints":{"allow":["GET"]}}],"collection":[{"href":"https:\/\/todocarritos.com\/de\/wp-json\/wp\/v2\/product"}],"about":[{"href":"https:\/\/todocarritos.com\/de\/wp-json\/wp\/v2\/types\/product"}],"replies":[{"embeddable":true,"href":"https:\/\/todocarritos.com\/de\/wp-json\/wp\/v2\/comments?post=2878"}],"wp:featuredmedia":[{"embeddable":true,"href":"https:\/\/todocarritos.com\/de\/wp-json\/wp\/v2\/media\/4052"}],"wp:attachment":[{"href":"https:\/\/todocarritos.com\/de\/wp-json\/wp\/v2\/media?parent=2878"}],"wp:term":[{"taxonomy":"product_brand","embeddable":true,"href":"https:\/\/todocarritos.com\/de\/wp-json\/wp\/v2\/product_brand?post=2878"},{"taxonomy":"product_cat","embeddable":true,"href":"https:\/\/todocarritos.com\/de\/wp-json\/wp\/v2\/product_cat?post=2878"}],"curies":[{"name":"wp","href":"https:\/\/api.w.org\/{rel}","templated":true}]}}