{"id":2728,"date":"2025-07-18T15:45:24","date_gmt":"2025-07-18T13:45:24","guid":{"rendered":"https:\/\/todocarritos.com\/?product=hotdog-wagen-essential"},"modified":"2026-02-10T04:12:46","modified_gmt":"2026-02-10T03:12:46","slug":"hotdog-essential-einkaufswagen","status":"publish","type":"product","link":"https:\/\/todocarritos.com\/de\/hotdog-essential-einkaufswagen","title":{"rendered":"HotDog Essential Einkaufswagen"},"content":{"rendered":"<h2 class=\"p1\" style=\"margin: 0px; font-size: 13px; line-height: normal; font-family: 'Helvetica Neue';\">MERKMALE UND SPEZIFIKATIONEN DES HOTDOG-WAGENS ESSENTIAL<\/h2>\n<h3 class=\"p1\" style=\"margin: 0px; font-size: 13px; line-height: normal; font-family: 'Helvetica Neue';\">VERWENDUNG:<\/h3>\n<p class=\"p1\" style=\"margin: 0px; font-size: 13px; line-height: normal; font-family: 'Helvetica Neue';\">Der <strong><span style=\"color: #00a695;\">Hotdog-Wagen Essential<\/span><\/strong> verf\u00fcgt \u00fcber einen lackierten Stahlrahmen mit zweikomponentiger Emaillelackierung, die dank H\u00e4rter besonders widerstandsf\u00e4hig und robust ist, und ist mit einer emaillierten Stahlplatte verkleidet.<\/p>\n<p class=\"p1\" style=\"margin: 0px; font-size: 13px; line-height: normal; font-family: 'Helvetica Neue';\">Die Edelstahl-Arbeitsplatte verf\u00fcgt \u00fcber ein eingebautes Bain-Marie mit drei Beh\u00e4ltern und einer Leistung von 1300 W.<\/p>\n<p class=\"p1\" style=\"margin: 0px; font-size: 13px; line-height: normal; font-family: 'Helvetica Neue';\">Das Dach ist vollst\u00e4ndig abnehmbar, was eine einfachere Lagerung erm\u00f6glicht, und sein System ist getestet, um Wind zu widerstehen. Der Stoff ist Canvas, und die Farboptionen umfassen die Grundfarben Wei\u00df und Schwarz oder wei\u00dfe Streifen in Gelb, Blau, Rot und Gr\u00fcn.<\/p>\n<h3 class=\"p1\" style=\"margin: 0px; font-size: 13px; line-height: normal; font-family: 'Helvetica Neue';\"><\/h3>\n<h3 class=\"p1\" style=\"margin: 0px; font-size: 13px; line-height: normal; font-family: 'Helvetica Neue';\">KOMPONENTEN:<\/h3>\n<ul>\n<li>Bain-Marie mit 3 GN-1\/3-Beh\u00e4ltern<\/li>\n<li>Edelstahl-Arbeitsplatte.<\/li>\n<li>Dach in einfarbigem Wei\u00df oder Schwarz oder gestreift.<\/li>\n<li>Frontbeschriftung mit einfachen Streifen.<\/li>\n<li>4 schwenkbare R\u00e4der mit Bremse als St\u00fctze.<\/li>\n<\/ul>\n<h3 class=\"p1\" style=\"margin: 0px; font-size: 13px; line-height: normal; font-family: 'Helvetica Neue';\">ABMESSUNGEN:<\/h3>\n<p class=\"p1\" style=\"margin: 0px; font-size: 13px; line-height: normal; font-family: 'Helvetica Neue';\">H\u00f6he: 220 cm<\/p>\n<p class=\"p1\" style=\"margin: 0px; font-size: 13px; line-height: normal; font-family: 'Helvetica Neue';\">Breite: 110 cm<\/p>\n<p class=\"p1\" style=\"margin: 0px; font-size: 13px; line-height: normal; font-family: 'Helvetica Neue';\">Tiefe: 70 cm<\/p>\n<p class=\"p1\" style=\"margin: 0px; font-size: 13px; line-height: normal; font-family: 'Helvetica Neue';\">Gewicht: ca. 50 kg<\/p>\n<p class=\"p1\" style=\"margin: 0px; font-size: 13px; line-height: normal; font-family: 'Helvetica Neue';\">Kaufen Sie jetzt den HOTDOG-WAGEN ESSENTIAL zu einem unschlagbaren Preis.<\/p>\n","protected":false},"excerpt":{"rendered":"<p><strong>HOTDOG-WAGEN ESSENTIAL MIT BAIN-MARIE + 3 BEH\u00c4LTERN. <\/strong><\/p>\n<p>Der <strong><span style=\"color: #00a695;\">Hotdog-Wagen<\/span><\/strong> wurde speziell entwickelt, um Veranstaltungen zu beleben, f\u00fcr Mitternachtssnacks bei Hochzeiten und anderen Events, sowie f\u00fcr Firmenfeiern. Er eignet sich auch f\u00fcr den Stra\u00dfenverkauf in belebten Gegenden, in Einkaufszentren in Gastronomiebereichen oder ausgewiesenen Verkaufsfl\u00e4chen.<br \/>\nMit einer minimalen Investition k\u00f6nnen Sie mit Ihrem <span style=\"color: #000000;\"><span style=\"color: #00a698;\"><strong>Hotdog-Wagen<\/strong><\/span><\/span> gro\u00dfe Gewinne erzielen.<\/p>\n<p class=\"p1\" style=\"margin: 0px; font-size: 13px; line-height: normal; font-family: 'Helvetica Neue';\">Starten Sie noch heute Ihr <strong><span style=\"color: #00a698;\">Hotdog<\/span><\/strong>-Stra\u00dfenverkaufsgesch\u00e4ft mit dem Essential-Wagen \u2013 mit minimaler Investition.<\/p>\n<p class=\"p1\" style=\"margin: 0px; font-size: 13px; line-height: normal; font-family: 'Helvetica Neue';\">\n","protected":false},"featured_media":6841,"comment_status":"open","ping_status":"closed","template":"","meta":{"_acf_changed":false},"product_brand":[],"product_cat":[208,191,190,340],"class_list":{"0":"post-2728","1":"product","2":"type-product","3":"status-publish","4":"has-post-thumbnail","6":"product_cat-hot-dog-wagen","7":"product_cat-kulinarik-wagen","8":"product_cat-lebensmittelwagen","9":"product_cat-vorraetige-wagen","11":"first","12":"instock","13":"taxable","14":"shipping-taxable","15":"product-type-variable"},"acf":[],"_links":{"self":[{"href":"https:\/\/todocarritos.com\/de\/wp-json\/wp\/v2\/product\/2728","targetHints":{"allow":["GET"]}}],"collection":[{"href":"https:\/\/todocarritos.com\/de\/wp-json\/wp\/v2\/product"}],"about":[{"href":"https:\/\/todocarritos.com\/de\/wp-json\/wp\/v2\/types\/product"}],"replies":[{"embeddable":true,"href":"https:\/\/todocarritos.com\/de\/wp-json\/wp\/v2\/comments?post=2728"}],"wp:featuredmedia":[{"embeddable":true,"href":"https:\/\/todocarritos.com\/de\/wp-json\/wp\/v2\/media\/6841"}],"wp:attachment":[{"href":"https:\/\/todocarritos.com\/de\/wp-json\/wp\/v2\/media?parent=2728"}],"wp:term":[{"taxonomy":"product_brand","embeddable":true,"href":"https:\/\/todocarritos.com\/de\/wp-json\/wp\/v2\/product_brand?post=2728"},{"taxonomy":"product_cat","embeddable":true,"href":"https:\/\/todocarritos.com\/de\/wp-json\/wp\/v2\/product_cat?post=2728"}],"curies":[{"name":"wp","href":"https:\/\/api.w.org\/{rel}","templated":true}]}}