{"id":2620,"date":"2025-07-18T15:11:58","date_gmt":"2025-07-18T13:11:58","guid":{"rendered":"https:\/\/todocarritos.com\/?product=transportkaefig-fuer-wagen"},"modified":"2025-09-29T08:51:18","modified_gmt":"2025-09-29T06:51:18","slug":"transportkaefig-fuer-karren","status":"publish","type":"product","link":"https:\/\/todocarritos.com\/de\/transportkaefig-fuer-karren","title":{"rendered":"Transportk\u00e4fig f\u00fcr Wagen"},"content":{"rendered":"","protected":false},"excerpt":{"rendered":"<p><strong>Sch\u00fctze deinen Wagen bei jedem Transport<\/strong>. Der ma\u00dfgefertigte <strong>Transportk\u00e4fig mit schwarz lackiertem Stahlrahmen<\/strong> und <strong>einer Spanplattenbasis mit wei\u00dfem<\/strong> Sperrholzbelag verhindert St\u00f6\u00dfe und Kratzer. Er verf\u00fcgt \u00fcber eine <strong>klappbare Rampe<\/strong> f\u00fcr einfaches Be- und Entladen <strong>sowie Transportrollen<\/strong> f\u00fcr m\u00fcheloses Bewegen.<\/p>\n","protected":false},"featured_media":1668,"comment_status":"open","ping_status":"closed","template":"","meta":{"_acf_changed":false},"product_brand":[],"product_cat":[270],"class_list":{"0":"post-2620","1":"product","2":"type-product","3":"status-publish","4":"has-post-thumbnail","6":"product_cat-zubehor","8":"first","9":"instock","10":"taxable","11":"shipping-taxable","12":"product-type-simple"},"acf":[],"_links":{"self":[{"href":"https:\/\/todocarritos.com\/de\/wp-json\/wp\/v2\/product\/2620","targetHints":{"allow":["GET"]}}],"collection":[{"href":"https:\/\/todocarritos.com\/de\/wp-json\/wp\/v2\/product"}],"about":[{"href":"https:\/\/todocarritos.com\/de\/wp-json\/wp\/v2\/types\/product"}],"replies":[{"embeddable":true,"href":"https:\/\/todocarritos.com\/de\/wp-json\/wp\/v2\/comments?post=2620"}],"wp:featuredmedia":[{"embeddable":true,"href":"https:\/\/todocarritos.com\/de\/wp-json\/wp\/v2\/media\/1668"}],"wp:attachment":[{"href":"https:\/\/todocarritos.com\/de\/wp-json\/wp\/v2\/media?parent=2620"}],"wp:term":[{"taxonomy":"product_brand","embeddable":true,"href":"https:\/\/todocarritos.com\/de\/wp-json\/wp\/v2\/product_brand?post=2620"},{"taxonomy":"product_cat","embeddable":true,"href":"https:\/\/todocarritos.com\/de\/wp-json\/wp\/v2\/product_cat?post=2620"}],"curies":[{"name":"wp","href":"https:\/\/api.w.org\/{rel}","templated":true}]}}