{"id":2616,"date":"2025-07-18T15:04:45","date_gmt":"2025-07-18T13:04:45","guid":{"rendered":"https:\/\/todocarritos.com\/?product=schwenkrolle-mit-bremse"},"modified":"2025-09-16T10:33:56","modified_gmt":"2025-09-16T08:33:56","slug":"lenkrolle-mit-bremse","status":"publish","type":"product","link":"https:\/\/todocarritos.com\/de\/lenkrolle-mit-bremse","title":{"rendered":"Schwenkrolle mit Bremse"},"content":{"rendered":"","protected":false},"excerpt":{"rendered":"<p><strong>360\u00b0-Beweglichkeit und sichere Arretierung in einem einzigen Bauteil<\/strong>. Die Schwenkrolle mit Bremse sorgt f\u00fcr volle <strong>Man\u00f6vrierf\u00e4higkeit<\/strong> und <strong>Stabilit\u00e4t <\/strong>bei Food- und Promotionwagen, von der Essential- bis zur Deluxe-Serie.<\/p>\n","protected":false},"featured_media":1664,"comment_status":"open","ping_status":"closed","template":"","meta":{"_acf_changed":false},"product_brand":[],"product_cat":[270],"class_list":{"0":"post-2616","1":"product","2":"type-product","3":"status-publish","4":"has-post-thumbnail","6":"product_cat-zubehor","8":"first","9":"instock","10":"taxable","11":"shipping-taxable","12":"product-type-simple"},"acf":[],"_links":{"self":[{"href":"https:\/\/todocarritos.com\/de\/wp-json\/wp\/v2\/product\/2616","targetHints":{"allow":["GET"]}}],"collection":[{"href":"https:\/\/todocarritos.com\/de\/wp-json\/wp\/v2\/product"}],"about":[{"href":"https:\/\/todocarritos.com\/de\/wp-json\/wp\/v2\/types\/product"}],"replies":[{"embeddable":true,"href":"https:\/\/todocarritos.com\/de\/wp-json\/wp\/v2\/comments?post=2616"}],"wp:featuredmedia":[{"embeddable":true,"href":"https:\/\/todocarritos.com\/de\/wp-json\/wp\/v2\/media\/1664"}],"wp:attachment":[{"href":"https:\/\/todocarritos.com\/de\/wp-json\/wp\/v2\/media?parent=2616"}],"wp:term":[{"taxonomy":"product_brand","embeddable":true,"href":"https:\/\/todocarritos.com\/de\/wp-json\/wp\/v2\/product_brand?post=2616"},{"taxonomy":"product_cat","embeddable":true,"href":"https:\/\/todocarritos.com\/de\/wp-json\/wp\/v2\/product_cat?post=2616"}],"curies":[{"name":"wp","href":"https:\/\/api.w.org\/{rel}","templated":true}]}}