{"id":2611,"date":"2025-07-18T15:01:08","date_gmt":"2025-07-18T13:01:08","guid":{"rendered":"https:\/\/todocarritos.com\/?product=horeca-svan-zyklischer-schwarzer-manueller-e84-kuehlschrank-mit-glastuer"},"modified":"2025-09-16T13:48:47","modified_gmt":"2025-09-16T11:48:47","slug":"80-l-kuhlschrank-mit-schwarzer-glastur","status":"publish","type":"product","link":"https:\/\/todocarritos.com\/de\/80-l-kuhlschrank-mit-schwarzer-glastur","title":{"rendered":"Horeca Svan Zyklischer Schwarzer Manueller E84 K\u00fchlschrank mit Glast\u00fcr"},"content":{"rendered":"","protected":false},"excerpt":{"rendered":"<p><strong>K\u00fchlt mehr, verbraucht weniger und pr\u00e4sentiert Ihr Produkt besser<\/strong>. Der Svan E84 K\u00fchlschrank mit <strong>80 L<\/strong> und <strong>Glast\u00fcr<\/strong> ist ideal f\u00fcr <em>Getr\u00e4nke- oder Saftwagen<\/em>: 3 Ebenen aus Edelstahl, niedriger <strong>Ger\u00e4uschpegel (41 dB)<\/strong> und <strong>A+\/E-Effizienz<\/strong> f\u00fcr einen schnellen und kosteneffizienten Service.<\/p>\n","protected":false},"featured_media":7364,"comment_status":"open","ping_status":"closed","template":"","meta":{"_acf_changed":false},"product_brand":[],"product_cat":[270],"class_list":{"0":"post-2611","1":"product","2":"type-product","3":"status-publish","4":"has-post-thumbnail","6":"product_cat-zubehor","8":"first","9":"outofstock","10":"taxable","11":"shipping-taxable","12":"product-type-simple"},"acf":[],"_links":{"self":[{"href":"https:\/\/todocarritos.com\/de\/wp-json\/wp\/v2\/product\/2611","targetHints":{"allow":["GET"]}}],"collection":[{"href":"https:\/\/todocarritos.com\/de\/wp-json\/wp\/v2\/product"}],"about":[{"href":"https:\/\/todocarritos.com\/de\/wp-json\/wp\/v2\/types\/product"}],"replies":[{"embeddable":true,"href":"https:\/\/todocarritos.com\/de\/wp-json\/wp\/v2\/comments?post=2611"}],"wp:featuredmedia":[{"embeddable":true,"href":"https:\/\/todocarritos.com\/de\/wp-json\/wp\/v2\/media\/7364"}],"wp:attachment":[{"href":"https:\/\/todocarritos.com\/de\/wp-json\/wp\/v2\/media?parent=2611"}],"wp:term":[{"taxonomy":"product_brand","embeddable":true,"href":"https:\/\/todocarritos.com\/de\/wp-json\/wp\/v2\/product_brand?post=2611"},{"taxonomy":"product_cat","embeddable":true,"href":"https:\/\/todocarritos.com\/de\/wp-json\/wp\/v2\/product_cat?post=2611"}],"curies":[{"name":"wp","href":"https:\/\/api.w.org\/{rel}","templated":true}]}}