{"id":2606,"date":"2025-07-18T14:46:39","date_gmt":"2025-07-18T12:46:39","guid":{"rendered":"https:\/\/todocarritos.com\/?product=popcornmaschine"},"modified":"2025-07-18T14:46:39","modified_gmt":"2025-07-18T12:46:39","slug":"popcornmaschine","status":"publish","type":"product","link":"https:\/\/todocarritos.com\/de\/popcornmaschine","title":{"rendered":"Popcornmaschine"},"content":{"rendered":"","protected":false},"excerpt":{"rendered":"\n<p><strong>Mehr Aroma, mehr Umsatz und null Aufwand<\/strong>. Popcornmaschine f\u00fcr den Tischgebrauch aus <strong>Edelstahl<\/strong> mit <strong>rotem Lackfinish<\/strong>, mit <strong>professioneller Kapazit\u00e4t von 5&nbsp;kg\/h<\/strong> (2&nbsp;Minuten-Zyklen) \u2013 perfekt f\u00fcr S\u00fc\u00dfwarenst\u00e4nde, Messen und Events.<\/p>\n","protected":false},"featured_media":1604,"comment_status":"open","ping_status":"closed","template":"","meta":{"_acf_changed":false},"product_brand":[],"product_cat":[270],"class_list":{"0":"post-2606","1":"product","2":"type-product","3":"status-publish","4":"has-post-thumbnail","6":"product_cat-zubehor","8":"first","9":"instock","10":"sale","11":"taxable","12":"shipping-taxable","13":"product-type-simple"},"acf":[],"_links":{"self":[{"href":"https:\/\/todocarritos.com\/de\/wp-json\/wp\/v2\/product\/2606","targetHints":{"allow":["GET"]}}],"collection":[{"href":"https:\/\/todocarritos.com\/de\/wp-json\/wp\/v2\/product"}],"about":[{"href":"https:\/\/todocarritos.com\/de\/wp-json\/wp\/v2\/types\/product"}],"replies":[{"embeddable":true,"href":"https:\/\/todocarritos.com\/de\/wp-json\/wp\/v2\/comments?post=2606"}],"wp:featuredmedia":[{"embeddable":true,"href":"https:\/\/todocarritos.com\/de\/wp-json\/wp\/v2\/media\/1604"}],"wp:attachment":[{"href":"https:\/\/todocarritos.com\/de\/wp-json\/wp\/v2\/media?parent=2606"}],"wp:term":[{"taxonomy":"product_brand","embeddable":true,"href":"https:\/\/todocarritos.com\/de\/wp-json\/wp\/v2\/product_brand?post=2606"},{"taxonomy":"product_cat","embeddable":true,"href":"https:\/\/todocarritos.com\/de\/wp-json\/wp\/v2\/product_cat?post=2606"}],"curies":[{"name":"wp","href":"https:\/\/api.w.org\/{rel}","templated":true}]}}