{"id":2572,"date":"2025-08-06T10:08:43","date_gmt":"2025-08-06T08:08:43","guid":{"rendered":"https:\/\/todocarritos.com\/?product=premium-eiscreme-wagen"},"modified":"2025-09-15T13:19:05","modified_gmt":"2025-09-15T11:19:05","slug":"premium-eiswagen","status":"publish","type":"product","link":"https:\/\/todocarritos.com\/de\/premium-eiswagen","title":{"rendered":"Premium-Eiswagen"},"content":{"rendered":"","protected":false},"excerpt":{"rendered":"<p><strong>Verwandeln Sie jeden Raum in eine attraktive und profitable Eisdiele.<\/strong> Der Premium-Eiswagen kombiniert Sichtbarkeit, K\u00e4ltekapazit\u00e4t und sichere Mobilit\u00e4t, um Eiscreme und Eis am Stiel mit einer tadellosen Pr\u00e4sentation auf Veranstaltungen, Messen und im Catering zu servieren.<\/p>\n","protected":false},"featured_media":4324,"comment_status":"open","ping_status":"closed","template":"","meta":{"_acf_changed":false},"product_brand":[],"product_cat":[163,224,164,190,166,219,133],"class_list":{"0":"post-2572","1":"product","2":"type-product","3":"status-publish","4":"has-post-thumbnail","6":"product_cat-abendmahlswagen","7":"product_cat-eiswagen","8":"product_cat-geburtstags-trolleys","9":"product_cat-lebensmittelwagen","10":"product_cat-partywagen-fur-kinder","11":"product_cat-sussigkeitswagen","12":"product_cat-trolleys-fuer-veranstaltungen","14":"first","15":"instock","16":"taxable","17":"shipping-taxable","18":"product-type-variable","19":"has-default-attributes"},"acf":[],"_links":{"self":[{"href":"https:\/\/todocarritos.com\/de\/wp-json\/wp\/v2\/product\/2572","targetHints":{"allow":["GET"]}}],"collection":[{"href":"https:\/\/todocarritos.com\/de\/wp-json\/wp\/v2\/product"}],"about":[{"href":"https:\/\/todocarritos.com\/de\/wp-json\/wp\/v2\/types\/product"}],"replies":[{"embeddable":true,"href":"https:\/\/todocarritos.com\/de\/wp-json\/wp\/v2\/comments?post=2572"}],"wp:featuredmedia":[{"embeddable":true,"href":"https:\/\/todocarritos.com\/de\/wp-json\/wp\/v2\/media\/4324"}],"wp:attachment":[{"href":"https:\/\/todocarritos.com\/de\/wp-json\/wp\/v2\/media?parent=2572"}],"wp:term":[{"taxonomy":"product_brand","embeddable":true,"href":"https:\/\/todocarritos.com\/de\/wp-json\/wp\/v2\/product_brand?post=2572"},{"taxonomy":"product_cat","embeddable":true,"href":"https:\/\/todocarritos.com\/de\/wp-json\/wp\/v2\/product_cat?post=2572"}],"curies":[{"name":"wp","href":"https:\/\/api.w.org\/{rel}","templated":true}]}}