{"id":2567,"date":"2025-08-06T10:09:07","date_gmt":"2025-08-06T08:09:07","guid":{"rendered":"https:\/\/todocarritos.com\/?product=deluxe-eiscreme-wagen"},"modified":"2025-09-15T13:07:02","modified_gmt":"2025-09-15T11:07:02","slug":"deluxe-eiswagen","status":"publish","type":"product","link":"https:\/\/todocarritos.com\/de\/deluxe-eiswagen","title":{"rendered":"Deluxe Eiswagen"},"content":{"rendered":"","protected":false},"excerpt":{"rendered":"<p><strong>Sorgen Sie daf\u00fcr, dass Ihre Eisdiele auf den ersten Blick auff\u00e4llt.<\/strong> Der Deluxe Ice Cream Trolley kombiniert professionelles Design, hohe K\u00fchlkapazit\u00e4t und sichere Mobilit\u00e4t, um Eiscreme und Eis am Stiel mit einer tadellosen Pr\u00e4sentation auf Veranstaltungen, Messen und im Catering zu verkaufen.<\/p>\n","protected":false},"featured_media":4062,"comment_status":"open","ping_status":"closed","template":"","meta":{"_acf_changed":false},"product_brand":[],"product_cat":[163,224,164,190,166,219,133],"class_list":{"0":"post-2567","1":"product","2":"type-product","3":"status-publish","4":"has-post-thumbnail","6":"product_cat-abendmahlswagen","7":"product_cat-eiswagen","8":"product_cat-geburtstags-trolleys","9":"product_cat-lebensmittelwagen","10":"product_cat-partywagen-fur-kinder","11":"product_cat-sussigkeitswagen","12":"product_cat-trolleys-fuer-veranstaltungen","14":"first","15":"instock","16":"taxable","17":"shipping-taxable","18":"product-type-variable"},"acf":[],"_links":{"self":[{"href":"https:\/\/todocarritos.com\/de\/wp-json\/wp\/v2\/product\/2567","targetHints":{"allow":["GET"]}}],"collection":[{"href":"https:\/\/todocarritos.com\/de\/wp-json\/wp\/v2\/product"}],"about":[{"href":"https:\/\/todocarritos.com\/de\/wp-json\/wp\/v2\/types\/product"}],"replies":[{"embeddable":true,"href":"https:\/\/todocarritos.com\/de\/wp-json\/wp\/v2\/comments?post=2567"}],"wp:featuredmedia":[{"embeddable":true,"href":"https:\/\/todocarritos.com\/de\/wp-json\/wp\/v2\/media\/4062"}],"wp:attachment":[{"href":"https:\/\/todocarritos.com\/de\/wp-json\/wp\/v2\/media?parent=2567"}],"wp:term":[{"taxonomy":"product_brand","embeddable":true,"href":"https:\/\/todocarritos.com\/de\/wp-json\/wp\/v2\/product_brand?post=2567"},{"taxonomy":"product_cat","embeddable":true,"href":"https:\/\/todocarritos.com\/de\/wp-json\/wp\/v2\/product_cat?post=2567"}],"curies":[{"name":"wp","href":"https:\/\/api.w.org\/{rel}","templated":true}]}}