{"id":2556,"date":"2025-08-06T10:11:34","date_gmt":"2025-08-06T08:11:34","guid":{"rendered":"https:\/\/todocarritos.com\/?product=deluxe-churros-trolley"},"modified":"2025-08-06T10:11:34","modified_gmt":"2025-08-06T08:11:34","slug":"deluxe-churros-trolley","status":"publish","type":"product","link":"https:\/\/todocarritos.com\/de\/deluxe-churros-trolley","title":{"rendered":"Deluxe Churros Trolley"},"content":{"rendered":"","protected":false},"excerpt":{"rendered":"\n<p><strong>Verwandeln Sie jeden Raum in einen professionellen mobilen Churro-Laden.<\/strong> Der Deluxe Churro Trolley bietet gute Sichtbarkeit, flexible Arbeitsabl\u00e4ufe und sichere Mobilit\u00e4t f\u00fcr den Verkauf frisch zubereiteter Churros auf <em>Veranstaltungen, Messen und im Catering<\/em>.<\/p>\n","protected":false},"featured_media":4007,"comment_status":"open","ping_status":"closed","template":"","meta":{"_acf_changed":false},"product_brand":[],"product_cat":[220,134,190,219,133],"class_list":{"0":"post-2556","1":"product","2":"type-product","3":"status-publish","4":"has-post-thumbnail","6":"product_cat-churros-und-spritzenwagen","7":"product_cat-jahrmarktswagen","8":"product_cat-lebensmittelwagen","9":"product_cat-sussigkeitswagen","10":"product_cat-trolleys-fuer-veranstaltungen","12":"first","13":"instock","14":"taxable","15":"shipping-taxable","16":"product-type-simple"},"acf":[],"_links":{"self":[{"href":"https:\/\/todocarritos.com\/de\/wp-json\/wp\/v2\/product\/2556","targetHints":{"allow":["GET"]}}],"collection":[{"href":"https:\/\/todocarritos.com\/de\/wp-json\/wp\/v2\/product"}],"about":[{"href":"https:\/\/todocarritos.com\/de\/wp-json\/wp\/v2\/types\/product"}],"replies":[{"embeddable":true,"href":"https:\/\/todocarritos.com\/de\/wp-json\/wp\/v2\/comments?post=2556"}],"wp:featuredmedia":[{"embeddable":true,"href":"https:\/\/todocarritos.com\/de\/wp-json\/wp\/v2\/media\/4007"}],"wp:attachment":[{"href":"https:\/\/todocarritos.com\/de\/wp-json\/wp\/v2\/media?parent=2556"}],"wp:term":[{"taxonomy":"product_brand","embeddable":true,"href":"https:\/\/todocarritos.com\/de\/wp-json\/wp\/v2\/product_brand?post=2556"},{"taxonomy":"product_cat","embeddable":true,"href":"https:\/\/todocarritos.com\/de\/wp-json\/wp\/v2\/product_cat?post=2556"}],"curies":[{"name":"wp","href":"https:\/\/api.w.org\/{rel}","templated":true}]}}