{"id":2523,"date":"2025-08-06T10:26:06","date_gmt":"2025-08-06T08:26:06","guid":{"rendered":"https:\/\/todocarritos.com\/?product=essential-pizza-trolley"},"modified":"2025-08-06T10:26:06","modified_gmt":"2025-08-06T08:26:06","slug":"essential-pizza-trolley","status":"publish","type":"product","link":"https:\/\/todocarritos.com\/de\/essential-pizza-trolley","title":{"rendered":"Essential Pizza Trolley"},"content":{"rendered":"","protected":false},"excerpt":{"rendered":"\n<p><strong>Errichten Sie Ihre mobile Pizzeria ohne gro\u00dfen Aufwand.<\/strong> Der Essential Pizza Trolley verf\u00fcgt \u00fcber alles, was Sie f\u00fcr die Zubereitung und das Servieren von Pizza auf Veranstaltungen, Terrassen und Messen ben\u00f6tigen: <strong>ein standardm\u00e4\u00dfiges farbiges Verdeck<\/strong>, eine <strong>wei\u00dfe oder Edelstahltheke<\/strong> und <strong>4 Schwenkr\u00e4der mit Bremsen<\/strong> f\u00fcr sichere Mobilit\u00e4t.<\/p>\n","protected":false},"featured_media":3922,"comment_status":"open","ping_status":"closed","template":"","meta":{"_acf_changed":false},"product_brand":[],"product_cat":[163,164,134,191,190,166,201,133],"class_list":{"0":"post-2523","1":"product","2":"type-product","3":"status-publish","4":"has-post-thumbnail","6":"product_cat-abendmahlswagen","7":"product_cat-geburtstags-trolleys","8":"product_cat-jahrmarktswagen","9":"product_cat-kulinarik-wagen","10":"product_cat-lebensmittelwagen","11":"product_cat-partywagen-fur-kinder","12":"product_cat-pizzawagen","13":"product_cat-trolleys-fuer-veranstaltungen","15":"first","16":"instock","17":"taxable","18":"shipping-taxable","19":"product-type-simple"},"acf":[],"_links":{"self":[{"href":"https:\/\/todocarritos.com\/de\/wp-json\/wp\/v2\/product\/2523","targetHints":{"allow":["GET"]}}],"collection":[{"href":"https:\/\/todocarritos.com\/de\/wp-json\/wp\/v2\/product"}],"about":[{"href":"https:\/\/todocarritos.com\/de\/wp-json\/wp\/v2\/types\/product"}],"replies":[{"embeddable":true,"href":"https:\/\/todocarritos.com\/de\/wp-json\/wp\/v2\/comments?post=2523"}],"wp:featuredmedia":[{"embeddable":true,"href":"https:\/\/todocarritos.com\/de\/wp-json\/wp\/v2\/media\/3922"}],"wp:attachment":[{"href":"https:\/\/todocarritos.com\/de\/wp-json\/wp\/v2\/media?parent=2523"}],"wp:term":[{"taxonomy":"product_brand","embeddable":true,"href":"https:\/\/todocarritos.com\/de\/wp-json\/wp\/v2\/product_brand?post=2523"},{"taxonomy":"product_cat","embeddable":true,"href":"https:\/\/todocarritos.com\/de\/wp-json\/wp\/v2\/product_cat?post=2523"}],"curies":[{"name":"wp","href":"https:\/\/api.w.org\/{rel}","templated":true}]}}